{"id":7081,"date":"2026-04-21T12:37:35","date_gmt":"2026-04-21T10:37:35","guid":{"rendered":"https:\/\/swissflute.ch\/?page_id=7081"},"modified":"2026-04-22T16:40:07","modified_gmt":"2026-04-22T14:40:07","slug":"repertoire","status":"publish","type":"page","link":"https:\/\/swissflute.ch\/it\/repertoire\/","title":{"rendered":"REPERTORIO DEL CONCORSO"},"content":{"rendered":"<p>[et_pb_section fb_built=&#8221;1&#8243; admin_label=&#8221;Header&#8221; _builder_version=&#8221;4.27.4&#8243; _module_preset=&#8221;cd403b88-73d1-495f-820e-eb665d8dddb5&#8243; background_color_gradient_stops=&#8221;gcid-d119accd-44d7-4f2f-b9d7-599c8463324b 0%|rgba(255,255,255,0) 63%|rgba(7,33,48,0.6) 100%|#072130 100%&#8221; background_image=&#8221;https:\/\/swissflute.ch\/wp-content\/uploads\/2025\/02\/non-profit-03.jpg&#8221; custom_padding=&#8221;0px|||||&#8221; locked=&#8221;off&#8221; collapsed=&#8221;on&#8221; global_colors_info=&#8221;{%22gcid-1f1bf5fb-a99d-4acc-8d9e-ddac074c158c%22:%91%22background_color_gradient_stops%22,%22background_color_gradient_stops%22%93,%22gcid-4c79ba3d-a281-4fb6-9b14-02f9a4c793f2%22:%91%22background_color_gradient_stops%22,%22background_color_gradient_stops%22%93,%22gcid-688c464a-d6f2-4296-b592-395352c71c79%22:%91%22background_color_gradient_stops%22,%22background_color_gradient_stops%22%93,%22gcid-d119accd-44d7-4f2f-b9d7-599c8463324b%22:%91%22background_color_gradient_stops%22,%22background_color_gradient_stops%22%93}&#8221;][et_pb_row _builder_version=&#8221;4.25.1&#8243; _module_preset=&#8221;default&#8221; locked=&#8221;off&#8221; global_colors_info=&#8221;{}&#8221;][et_pb_column type=&#8221;4_4&#8243; _builder_version=&#8221;4.25.1&#8243; _module_preset=&#8221;default&#8221; global_colors_info=&#8221;{}&#8221;][et_pb_heading title=&#8221;Repertorio 2026&#8243; admin_label=&#8221;avantages&#8221; module_id=&#8221;inscription concours 25&#8243; _builder_version=&#8221;4.27.6&#8243; _module_preset=&#8221;7db299f6-e73f-4d50-8f53-8124ad5db4cb&#8221; title_font=&#8221;||||||||&#8221; custom_margin=&#8221;||10px||false|false&#8221; custom_padding=&#8221;||24px|||&#8221; global_colors_info=&#8221;{}&#8221;][\/et_pb_heading][\/et_pb_column][\/et_pb_row][\/et_pb_section][et_pb_section fb_built=&#8221;1&#8243; _builder_version=&#8221;4.27.6&#8243; _module_preset=&#8221;default&#8221; global_colors_info=&#8221;{}&#8221; custom_padding=&#8221;9px||4px|||&#8221;][et_pb_row _builder_version=&#8221;4.27.6&#8243; _module_preset=&#8221;default&#8221; global_colors_info=&#8221;{}&#8221; custom_padding=&#8221;5px||6px|||&#8221;][et_pb_column type=&#8221;4_4&#8243; _builder_version=&#8221;4.27.6&#8243; _module_preset=&#8221;default&#8221; global_colors_info=&#8221;{}&#8221;][et_pb_icon font_icon=&#8221;&#xe03b;||divi||400&#8243; icon_color=&#8221;#E02B20&#8243; icon_width=&#8221;41px&#8221; align=&#8221;left&#8221; _builder_version=&#8221;4.27.6&#8243; _module_preset=&#8221;default&#8221; hover_enabled=&#8221;0&#8243; global_colors_info=&#8221;{}&#8221; theme_builder_area=&#8221;post_content&#8221; url=&#8221;https:\/\/swissflute.ch\/it\/competition\/&#8221; sticky_enabled=&#8221;0&#8243; custom_margin=&#8221;-2px|||||&#8221;][\/et_pb_icon][\/et_pb_column][\/et_pb_row][\/et_pb_section][et_pb_section fb_built=&#8221;1&#8243; admin_label=&#8221;Call to Action&#8221; _builder_version=&#8221;4.27.4&#8243; _module_preset=&#8221;3550502c-ee6b-45b6-adec-9ea2d78eb848&#8243; use_background_color_gradient=&#8221;on&#8221; background_color_gradient_type=&#8221;circular&#8221; background_color_gradient_direction_radial=&#8221;top left&#8221; background_color_gradient_stops=&#8221;gcid-2352d280-fe84-43b1-a71e-f400c35a526a 37%|rgba(255,255,255,0) 100%&#8221; background_color_gradient_overlays_image=&#8221;on&#8221; background_enable_image=&#8221;off&#8221; custom_padding=&#8221;||0px|||&#8221; collapsed=&#8221;on&#8221; global_colors_info=&#8221;{%22gcid-2352d280-fe84-43b1-a71e-f400c35a526a%22:%91%22background_color_gradient_stops%22%93}&#8221;][et_pb_row column_structure=&#8221;1_2,1_2&#8243; _builder_version=&#8221;4.27.4&#8243; _module_preset=&#8221;default&#8221; custom_padding=&#8221;||5px|||&#8221; global_colors_info=&#8221;{}&#8221;][et_pb_column type=&#8221;1_2&#8243; _builder_version=&#8221;4.27.4&#8243; _module_preset=&#8221;default&#8221; global_colors_info=&#8221;{}&#8221;][et_pb_icon font_icon=&#8221;&#xe07a;||divi||400&#8243; icon_color=&#8221;#e50b00&#8243; icon_width=&#8221;39px&#8221; _builder_version=&#8221;4.27.4&#8243; _module_preset=&#8221;default&#8221; global_colors_info=&#8221;{}&#8221;][\/et_pb_icon][et_pb_text _builder_version=&#8221;4.27.6&#8243; _module_preset=&#8221;default&#8221; global_colors_info=&#8221;{}&#8221;]<\/p>\n<h3 data-start=\"0\" data-end=\"197\"><span style=\"color: #ff0000;\">PARTITURA ORIGINALE<\/span><\/h3>\n<p data-start=\"0\" data-end=\"197\"><span style=\"color: #ff0000;\">Se la partitura non \u00e8 disponibile su IMSLP, \u00e8 obbligatorio utilizzare la partitura originale ordinata in precedenza.<\/span><\/p>\n<p data-start=\"199\" data-end=\"260\" data-is-last-node=\"\" data-is-only-node=\"\"><span style=\"color: #ff0000;\">Qualsiasi candidato che non rispetti questa regola sar\u00e0 squalificato.<\/span><\/p>\n<p data-start=\"199\" data-end=\"260\" data-is-last-node=\"\" data-is-only-node=\"\"><span style=\"color: #ff0000;\">Il concorso fornisce solo la partitura dei brani da memorizzare.<\/span><\/p>\n<p>&nbsp;<\/p>\n<p>[\/et_pb_text][\/et_pb_column][et_pb_column type=&#8221;1_2&#8243; _builder_version=&#8221;4.27.4&#8243; _module_preset=&#8221;default&#8221; global_colors_info=&#8221;{}&#8221;][et_pb_icon font_icon=&#8221;&#xe092;||divi||400&#8243; icon_color=&#8221;#e50b00&#8243; icon_width=&#8221;39px&#8221; url=&#8221;https:\/\/drive.google.com\/drive\/folders\/1QKjO9f0gM9NULYfitHzThbTo99JztUxh?usp=drive_link&#8221; url_new_window=&#8221;on&#8221; _builder_version=&#8221;4.27.6&#8243; _module_preset=&#8221;default&#8221; global_colors_info=&#8221;{}&#8221;][\/et_pb_icon][et_pb_text _builder_version=&#8221;4.27.6&#8243; _module_preset=&#8221;default&#8221; global_colors_info=&#8221;{}&#8221;]<\/p>\n<p data-start=\"0\" data-end=\"109\"><span style=\"color: #ff0000;\">Il brano da eseguire a memoria \u00e8 pubblicato dal concorso e la partitura viene fornita gratuitamente ai candidati.<\/span><\/p>\n<p data-start=\"111\" data-end=\"167\" data-is-last-node=\"\" data-is-only-node=\"\"><span style=\"color: #ff0000;\">T\u00e9l\u00e9chargement disponible en cliquant ci-dessus.<\/span><\/p>\n<p>[\/et_pb_text][\/et_pb_column][\/et_pb_row][\/et_pb_section][et_pb_section fb_built=&#8221;1&#8243; _builder_version=&#8221;4.27.6&#8243; _module_preset=&#8221;default&#8221; global_colors_info=&#8221;{}&#8221;][et_pb_row _builder_version=&#8221;4.27.6&#8243; _module_preset=&#8221;default&#8221; global_colors_info=&#8221;{}&#8221;][et_pb_column type=&#8221;4_4&#8243; _builder_version=&#8221;4.27.6&#8243; _module_preset=&#8221;default&#8221; global_colors_info=&#8221;{}&#8221;][et_pb_accordion _builder_version=&#8221;4.27.6&#8243; _module_preset=&#8221;default&#8221; custom_margin=&#8221;-13px|||||&#8221; global_colors_info=&#8221;{}&#8221;][et_pb_accordion_item title=&#8221;Categoria A1 &#8211; Esperti&#8221; open=&#8221;on&#8221; _builder_version=&#8221;4.27.6&#8243; _module_preset=&#8221;default&#8221; global_colors_info=&#8221;{}&#8221;]<\/p>\n<p>Candidati nati tra il 2 ottobre 2011 e il 1\u00b0 ottobre 2014 inclusi<br \/>Et\u00e0 12-14 anni<\/p>\n<p><strong>Livello medio-secondario<\/strong><\/p>\n<ol>\n<li>Wilhelm Popp &#8211; Gru\u00df aus Ungarn &#8211; disponible sur IMSLP<\/li>\n<li><span style=\"color: #ff0000;\"><strong>Da suonare a memoria:<\/strong> <\/span>Swallowtail jig &amp; The Irish washerwoman &#8211; flauto 2<\/li>\n<\/ol>\n<p>[\/et_pb_accordion_item][et_pb_accordion_item title=&#8221;Categoria A2 &#8211; Emeriti&#8221; _builder_version=&#8221;4.27.6&#8243; _module_preset=&#8221;default&#8221; global_colors_info=&#8221;{}&#8221; open=&#8221;off&#8221;]<\/p>\n<p>Candidati nati tra il 2 ottobre 2008 e il 1\u00b0 ottobre 2011 inclusi<br \/>Et\u00e0 15-17 anni<\/p>\n<p><strong>Livello secondario superiore \u2013 certificato<\/strong><\/p>\n<ol>\n<li>Eug\u00e8ne Bozza &#8211; Soir d&#8217;\u00e9t\u00e9 dans les montagnes &#8211; Edizione Alphonse Leduc<\/li>\n<li><span style=\"color: #ff0000;\"><strong>Da suonare a memoria:<\/strong> <\/span>Swallowtail jig &amp; The Irish washerwoman &#8211; flauto 1<\/li>\n<\/ol>\n<p>[\/et_pb_accordion_item][et_pb_accordion_item title=&#8221;Categoria A3 &#8211; Aspiranti&#8221; _builder_version=&#8221;4.27.6&#8243; _module_preset=&#8221;default&#8221; global_colors_info=&#8221;{}&#8221; open=&#8221;off&#8221;]<\/p>\n<p>Candidati nati tra il 2 ottobre 2005 e il 1\u00b0 ottobre 2011 inclusi<br \/>Et\u00e0 15-20 anni<\/p>\n<p><strong>Livello pre-professionale<\/strong><\/p>\n<ol>\n<li>Cl\u00e9mence de Grandval &#8211; Suite pour fl\u00fbte et piano (pr\u00e9lude e final) &#8211; Disponibile su IMSLP<\/li>\n<li><span style=\"color: #ff0000;\"><strong>Da suonare a memoria:<\/strong> <\/span>Swallowtail jig &amp; The Irish washerwoman &#8211; flauto 1 <\/li>\n<\/ol>\n<p>[\/et_pb_accordion_item][et_pb_accordion_item title=&#8221;Categoria B1 &#8211; Largo&#8221; _builder_version=&#8221;4.27.6&#8243; _module_preset=&#8221;default&#8221; global_colors_info=&#8221;{}&#8221; open=&#8221;off&#8221;]<\/p>\n<p>Candidati nati tra il 2 ottobre 2005 e il 1\u00b0 ottobre 2021 inclusi<\/p>\n<p>Et\u00e0 massima: 20 anni<\/p>\n<p><strong>Livello preparatorio<\/strong><\/p>\n<ol>\n<li><span style=\"color: #ff0000;\"><strong>Da suonare a memoria:<\/strong> <\/span>Eric Ledeuil &#8211; Americas, Une Perruche au P\u00e9rou &#8211; Edition Billaudot, r\u00e9f\u00e9rence <span class=\"soustitrefiche\"><span>GB10516<\/span><\/span> <\/li>\n<\/ol>\n<p>[\/et_pb_accordion_item][et_pb_accordion_item title=&#8221;Categoria B2 &#8211; Adagio&#8221; _builder_version=&#8221;4.27.6&#8243; _module_preset=&#8221;default&#8221; global_colors_info=&#8221;{}&#8221; open=&#8221;off&#8221;]<\/p>\n<p>Candidati nati tra il 2 ottobre 2005 e il 1\u00b0 ottobre 2021 inclusi<\/p>\n<p>Et\u00e0 massima: 20 anni<\/p>\n<p><strong>Livello elementare iniziale<\/strong><\/p>\n<ol>\n<li>Jean-Marc Serre &#8211; Galop &#8211; edizioni Henri Lemoine, referenza RM5823<\/li>\n<li><span style=\"color: #ff0000;\"><strong>A scelta da eseguire a memoria<\/strong><\/span><span style=\"color: #ff0000;\"><strong>:<\/strong> <\/span><span style=\"color: #ff0000;\"><strong>:<\/strong> <strong>1)<\/strong><\/span> Talijanska &#8211; flauto 2 <strong>o<\/strong> <strong><span style=\"color: #ff0000;\">2)<\/span><\/strong> Eric Ledeuil &#8211; Americas, Une Perruche au P\u00e9rou<\/li>\n<\/ol>\n<p>&nbsp;<\/p>\n<p>[\/et_pb_accordion_item][et_pb_accordion_item title=&#8221;Categoria B3 &#8211; Andante&#8221; _builder_version=&#8221;4.27.6&#8243; _module_preset=&#8221;default&#8221; global_colors_info=&#8221;{}&#8221; open=&#8221;off&#8221;]<\/p>\n<p>Candidati nati tra il 2 ottobre 2005 e il 1\u00b0 ottobre 2021 inclusi<\/p>\n<p>Et\u00e0 massima: 20 anni<\/p>\n<p><strong>Livello elementare finale<\/strong><\/p>\n<ol>\n<li>Marie-Agn\u00e8s Sauvignet &#8211; Les Trap\u00e9zistes &#8211; \u00e9ditions Henri Lemoine, referenza RM3826<\/li>\n<li><span style=\"color: #ff0000;\"><strong>Da suonare a memoria:<\/strong> <\/span>Talijanska &#8211; flauto 1 <\/li>\n<\/ol>\n<p>[\/et_pb_accordion_item][et_pb_accordion_item title=&#8221;Categoria B4 &#8211; Moderato&#8221; _builder_version=&#8221;4.27.6&#8243; _module_preset=&#8221;default&#8221; global_colors_info=&#8221;{}&#8221; open=&#8221;off&#8221;]<\/p>\n<p>Candidati nati tra il 2 ottobre 2005 e il 1\u00b0 ottobre 2021 inclusi<\/p>\n<p>Et\u00e0 massima: 20 anni<\/p>\n<p><strong>Livello Intermedio<\/strong><\/p>\n<ol>\n<li>Pascal Proust &#8211; Un dimanche \u00e0 Sch\u00f6nbrunn &#8211; Edizioni Henri Lemoine, Referenza RM4420<\/li>\n<li><span style=\"color: #ff0000;\"><strong>Da suonare a memoria:<\/strong> <\/span>Talijanska &#8211; <span style=\"color: #ff0000;\"><strong>flauto 1 o 2 a schelta<\/strong><\/span> <\/li>\n<\/ol>\n<p>[\/et_pb_accordion_item][et_pb_accordion_item title=&#8221;Categoria B5 &#8211; Allegretto&#8221; _builder_version=&#8221;4.27.6&#8243; _module_preset=&#8221;default&#8221; global_colors_info=&#8221;{}&#8221; open=&#8221;off&#8221;]<\/p>\n<p>Candidati nati tra il 2 ottobre 2005 e il 1\u00b0 ottobre 2021 inclusi<\/p>\n<p>Et\u00e0 massima: 20 anni<\/p>\n<p><strong>Livello secondario iniziale<\/strong><\/p>\n<ol>\n<li>Ernesto K\u00f6hler &#8211; Danse des Pierrots op 88 no 4 &#8211; Disponibile su IMSLP<\/li>\n<li><span style=\"color: #ff0000;\"><strong>Da suonare a memoria:<\/strong> <\/span>Talijanska &#8211; flauto 2 <\/li>\n<\/ol>\n<p>[\/et_pb_accordion_item][et_pb_accordion_item title=&#8221;Categoria B6 &#8211; Allegro&#8221; _builder_version=&#8221;4.27.6&#8243; _module_preset=&#8221;default&#8221; global_colors_info=&#8221;{}&#8221; open=&#8221;off&#8221;]<\/p>\n<p>Candidati nati tra il 2 ottobre 2005 e il 1\u00b0 ottobre 2021 inclusi<\/p>\n<p>Et\u00e0 massima: 20 anni<\/p>\n<p><strong>Livello secondario finale<\/strong><\/p>\n<p>&nbsp;<\/p>\n<ol>\n<li>Arthur Foote &#8211; Aubade villageoise &#8211; Disponibile su IMSLP<\/li>\n<li><span style=\"color: #ff0000;\"><strong>Da suonare a memoria:<\/strong> <\/span>Swallowtail jig &amp; The Irish washerwoman &#8211; fl\u00fbte 2 <\/li>\n<\/ol>\n<p>[\/et_pb_accordion_item][et_pb_accordion_item title=&#8221;Categoria B7 &#8211; Presto&#8221; _builder_version=&#8221;4.27.6&#8243; _module_preset=&#8221;default&#8221; global_colors_info=&#8221;{}&#8221; open=&#8221;off&#8221;]<\/p>\n<p>Candidati nati tra il 2 ottobre 2005 e il 1\u00b0 ottobre 2021 inclusi<\/p>\n<p>Et\u00e0 massima: 20 anni<\/p>\n<p><strong>Livello secondario superiore e certificato<\/strong><\/p>\n<ol>\n<li>Claude Arrieu &#8211; Sonatine pour fl\u00fbte et piano &#8211; edizione Durand, Referenza <span class=\"soustitrefiche\">DF01692700<\/span><\/li>\n<li><span style=\"color: #ff0000;\"><strong>Da suonare a memoria:<\/strong> <\/span>Swallowtail jig &amp; The Irish washerwoman &#8211; flauto 1<\/li>\n<\/ol>\n<p>[\/et_pb_accordion_item][et_pb_accordion_item title=&#8221;Categoria C1 &#8211; Elfi&#8221; _builder_version=&#8221;4.27.6&#8243; _module_preset=&#8221;default&#8221; global_colors_info=&#8221;{}&#8221; open=&#8221;off&#8221;]<\/p>\n<p>Candidati nati tra il 2 ottobre 2005 e il 1\u00b0 ottobre 2021 inclusi<\/p>\n<p>Ensemble di 2 o pi\u00f9 musicisti, senza direttore<\/p>\n<p>Livello Elementare &#8211; max 4 minuti:<\/p>\n<ul>\n<li>2 pezzi di stili diversi<\/li>\n<li>Livello elementare<\/li>\n<li>Massimo 4 minuti<\/li>\n<\/ul>\n<p>[\/et_pb_accordion_item][et_pb_accordion_item title=&#8221;Categoria C2 &#8211; Farfadets&#8221; _builder_version=&#8221;4.27.6&#8243; _module_preset=&#8221;default&#8221; global_colors_info=&#8221;{}&#8221; open=&#8221;off&#8221;]<\/p>\n<p>Candidati nati tra il 2 ottobre 2005 e il 1\u00b0 ottobre 2021 inclusi<\/p>\n<p>Ensemble di 2 o pi\u00f9 musicisti, senza direttore<\/p>\n<p>Livello intermedio &#8211; Max 6 minuti:<\/p>\n<ul>\n<li>2 pezzi di stili diversi<\/li>\n<li>Livello intermedio<\/li>\n<li>Massimo 6 minuti<\/li>\n<\/ul>\n<p>[\/et_pb_accordion_item][et_pb_accordion_item title=&#8221;Categoria C3 &#8211; Incantatori&#8221; _builder_version=&#8221;4.27.6&#8243; _module_preset=&#8221;default&#8221; global_colors_info=&#8221;{}&#8221; open=&#8221;off&#8221;]<\/p>\n<p>Candidati nati tra il 2 ottobre 2005 e il 1\u00b0 ottobre 2021 inclusi<\/p>\n<p>Ensemble di 2 o pi\u00f9 musicisti, senza direttore<\/p>\n<p>Livello secondario fino a superiore \u2013 max 8 minuti<\/p>\n<ul>\n<li>2 pezzi di stili diversi<\/li>\n<li>Livello intermedio<\/li>\n<li>Massimo 8 minuti<\/li>\n<\/ul>\n<p>[\/et_pb_accordion_item][et_pb_accordion_item title=&#8221;Categoria D1 &#8211; Minuetto&#8221; _builder_version=&#8221;4.27.6&#8243; _module_preset=&#8221;default&#8221; global_colors_info=&#8221;{}&#8221; open=&#8221;off&#8221;]<\/p>\n<p>Candidati nati tra il 2 ottobre 2000 e il 1 ottobre 2021 compreso<\/p>\n<p>Et\u00e0 massima: 25 anni<\/p>\n<p><strong>Niveau \u00e9l\u00e9mentaire<\/strong><\/p>\n<ul>\n<li><span style=\"font-size: 10pt; font-family: Arial; font-style: normal;\" data-sheets-root=\"1\">Jacques Hotteterre &#8211; Suite 4, Air Le fleuri (dalla Suite n. 4 del Premier Livre de Pieces Pour la Fl\u00fbte-traversi\u00e8re, et autres Instruments, Avec la Basse, nuova edizione, pubblicata a Parigi, 1708) di Jacques Hotteterre &#8211; Disponibile in La fl\u00fbte classique, collezione 3, edizioni M. Combre<\/span><\/li>\n<\/ul>\n<p>[\/et_pb_accordion_item][et_pb_accordion_item title=&#8221;Categoria D2 &#8211; Gavotta&#8221; _builder_version=&#8221;4.27.6&#8243; _module_preset=&#8221;default&#8221; global_colors_info=&#8221;{}&#8221; open=&#8221;off&#8221;]<\/p>\n<p>Candidati nati tra il 2 ottobre 2000 e il 1 ottobre 2021 compreso<\/p>\n<p>Et\u00e0 massima: 25 anni<\/p>\n<p><strong>Livello Intermedio<\/strong><\/p>\n<ul>\n<li>Anna Amalie von Preu\u00dfen &#8211; sonata in Fa maggiore (2\u00b0 movimento, allegretto) &#8211; disponibile su imslp<\/li>\n<\/ul>\n<p>[\/et_pb_accordion_item][et_pb_accordion_item title=&#8221;Categoria D3 &#8211; Jiga&#8221; _builder_version=&#8221;4.27.6&#8243; _module_preset=&#8221;default&#8221; global_colors_info=&#8221;{}&#8221; open=&#8221;off&#8221;]<\/p>\n<p>Candidati nati tra il 2 ottobre 2000 e il 1 ottobre 2021 compreso<\/p>\n<p>Et\u00e0 massima: 25 anni<\/p>\n<p><strong>Livello secondario fino al certificato<\/strong><\/p>\n<ul>\n<li>A. Corelli &#8211; Sonata Op. 5 n. 4 (primo e secondo movimento) &#8211; disponibile su IMSLP <\/li>\n<\/ul>\n<p>[\/et_pb_accordion_item][et_pb_accordion_item title=&#8221;Categoria E &#8211; Suono la mia musica&#8221; _builder_version=&#8221;4.27.6&#8243; _module_preset=&#8221;default&#8221; global_colors_info=&#8221;{}&#8221; open=&#8221;off&#8221;]<\/p>\n<p>Candidati nati tra il 2 ottobre 2005 e il 1\u00b0 ottobre 2021 inclusi<\/p>\n<p>Et\u00e0 massima: 20 anni<\/p>\n<p>Durata massima della composizione: 4 minuti<\/p>\n<ul>\n<li>Brano composto dal candidato<\/li>\n<li>Solista o ensemble<\/li>\n<li>Pu\u00f2 essere aggiunto alle categorie A-B-C o presentato solo nella categoria E<\/li>\n<\/ul>\n<p>[\/et_pb_accordion_item][\/et_pb_accordion][\/et_pb_column][\/et_pb_row][\/et_pb_section]<\/p>\n","protected":false},"excerpt":{"rendered":"<p>PARTITURA ORIGINALE Se la partitura non \u00e8 disponibile su IMSLP, \u00e8 obbligatorio utilizzare la partitura originale ordinata in precedenza. Qualsiasi candidato che non rispetti questa regola sar\u00e0 squalificato. Il concorso [&hellip;]<\/p>\n","protected":false},"author":2,"featured_media":3276,"parent":0,"menu_order":0,"comment_status":"closed","ping_status":"closed","template":"","meta":{"_et_pb_use_builder":"on","_et_pb_old_content":"","_et_gb_content_width":"","_price":"","_stock":"","_tribe_ticket_header":"","_tribe_default_ticket_provider":"","_tribe_ticket_capacity":"0","_ticket_start_date":"","_ticket_end_date":"","_tribe_ticket_show_description":"","_tribe_ticket_show_not_going":false,"_tribe_ticket_use_global_stock":"","_tribe_ticket_global_stock_level":"","_global_stock_mode":"","_global_stock_cap":"","_tribe_rsvp_for_event":"","_tribe_ticket_going_count":"","_tribe_ticket_not_going_count":"","_tribe_tickets_list":"[]","_tribe_ticket_has_attendee_info_fields":false,"footnotes":"","_tec_slr_enabled":"","_tec_slr_layout":""},"class_list":["post-7081","page","type-page","status-publish","has-post-thumbnail","hentry"],"ticketed":false,"_links":{"self":[{"href":"https:\/\/swissflute.ch\/it\/wp-json\/wp\/v2\/pages\/7081","targetHints":{"allow":["GET"]}}],"collection":[{"href":"https:\/\/swissflute.ch\/it\/wp-json\/wp\/v2\/pages"}],"about":[{"href":"https:\/\/swissflute.ch\/it\/wp-json\/wp\/v2\/types\/page"}],"author":[{"embeddable":true,"href":"https:\/\/swissflute.ch\/it\/wp-json\/wp\/v2\/users\/2"}],"replies":[{"embeddable":true,"href":"https:\/\/swissflute.ch\/it\/wp-json\/wp\/v2\/comments?post=7081"}],"version-history":[{"count":9,"href":"https:\/\/swissflute.ch\/it\/wp-json\/wp\/v2\/pages\/7081\/revisions"}],"predecessor-version":[{"id":7265,"href":"https:\/\/swissflute.ch\/it\/wp-json\/wp\/v2\/pages\/7081\/revisions\/7265"}],"wp:featuredmedia":[{"embeddable":true,"href":"https:\/\/swissflute.ch\/it\/wp-json\/wp\/v2\/media\/3276"}],"wp:attachment":[{"href":"https:\/\/swissflute.ch\/it\/wp-json\/wp\/v2\/media?parent=7081"}],"curies":[{"name":"wp","href":"https:\/\/api.w.org\/{rel}","templated":true}]}}