{"id":654,"date":"2017-02-23T12:36:50","date_gmt":"2017-02-23T11:36:50","guid":{"rendered":"https:\/\/swissflute.ch\/concorso\/"},"modified":"2024-06-30T11:45:44","modified_gmt":"2024-06-30T09:45:44","slug":"concorso","status":"publish","type":"page","link":"https:\/\/swissflute.ch\/it\/concorso\/","title":{"rendered":"CONCORSO"},"content":{"rendered":"<p>[et_pb_section fb_built=&#8221;1&#8243; fullwidth=&#8221;on&#8221; admin_label=&#8221;Section&#8221; _builder_version=&#8221;4.24.3&#8243; background_image=&#8221;http:\/\/6h0nsbiciq.preview.infomaniak.website\/wp-content\/uploads\/2024\/04\/CONCOURS-2022_2.jpg&#8221; parallax=&#8221;on&#8221; parallax_method=&#8221;off&#8221; custom_padding=&#8221;0px|0px|0px|0px&#8221; global_colors_info=&#8221;{}&#8221;][et_pb_fullwidth_header title=&#8221;CONCORSO FLUTE GAM(M)ES&#8221; text_orientation=&#8221;right&#8221; header_fullscreen=&#8221;on&#8221; header_scroll_down=&#8221;on&#8221; content_max_width=&#8221;none&#8221; disabled_on=&#8221;off|off|off&#8221; admin_label=&#8221;Fullwidth Header&#8221; _builder_version=&#8221;4.24.3&#8243; background_color=&#8221;rgba(255, 255, 255, 0)&#8221; button_one_letter_spacing_hover=&#8221;0&#8243; button_two_letter_spacing_hover=&#8221;0&#8243; global_colors_info=&#8221;{}&#8221; button_one_text_size__hover_enabled=&#8221;off&#8221; button_two_text_size__hover_enabled=&#8221;off&#8221; button_one_text_color__hover_enabled=&#8221;off&#8221; button_two_text_color__hover_enabled=&#8221;off&#8221; button_one_border_width__hover_enabled=&#8221;off&#8221; button_two_border_width__hover_enabled=&#8221;off&#8221; button_one_border_color__hover_enabled=&#8221;off&#8221; button_two_border_color__hover_enabled=&#8221;off&#8221; button_one_border_radius__hover_enabled=&#8221;off&#8221; button_two_border_radius__hover_enabled=&#8221;off&#8221; button_one_letter_spacing__hover_enabled=&#8221;on&#8221; button_one_letter_spacing__hover=&#8221;0&#8243; button_two_letter_spacing__hover_enabled=&#8221;on&#8221; button_two_letter_spacing__hover=&#8221;0&#8243; button_one_bg_color__hover_enabled=&#8221;off&#8221; button_two_bg_color__hover_enabled=&#8221;off&#8221;][\/et_pb_fullwidth_header][\/et_pb_section][et_pb_section fb_built=&#8221;1&#8243; admin_label=&#8221;section&#8221; module_id=&#8221;aboutme&#8221; _builder_version=&#8221;4.16&#8243; background_color=&#8221;#fafafa&#8221; custom_padding=&#8221;0px|0px|0px|0px&#8221; transparent_background=&#8221;off&#8221; make_fullwidth=&#8221;off&#8221; use_custom_width=&#8221;off&#8221; width_unit=&#8221;off&#8221; custom_width_px=&#8221;1080px&#8221; custom_width_percent=&#8221;80%&#8221; global_colors_info=&#8221;{}&#8221;][et_pb_row column_structure=&#8221;2_5,3_5&#8243; use_custom_gutter=&#8221;on&#8221; gutter_width=&#8221;1&#8243; admin_label=&#8221;row&#8221; _builder_version=&#8221;4.16&#8243; background_size=&#8221;initial&#8221; background_position=&#8221;top_left&#8221; background_repeat=&#8221;repeat&#8221; custom_margin_tablet=&#8221;&#8221; custom_margin_phone=&#8221;&#8221; custom_margin_last_edited=&#8221;on|desktop&#8221; custom_padding=&#8221;100px|0px|17px|0px||&#8221; make_fullwidth=&#8221;off&#8221; use_custom_width=&#8221;on&#8221; width_unit=&#8221;on&#8221; custom_width_px=&#8221;1080px&#8221; custom_width_percent=&#8221;41%&#8221; global_colors_info=&#8221;{}&#8221;][et_pb_column type=&#8221;2_5&#8243; _builder_version=&#8221;4.25.0&#8243; _module_preset=&#8221;default&#8221; global_colors_info=&#8221;{}&#8221;][et_pb_image src=&#8221;http:\/\/swissflute.ch\/wp-content\/uploads\/2024\/04\/02.2022.10.06.Flute-Festival.Jury-concours.-005-scaled.jpg&#8221; title_text=&#8221;02.2022.10.06.Flu\u0302te Festival.Jury concours. 005&#8243; align_tablet=&#8221;center&#8221; align_phone=&#8221;center&#8221; align_last_edited=&#8221;on|desktop&#8221; admin_label=&#8221;Image&#8221; _builder_version=&#8221;4.25.0&#8243; custom_padding=&#8221;||0px|||&#8221; animation_style=&#8221;slide&#8221; animation_direction=&#8221;top&#8221; animation_duration=&#8221;500ms&#8221; animation_intensity_slide=&#8221;10%&#8221; animation=&#8221;top&#8221; sticky=&#8221;off&#8221; border_style=&#8221;solid&#8221; always_center_on_mobile=&#8221;on&#8221; global_colors_info=&#8221;{}&#8221;][\/et_pb_image][et_pb_image src=&#8221;http:\/\/swissflute.ch\/wp-content\/uploads\/2024\/04\/Concours1\u00a9Dominique-Blanchard-scaled.jpg&#8221; title_text=&#8221;Concours1\u00a9Dominique Blanchard&#8221; align_tablet=&#8221;center&#8221; align_phone=&#8221;center&#8221; align_last_edited=&#8221;on|desktop&#8221; admin_label=&#8221;Image&#8221; _builder_version=&#8221;4.25.0&#8243; animation_style=&#8221;slide&#8221; animation_direction=&#8221;left&#8221; animation_duration=&#8221;500ms&#8221; animation_intensity_slide=&#8221;10%&#8221; sticky=&#8221;off&#8221; border_style=&#8221;solid&#8221; always_center_on_mobile=&#8221;on&#8221; global_colors_info=&#8221;{}&#8221;][\/et_pb_image][et_pb_image src=&#8221;http:\/\/swissflute.ch\/wp-content\/uploads\/2024\/04\/2023_\u00a9Esther-Mahmoudi_jeunes-participants-au-concours-scaled.jpg&#8221; title_text=&#8221;2023_\u00a9Esther Mahmoudi_jeunes participants au concours&#8221; align_tablet=&#8221;center&#8221; align_phone=&#8221;center&#8221; align_last_edited=&#8221;on|desktop&#8221; admin_label=&#8221;Image&#8221; _builder_version=&#8221;4.25.0&#8243; animation_style=&#8221;slide&#8221; animation_direction=&#8221;left&#8221; animation_duration=&#8221;500ms&#8221; animation_intensity_slide=&#8221;10%&#8221; sticky=&#8221;off&#8221; border_style=&#8221;solid&#8221; always_center_on_mobile=&#8221;on&#8221; global_colors_info=&#8221;{}&#8221;][\/et_pb_image][et_pb_image src=&#8221;http:\/\/swissflute.ch\/wp-content\/uploads\/2024\/04\/T7A6886.jpg&#8221; title_text=&#8221;La C\u00f4te Fl\u00fbte Festival&#8221; align_tablet=&#8221;center&#8221; align_phone=&#8221;center&#8221; align_last_edited=&#8221;on|desktop&#8221; admin_label=&#8221;Image&#8221; _builder_version=&#8221;4.25.0&#8243; min_height=&#8221;142px&#8221; custom_margin=&#8221;-4px|||||&#8221; animation_style=&#8221;slide&#8221; animation_direction=&#8221;bottom&#8221; animation_duration=&#8221;500ms&#8221; animation_intensity_slide=&#8221;10%&#8221; animation=&#8221;bottom&#8221; sticky=&#8221;off&#8221; border_style=&#8221;solid&#8221; always_center_on_mobile=&#8221;on&#8221; global_colors_info=&#8221;{}&#8221;][\/et_pb_image][\/et_pb_column][et_pb_column type=&#8221;3_5&#8243; _builder_version=&#8221;4.16&#8243; custom_padding=&#8221;|||&#8221; global_colors_info=&#8221;{}&#8221; custom_padding__hover=&#8221;|||&#8221;][et_pb_text disabled_on=&#8221;off|off|off&#8221; admin_label=&#8221;Text&#8221; _builder_version=&#8221;4.25.0&#8243; background_size=&#8221;initial&#8221; background_position=&#8221;top_left&#8221; background_repeat=&#8221;repeat&#8221; custom_margin=&#8221;12px|||50px||&#8221; custom_margin_tablet=&#8221;&#8221; custom_margin_phone=&#8221;100px|||20px&#8221; custom_margin_last_edited=&#8221;on|phone&#8221; custom_padding=&#8221;|||&#8221; use_border_color=&#8221;off&#8221; border_style=&#8221;solid&#8221; global_colors_info=&#8221;{}&#8221;]<\/p>\n<h1>CONCORSO FLUTE GAM(M)ES<\/h1>\n<p>[\/et_pb_text][et_pb_text disabled_on=&#8221;off|off|off&#8221; admin_label=&#8221;Text&#8221; _builder_version=&#8221;4.16&#8243; text_line_height=&#8221;2em&#8221; background_size=&#8221;initial&#8221; background_position=&#8221;top_left&#8221; background_repeat=&#8221;repeat&#8221; custom_margin=&#8221;50px|100px||50px&#8221; custom_margin_tablet=&#8221;&#8221; custom_margin_phone=&#8221;50px|20px||20px&#8221; custom_margin_last_edited=&#8221;on|phone&#8221; use_border_color=&#8221;off&#8221; border_style=&#8221;solid&#8221; global_colors_info=&#8221;{}&#8221;]<\/p>\n<p>Sotto il segno della benevolenza, il concorso Fl\u00fbte Gam(m)es \u00e8 aperto a bambini di tutte le et\u00e0 fino a 17 anni per la categoria giovani talenti e fino a 20 o 25 anni per le altre categorie. I giovani flautisti presentano brani del loro livello, come solisti o in ensemble da musica da camera. Un premio speciale \u00e8 assegnato ai bambini che suonano la propria composizione. La giuria \u00e8 composta da flautisti e insegnanti nella regione del Lemano, in Svizzera e all&#8217;estero.<\/p>\n<h6><\/h6>\n<h6><\/h6>\n<h6><\/h6>\n<p>[\/et_pb_text][et_pb_text disabled_on=&#8221;off|off|off&#8221; admin_label=&#8221;Text&#8221; _builder_version=&#8221;4.25.0&#8243; background_size=&#8221;initial&#8221; background_position=&#8221;top_left&#8221; background_repeat=&#8221;repeat&#8221; custom_margin=&#8221;8px||31px|50px||&#8221; custom_margin_tablet=&#8221;&#8221; custom_margin_phone=&#8221;100px|||20px&#8221; custom_margin_last_edited=&#8221;on|phone&#8221; custom_padding=&#8221;|||&#8221; use_border_color=&#8221;off&#8221; border_style=&#8221;solid&#8221; global_colors_info=&#8221;{}&#8221;]<\/p>\n<h1>DATE: 3-4 OTTOBRE 2024<\/h1>\n<p>WORKSHOP\/CONCERTI E PREMIAZIONI: 4-5-6 OTTOBRE<\/p>\n<p>[\/et_pb_text][et_pb_accordion _builder_version=&#8221;4.25.1&#8243; _module_preset=&#8221;default&#8221; animation_style=&#8221;slide&#8221; global_colors_info=&#8221;{}&#8221;][et_pb_accordion_item title=&#8221;Categoria A \u2022 Esperto&#8221; open=&#8221;off&#8221; _builder_version=&#8221;4.25.0&#8243; _module_preset=&#8221;default&#8221; global_colors_info=&#8221;{}&#8221;]<\/p>\n<p>Un solo 1\u00b0-2\u00b0-3\u00b0 premio per categoria.<\/p>\n<ul>\n<li>Categoria mirata ai giovani talenti<\/li>\n<li>Diploma di partecipazione per tutti i candidati<\/li>\n<\/ul>\n<p><strong>A1 Condito<\/strong><br \/>Candidati nati dal 08.10.2009 al 07.10.2012<\/p>\n<ul>\n<li>Trois miniatures &#8211; Helmer-Rainer Nesterovich Sinisalo (Editio Musica Budapest &#8211; <span class=\"soustitrefiche\"><span>Z12570<\/span><\/span>)<\/li>\n<\/ul>\n<p><strong>A2 Emerito<\/strong><br \/>Candidati nati dal 07.10.2006 al 07.10.2009<\/p>\n<ul>\n<li>La Perle du Nord &#8211; Ernesto K\u00f6hler (musikverlag Zimmermann &#8211; <span class=\"soustitrefiche\"><span>ZM40300<\/span><\/span>)<\/li>\n<\/ul>\n<p>[\/et_pb_accordion_item][et_pb_accordion_item title=&#8221;Cat\u00e9gorie B \u2022 Appassionato di flauto&#8221; _builder_version=&#8221;4.25.0&#8243; _module_preset=&#8221;default&#8221; global_colors_info=&#8221;{}&#8221; open=&#8221;off&#8221;]<\/p>\n<p>Candidati nati prima del 7.10.2003<\/p>\n<ul>\n<li>Ogni candidato riceve un 1\u00b0-2\u00b0 o 3\u00b0 premio<\/li>\n<li>Diploma e medaglia per tutti i candidati<\/li>\n<\/ul>\n<p><strong>B1 Largo **1 anno di flauto<\/strong><\/p>\n<ul>\n<li>Abendlied &#8211; Manfred Schmitz (Pop Collection Vol 1 Flute &#8211; <span class=\"soustitrefiche\"><span>DV32143<\/span><\/span>)<\/li>\n<li>Drowsy Maggie &#8211; flauto 5A ou 5B a memoria<\/li>\n<\/ul>\n<p><strong>B2 Adagio **2-3 anni di flauto<\/strong><\/p>\n<ul>\n<li>Le petite fille et le poney &#8211; Olivier de Chamisso (les 7 secrets du po\u00e8te, ed Schott &#8211; SF9416)<\/li>\n<li>Drowsy Maggie flauto 4 a memoria<\/li>\n<\/ul>\n<p><strong>B3 Andante **3-4 anni du flauto<\/strong><\/p>\n<ul>\n<li>L\u2019Hippopotame Ga\u00ebtan &#8211; Claude-Henry Joubert (\u00e9ditions Pierre Lafitan &#8211; <span class=\"soustitrefiche\"><span>PL0204<\/span><\/span>)<\/li>\n<li>Drowsy Maggie flauto 3 a memoria<\/li>\n<\/ul>\n<p><strong>B4 Moderato **4-5 anni di fluato<\/strong><\/p>\n<ul>\n<li>Le Petit chevrier corse &#8211; Henry Tomasi (\u00e9ditions Leduc &#8211; <span class=\"soustitrefiche\"><span>AL21072<\/span><\/span>)<\/li>\n<li>Drowsy Maggie flauto 2 a momoria<\/li>\n<\/ul>\n<p><strong>B5 Allegretto **5-6 anni di flauto<\/strong><\/p>\n<ul>\n<li>Petite fantaisie sur le carnaval de Venise &#8211; Jules Demerssemann (\u00e9dition Billaudot &#8211; <span class=\"soustitrefiche\"><span>R15027)<\/span><\/span><\/li>\n<li>Drowsy maggie flauto 2 a memoria<\/li>\n<\/ul>\n<p><strong>B6 Allegro **6-7 anni di flauto<\/strong><\/p>\n<ul>\n<li>Feria &#8211; Claude Henry Joubert (\u00e9ditions Robert Martin &#8211; <span class=\"h-100 mr-15px py-7px d-flex align-items-center border-lg border-lg-bottom font-size-s\"><span class=\"d-flex w-100\"><span class=\"link-arrow\">JOUB03627<\/span><\/span><\/span>)<\/li>\n<li>Drowsy Maggie flauto 1A o 1B a memoria<\/li>\n<\/ul>\n<p><strong>B7 Presto **7 anni di flauto e pi\u00f9<\/strong><\/p>\n<ul>\n<li>La fl\u00fbte de Pan 1) Pan et les Bergers &#8211; Jules Mouquet (\u00e9ditions Henry Lemoine &#8211; <span class=\"soustitrefiche\"><span>19743<\/span><\/span>)<\/li>\n<li>Drowsy Maggie flauto 1A a memoria<\/li>\n<\/ul>\n<p>[\/et_pb_accordion_item][et_pb_accordion_item title=&#8221;Cat\u00e9gorie C \u2022 Prima gli amici&#8221; _builder_version=&#8221;4.25.0&#8243; _module_preset=&#8221;default&#8221; global_colors_info=&#8221;{}&#8221; open=&#8221;off&#8221;]<\/p>\n<p>Candidati nati prima del 07.10.2003 &#8211; et\u00e0 massima 20 anni<\/p>\n<ul>\n<li>Ogni ensemble riceve un 1\u00b0-2\u00b0 o 3\u00b0 premio<\/li>\n<li>Diploma e medaglia per tutti i candidati<\/li>\n<\/ul>\n<ul>\n<li>Repertorio libero<\/li>\n<li>2 pezzi di stili diversi<\/li>\n<li>nsemble da 2 a 6 musicisti, flauti o strumenti vari con flauto, senza direttore<\/li>\n<\/ul>\n<p><strong>C1 Elfi<\/strong><\/p>\n<ul>\n<li>Max 4 minuti<\/li>\n<\/ul>\n<p><strong>C2 Folletti<\/strong><\/p>\n<ul>\n<li>Max. 6 minuti<\/li>\n<\/ul>\n<p><strong>C3 Incantatori<\/strong><\/p>\n<ul>\n<li>Max 8 minuti<span style=\"font-size: 8.000000pt; font-family: 'HelveticaNeue'; font-weight: 300;\"><\/span><\/li>\n<\/ul>\n<p>[\/et_pb_accordion_item][et_pb_accordion_item title=&#8221;Categoria D \u2022 Ho buon gusto&#8221; _builder_version=&#8221;4.25.0&#8243; _module_preset=&#8221;default&#8221; global_colors_info=&#8221;{}&#8221; open=&#8221;off&#8221;]<\/p>\n<p>Musica antica sul traverso<\/p>\n<p>Candidati nati dopo il 07.10.1999 &#8211; et\u00e0 massima 25 anni<\/p>\n<p>accompagnamento al tiorba<\/p>\n<ul>\n<li>Ogni candidato riceve un 1\u00b0-2\u00b0 o 3\u00b0 premio<\/li>\n<li>Diploma e medaglia per tutti i candidati<\/li>\n<\/ul>\n<p><strong>D1 Minuetto &#8211; Livello Elementare<\/strong><\/p>\n<ul>\n<li>Air gaiement &#8211; 4\u00e8me Suite op 35 &#8211; J.B. de Boismortier<\/li>\n<li>Air, doucement et mesur\u00e9 &#8211; 4\u00e8me Suite op 35 &#8211; J.B. de Boismortier<\/li>\n<\/ul>\n<p><strong>Gavotta D2 &#8211; Livello medio<\/strong><\/p>\n<ul>\n<li>Allemande &#8211; 1er Livre de pi\u00e8ces 1\u00e8re Suite &#8211; J.M. Hotteterre<\/li>\n<li>1er Menuet &#8211; 1er Livre de pi\u00e8ces 1\u00e8re Suite &#8211; J.M. Hotteterre<\/li>\n<\/ul>\n<p><strong>D3 Giga &#8211; Livello secondario<\/strong><\/p>\n<ul>\n<li>Allemanda &#8211; 4\u00e8me Livre, Sonate 2 &#8211; J.ean-Marie Leclair<\/li>\n<li>Allegro ma non tropo &#8211; 4\u00e8me Livre, Sonate 2 &#8211; J.ean-Marie Leclair<\/li>\n<\/ul>\n<p>[\/et_pb_accordion_item][et_pb_accordion_item title=&#8221;Categoria E &#8211; Suono la mia musica&#8221; _builder_version=&#8221;4.25.1&#8243; _module_preset=&#8221;default&#8221; global_colors_info=&#8221;{}&#8221; open=&#8221;off&#8221;]<\/p>\n<p>Candidati nati dopo il 07.10.2003 &#8211; et\u00e0 massima 20 anni<\/p>\n<ul>\n<li>Ogni candidato riceve un 1\u00b0-2\u00b0 o 3\u00b0 premio<\/li>\n<li>Diploma e medaglia per tutti i candidati<\/li>\n<\/ul>\n<p>Pu\u00f2 essere aggiunto alle categorie A-B-C o presentato solo nella categoria E<\/p>\n<p>Massimo 4 minuti<\/p>\n<p>Condizioni:<\/p>\n<ul>\n<li>strumentazione libera, flauto solista o ensemble<\/li>\n<li>scadenza per indicare la durata del brano: 31 agosto 2024<\/li>\n<li>scadenza per l&#8217;invio della partitura in formato pdf: 15 settembre 2024<\/li>\n<li>eventuali esigenze particolari (musicista, strumento, attrezzatura) dovranno essere fornite dal candidato. Le festival met \u00e0 Il festival mette a disposizione un pianoforte. un piano.<\/li>\n<\/ul>\n<p>[\/et_pb_accordion_item][et_pb_accordion_item title=&#8221;Workshop e concerti&#8221; _builder_version=&#8221;4.25.0&#8243; _module_preset=&#8221;default&#8221; global_colors_info=&#8221;{}&#8221; open=&#8221;on&#8221;]<\/p>\n<h1>Concerto degli studenti senior<\/h1>\n<p>Livello di competizione A1 &#8211; A2 &#8211; B5 &#8211; B6 &#8211; B7<\/p>\n<p>Con il gruppo musicale irlandese Doolin<\/p>\n<p>Date pubblicate alla fine di agosto<\/p>\n<p>Repertorio: 3 pezzi da imparare a memoria: 1) Drowsy Maggie 2) e 3) comunicato nel giugno 2024.<\/p>\n<h1>Laboratorio di flauti danzanti<\/h1>\n<p>Tutti i livelli della competizione<\/p>\n<p>Sabato e domenica mattina<\/p>\n<p>Repertorio: Drowsy Maggie a memoria, voce secondo la categoria del concorso<\/p>\n<p>Concerto durante la cerimonia di premiazione, domenica alle 11:30.<\/p>\n<h1>Laboratorio di orchestra di flauti<\/h1>\n<p>Tutti i livelli della competizione<\/p>\n<p>Sabato e domenica mattina<\/p>\n<p>Repertoire: pubblicato a fine agosto<\/p>\n<p>Concerto durante la cerimonia di premiazione, domenica alle 11:30.<\/p>\n<p>[\/et_pb_accordion_item][\/et_pb_accordion][\/et_pb_column][\/et_pb_row][et_pb_row _builder_version=&#8221;4.25.0&#8243; _module_preset=&#8221;default&#8221; global_colors_info=&#8221;{}&#8221;][et_pb_column type=&#8221;4_4&#8243; _builder_version=&#8221;4.25.0&#8243; _module_preset=&#8221;default&#8221; global_colors_info=&#8221;{}&#8221;][et_pb_text disabled_on=&#8221;off|off|off&#8221; admin_label=&#8221;Text&#8221; _builder_version=&#8221;4.25.0&#8243; background_size=&#8221;initial&#8221; background_position=&#8221;top_left&#8221; background_repeat=&#8221;repeat&#8221; custom_margin=&#8221;14px|||50px||&#8221; custom_margin_tablet=&#8221;&#8221; custom_margin_phone=&#8221;100px|||20px&#8221; custom_margin_last_edited=&#8221;on|phone&#8221; custom_padding=&#8221;|||&#8221; use_border_color=&#8221;off&#8221; border_style=&#8221;solid&#8221; global_colors_info=&#8221;{}&#8221;]<\/p>\n<h2 style=\"text-align: left;\">SCADENZA ISCRIZIONI: 30 GIUGNO 2024 (POSTO GARANTITO) &#8211; 31 AGOSTO 2024 (POSTI DISPONIBILI LIMITATI)<\/h2>\n<p>[\/et_pb_text][\/et_pb_column][\/et_pb_row][et_pb_row column_structure=&#8221;1_2,1_2&#8243; _builder_version=&#8221;4.25.0&#8243; _module_preset=&#8221;default&#8221; global_colors_info=&#8221;{}&#8221;][et_pb_column type=&#8221;1_2&#8243; _builder_version=&#8221;4.25.0&#8243; _module_preset=&#8221;default&#8221; global_colors_info=&#8221;{}&#8221;][et_pb_button button_url=&#8221;https:\/\/swissflute.ch\/wp-content\/uploads\/2024\/05\/Depliant-Concours_24-2.pdf&#8221; url_new_window=&#8221;on&#8221; button_text=&#8221;SCARICA LA VOLANTINA DEL CONCORSO&#8221; button_alignment=&#8221;center&#8221; _builder_version=&#8221;4.25.1&#8243; _module_preset=&#8221;default&#8221; custom_button=&#8221;on&#8221; button_text_color=&#8221;#000000&#8243; custom_margin=&#8221;||31px|||&#8221; animation_style=&#8221;fade&#8221; global_colors_info=&#8221;{}&#8221;][\/et_pb_button][et_pb_button button_url=&#8221;mailto:competition@swissflute.ch&#8221; url_new_window=&#8221;on&#8221; button_text=&#8221;CONTATTO CONCORSO &#8221; button_alignment=&#8221;center&#8221; _builder_version=&#8221;4.25.1&#8243; _module_preset=&#8221;default&#8221; custom_button=&#8221;on&#8221; button_text_color=&#8221;#000000&#8243; global_colors_info=&#8221;{}&#8221;][\/et_pb_button][\/et_pb_column][et_pb_column type=&#8221;1_2&#8243; _builder_version=&#8221;4.25.0&#8243; _module_preset=&#8221;default&#8221; global_colors_info=&#8221;{}&#8221;][et_pb_button button_url=&#8221;https:\/\/drive.google.com\/drive\/folders\/1fr9ggfsBVHmSdIRG6w_dOUH03pGgTOKD?usp=sharing&#8221; url_new_window=&#8221;on&#8221; button_text=&#8221;SCARICA DROWSY MAGGIE&#8221; button_alignment=&#8221;center&#8221; _builder_version=&#8221;4.25.1&#8243; _module_preset=&#8221;default&#8221; custom_button=&#8221;on&#8221; button_text_color=&#8221;#000000&#8243; global_colors_info=&#8221;{}&#8221;][\/et_pb_button][et_pb_button button_url=&#8221;https:\/\/swissflute.ch\/it\/jury2024\/&#8221; url_new_window=&#8221;on&#8221; button_text=&#8221;ISCRIZIONE GIURIA 2024&#8243; button_alignment=&#8221;center&#8221; _builder_version=&#8221;4.25.1&#8243; _module_preset=&#8221;default&#8221; custom_button=&#8221;on&#8221; button_text_color=&#8221;#000000&#8243; global_colors_info=&#8221;{}&#8221;][\/et_pb_button][\/et_pb_column][\/et_pb_row][et_pb_row _builder_version=&#8221;4.25.0&#8243; _module_preset=&#8221;default&#8221; custom_padding=&#8221;|||4px||&#8221; global_colors_info=&#8221;{}&#8221;][et_pb_column type=&#8221;4_4&#8243; _builder_version=&#8221;4.25.0&#8243; _module_preset=&#8221;default&#8221; global_colors_info=&#8221;{}&#8221;][et_pb_text _builder_version=&#8221;4.25.0&#8243; _module_preset=&#8221;default&#8221; global_colors_info=&#8221;{}&#8221;]<\/p>\n\n<p>[\/et_pb_text][\/et_pb_column][\/et_pb_row][\/et_pb_section][et_pb_section fb_built=&#8221;1&#8243; admin_label=&#8221;section&#8221; _builder_version=&#8221;4.16&#8243; custom_padding=&#8221;0px|0px|0px|0px&#8221; transparent_background=&#8221;off&#8221; make_fullwidth=&#8221;off&#8221; use_custom_width=&#8221;off&#8221; width_unit=&#8221;off&#8221; custom_width_px=&#8221;1080px&#8221; custom_width_percent=&#8221;80%&#8221; global_colors_info=&#8221;{}&#8221;][et_pb_row admin_label=&#8221;row&#8221; _builder_version=&#8221;4.16&#8243; background_size=&#8221;initial&#8221; background_position=&#8221;top_left&#8221; background_repeat=&#8221;repeat&#8221; custom_padding=&#8221;27px|0px|0px|0px&#8221; make_fullwidth=&#8221;off&#8221; use_custom_width=&#8221;off&#8221; width_unit=&#8221;off&#8221; custom_width_px=&#8221;1080px&#8221; custom_width_percent=&#8221;80%&#8221; global_colors_info=&#8221;{}&#8221;][et_pb_column type=&#8221;4_4&#8243; _builder_version=&#8221;4.16&#8243; custom_padding=&#8221;|||&#8221; global_colors_info=&#8221;{}&#8221; custom_padding__hover=&#8221;|||&#8221;][et_pb_text admin_label=&#8221;Text&#8221; _builder_version=&#8221;4.16&#8243; background_size=&#8221;initial&#8221; background_position=&#8221;top_left&#8221; background_repeat=&#8221;repeat&#8221; text_orientation=&#8221;center&#8221; module_alignment=&#8221;center&#8221; use_border_color=&#8221;off&#8221; border_style=&#8221;solid&#8221; global_colors_info=&#8221;{}&#8221;]<\/p>\n<p> <a href=\"#\" title=\"Instagram\"><img loading=\"lazy\" decoding=\"async\" src=\"\/wp-content\/uploads\/2017\/02\/Instagram_footer.png\" width=\"22\" height=\"23\" alt=\"\" class=\"wp-image-275 alignnone size-full\"><\/a>    <a href=\"#\" title=\"Tweeter\"><img loading=\"lazy\" decoding=\"async\" src=\"\/wp-content\/uploads\/2017\/02\/tweeter_footer-1.png\" width=\"25\" height=\"23\" alt=\"\" class=\"wp-image-276 alignnone size-full\"><\/a>    <a href=\"#\" title=\"Facebook\"><img loading=\"lazy\" decoding=\"async\" src=\"\/wp-content\/uploads\/2017\/02\/Facebook_footer.png\" width=\"12\" height=\"22\" alt=\"\" class=\"wp-image-277 alignnone size-full\"><\/a><\/p>\n<p>[\/et_pb_text][\/et_pb_column][\/et_pb_row][\/et_pb_section]<\/p>\n","protected":false},"excerpt":{"rendered":"<p>CONCORSO FLUTE GAM(M)ESSotto il segno della benevolenza, il concorso Fl\u00fbte Gam(m)es \u00e8 aperto a bambini di tutte le et\u00e0 fino a 17 anni per la categoria giovani talenti e fino [&hellip;]<\/p>\n","protected":false},"author":1,"featured_media":0,"parent":0,"menu_order":0,"comment_status":"closed","ping_status":"closed","template":"","meta":{"_et_pb_use_builder":"on","_et_pb_old_content":"","_et_gb_content_width":"","_price":"","_stock":"","_tribe_ticket_header":"","_tribe_default_ticket_provider":"","_tribe_ticket_capacity":"0","_ticket_start_date":"","_ticket_end_date":"","_tribe_ticket_show_description":"","_tribe_ticket_show_not_going":false,"_tribe_ticket_use_global_stock":"","_tribe_ticket_global_stock_level":"","_global_stock_mode":"","_global_stock_cap":"","_tribe_rsvp_for_event":"","_tribe_ticket_going_count":"","_tribe_ticket_not_going_count":"","_tribe_tickets_list":"[]","_tribe_ticket_has_attendee_info_fields":false,"footnotes":"","_tec_slr_enabled":"","_tec_slr_layout":""},"class_list":["post-654","page","type-page","status-publish","hentry"],"ticketed":false,"_links":{"self":[{"href":"https:\/\/swissflute.ch\/it\/wp-json\/wp\/v2\/pages\/654","targetHints":{"allow":["GET"]}}],"collection":[{"href":"https:\/\/swissflute.ch\/it\/wp-json\/wp\/v2\/pages"}],"about":[{"href":"https:\/\/swissflute.ch\/it\/wp-json\/wp\/v2\/types\/page"}],"author":[{"embeddable":true,"href":"https:\/\/swissflute.ch\/it\/wp-json\/wp\/v2\/users\/1"}],"replies":[{"embeddable":true,"href":"https:\/\/swissflute.ch\/it\/wp-json\/wp\/v2\/comments?post=654"}],"version-history":[{"count":27,"href":"https:\/\/swissflute.ch\/it\/wp-json\/wp\/v2\/pages\/654\/revisions"}],"predecessor-version":[{"id":1933,"href":"https:\/\/swissflute.ch\/it\/wp-json\/wp\/v2\/pages\/654\/revisions\/1933"}],"wp:attachment":[{"href":"https:\/\/swissflute.ch\/it\/wp-json\/wp\/v2\/media?parent=654"}],"curies":[{"name":"wp","href":"https:\/\/api.w.org\/{rel}","templated":true}]}}