{"id":4232,"date":"2025-08-28T14:13:54","date_gmt":"2025-08-28T12:13:54","guid":{"rendered":"https:\/\/swissflute.ch\/?page_id=4232"},"modified":"2025-10-14T16:16:02","modified_gmt":"2025-10-14T14:16:02","slug":"collaboratori-volontari-concourso-2025","status":"publish","type":"page","link":"https:\/\/swissflute.ch\/it\/collaboratori-volontari-concourso-2025\/","title":{"rendered":"PROGRAMMA DEL CONCORSO FLUTE GAM(M)ES"},"content":{"rendered":"<p>[et_pb_section fb_built=&#8221;1&#8243; admin_label=&#8221;Header&#8221; _builder_version=&#8221;4.27.4&#8243; _module_preset=&#8221;cd403b88-73d1-495f-820e-eb665d8dddb5&#8243; background_color_gradient_stops=&#8221;gcid-d119accd-44d7-4f2f-b9d7-599c8463324b 0%|rgba(255,255,255,0) 63%|rgba(7,33,48,0.6) 100%|#072130 100%&#8221; background_image=&#8221;https:\/\/swissflute.ch\/wp-content\/uploads\/2025\/02\/non-profit-03.jpg&#8221; custom_padding=&#8221;0px|||||&#8221; locked=&#8221;off&#8221; collapsed=&#8221;on&#8221; global_colors_info=&#8221;{%22gcid-1f1bf5fb-a99d-4acc-8d9e-ddac074c158c%22:%91%22background_color_gradient_stops%22,%22background_color_gradient_stops%22%93,%22gcid-4c79ba3d-a281-4fb6-9b14-02f9a4c793f2%22:%91%22background_color_gradient_stops%22,%22background_color_gradient_stops%22%93,%22gcid-688c464a-d6f2-4296-b592-395352c71c79%22:%91%22background_color_gradient_stops%22,%22background_color_gradient_stops%22%93,%22gcid-d119accd-44d7-4f2f-b9d7-599c8463324b%22:%91%22background_color_gradient_stops%22,%22background_color_gradient_stops%22%93}&#8221;][et_pb_row _builder_version=&#8221;4.25.1&#8243; _module_preset=&#8221;default&#8221; locked=&#8221;off&#8221; global_colors_info=&#8221;{}&#8221;][et_pb_column type=&#8221;4_4&#8243; _builder_version=&#8221;4.25.1&#8243; _module_preset=&#8221;default&#8221; global_colors_info=&#8221;{}&#8221;][et_pb_heading title=&#8221;Programma 2025&#8243; admin_label=&#8221;avantages&#8221; module_id=&#8221;inscription concours 25&#8243; _builder_version=&#8221;4.27.4&#8243; _module_preset=&#8221;7db299f6-e73f-4d50-8f53-8124ad5db4cb&#8221; title_font=&#8221;||||||||&#8221; custom_margin=&#8221;||10px||false|false&#8221; custom_padding=&#8221;||24px|||&#8221; global_colors_info=&#8221;{}&#8221;][\/et_pb_heading][et_pb_heading title=&#8221;Concorso &#8211; Workshop &#8211; Concerti&#8221; _builder_version=&#8221;4.27.4&#8243; _module_preset=&#8221;default&#8221; global_colors_info=&#8221;{}&#8221;][\/et_pb_heading][\/et_pb_column][\/et_pb_row][et_pb_row column_structure=&#8221;1_2,1_2&#8243; _builder_version=&#8221;4.27.4&#8243; _module_preset=&#8221;default&#8221; global_colors_info=&#8221;{}&#8221;][et_pb_column type=&#8221;1_2&#8243; _builder_version=&#8221;4.27.4&#8243; _module_preset=&#8221;default&#8221; global_colors_info=&#8221;{}&#8221;][et_pb_button button_url=&#8221;#ateliers&#8221; button_text=&#8221;Ai workshop&#8221; _builder_version=&#8221;4.27.4&#8243; _module_preset=&#8221;default&#8221; custom_button=&#8221;on&#8221; button_text_color=&#8221;#FFFFFF&#8221; button_bg_color=&#8221;#000000&#8243; button_border_color=&#8221;#000000&#8243; custom_padding=&#8221;0px||1px|||&#8221; global_colors_info=&#8221;{}&#8221;][\/et_pb_button][\/et_pb_column][et_pb_column type=&#8221;1_2&#8243; _builder_version=&#8221;4.27.4&#8243; _module_preset=&#8221;default&#8221; global_colors_info=&#8221;{}&#8221;][et_pb_button button_url=&#8221;#horaires&#8221; button_text=&#8221;Al programma dettagliato del concorso&#8221; button_alignment=&#8221;center&#8221; _builder_version=&#8221;4.27.4&#8243; _module_preset=&#8221;default&#8221; custom_button=&#8221;on&#8221; button_text_color=&#8221;#FFFFFF&#8221; button_bg_color=&#8221;#000000&#8243; button_border_color=&#8221;#000000&#8243; global_colors_info=&#8221;{}&#8221;][\/et_pb_button][\/et_pb_column][\/et_pb_row][\/et_pb_section][et_pb_section fb_built=&#8221;1&#8243; _builder_version=&#8221;4.27.4&#8243; _module_preset=&#8221;default&#8221; custom_padding=&#8221;||0px|||&#8221; global_colors_info=&#8221;{}&#8221;][et_pb_row _builder_version=&#8221;4.27.4&#8243; _module_preset=&#8221;default&#8221; global_colors_info=&#8221;{}&#8221;][et_pb_column type=&#8221;4_4&#8243; _builder_version=&#8221;4.27.4&#8243; _module_preset=&#8221;default&#8221; global_colors_info=&#8221;{}&#8221;][et_pb_heading title=&#8221;Programma generale&#8221; _builder_version=&#8221;4.27.4&#8243; _module_preset=&#8221;default&#8221; title_text_color=&#8221;#E02B20&#8243; title_font_size=&#8221;42px&#8221; global_colors_info=&#8221;{}&#8221;][\/et_pb_heading][et_pb_accordion _builder_version=&#8221;4.27.4&#8243; _module_preset=&#8221;default&#8221; toggle_level=&#8221;h2&#8243; hover_enabled=&#8221;0&#8243; global_colors_info=&#8221;{}&#8221; sticky_enabled=&#8221;0&#8243;][et_pb_accordion_item title=&#8221;GIOVED\u00cc 2 OTTOBRE 2025&#8243; open=&#8221;on&#8221; _builder_version=&#8221;4.27.4&#8243; _module_preset=&#8221;default&#8221; global_colors_info=&#8221;{}&#8221;]<\/p>\n<p><strong>08h30 &#8211; 15h30<\/strong> | Concorso Fl\u00fbte Gam(m)es<\/p>\n<p>[\/et_pb_accordion_item][et_pb_accordion_item title=&#8221;VENERD\u00cc 3 OTTOBRE 2025&#8243; _builder_version=&#8221;4.27.4&#8243; _module_preset=&#8221;default&#8221; global_colors_info=&#8221;{}&#8221; open=&#8221;off&#8221;]<\/p>\n<p><strong>08h30 &#8211; 15h30<\/strong> | Concorso Fl\u00fbte Gam(m)es<\/p>\n<p>[\/et_pb_accordion_item][et_pb_accordion_item title=&#8221;SABATO 4 OTTOBRE 2025&#8243; _builder_version=&#8221;4.27.4&#8243; _module_preset=&#8221;default&#8221; global_colors_info=&#8221;{}&#8221; open=&#8221;off&#8221;]<\/p>\n<p><strong>08h30-13h00<\/strong> | Concorso Fl\u00fbte Gam(m)es<\/p>\n<p><strong>14h00-15h00<\/strong> | Workshop Dance-Dance con &#8220;Les Piccolo&#8221;<\/p>\n<p><strong>15h00-16h00<\/strong> | Workshop Kustino Oro con &#8220;Les Piccolo&#8221;<\/p>\n<p><strong>17h00-18h30<\/strong> | Workshop di orchestra di flauti con &#8220;Les Vents Blancs&#8221;<\/p>\n<p>&nbsp;<\/p>\n<p>[\/et_pb_accordion_item][et_pb_accordion_item title=&#8221;DOMENICA 5 OTTOBRE 2025&#8243; _builder_version=&#8221;4.27.4&#8243; _module_preset=&#8221;default&#8221; hover_enabled=&#8221;0&#8243; global_colors_info=&#8221;{}&#8221; open=&#8221;off&#8221; sticky_enabled=&#8221;0&#8243;]<\/p>\n<p>13:30 | Cerimonia di premiazione e concerto | Aula del Marens College, Nyon<\/p>\n<p>&nbsp;<\/p>\n<p>[\/et_pb_accordion_item][\/et_pb_accordion][et_pb_cta title=&#8221;CERIMONIA DI PREMIAZIONE DOMENICA 5 OTTOBRE | 13:30 | Aula del Marens College, NYON&#8221; _builder_version=&#8221;4.27.4&#8243; _module_preset=&#8221;default&#8221; header_font=&#8221;&#8211;et_global_body_font||||||||&#8221; header_text_color=&#8221;#FFFFFF&#8221; body_font=&#8221;&#8211;et_global_body_font||||||||&#8221; body_text_color=&#8221;#FFFFFF&#8221; body_font_size=&#8221;17px&#8221; background_color=&#8221;#000000&#8243; background_layout=&#8221;light&#8221; module_alignment=&#8221;center&#8221; custom_padding=&#8221;||11px|||&#8221; hover_enabled=&#8221;0&#8243; border_radii=&#8221;on|50px|50px|50px|50px&#8221; global_colors_info=&#8221;{}&#8221; sticky_enabled=&#8221;0&#8243;]<\/p>\n<p>TUTTI I CANDIDATI SONO INVITATI A PORTARE IL PROPRIO FLAUTO PER REPLAY DANCE DANCE E KUSTINO ORO | In caso di assenza, i diplomi non saranno inviati per posta | I risultati saranno pubblicati online a partire dal 10 ottobre 2025<\/p>\n<p>[\/et_pb_cta][et_pb_heading title=&#8221;Orari delle gare&#8221; _builder_version=&#8221;4.27.4&#8243; _module_preset=&#8221;default&#8221; global_colors_info=&#8221;{}&#8221;][\/et_pb_heading][et_pb_text _builder_version=&#8221;4.27.4&#8243; _module_preset=&#8221;default&#8221; custom_margin=&#8221;||-64px|||&#8221; custom_padding=&#8221;||86px|||&#8221; global_colors_info=&#8221;{}&#8221;]<\/p>\n<h3><strong>Gioved\u00ec 2 ottobre 2025:<\/strong><\/h3>\n<p>Categorie <strong>B1<\/strong> (mattina) &#8211; <strong>B2<\/strong> (mattina) &#8211; <strong>B4<\/strong> (mattina e primo pomeriggio) &#8211; <strong>A2<\/strong> (prove mattutine e gara pomeridiana)<\/p>\n<h3><strong>Venerd\u00ec 3 ottobre 2025:<\/strong><\/h3>\n<p>Categorie <strong>B3<\/strong> (mattina) &#8211; <strong>B5<\/strong> (mattina) &#8211; <strong>B6<\/strong> (pomeriggio) &#8211; <strong>B7<\/strong> (pomeriggio) &#8211; <strong>A1<\/strong> (r\u00e9p\u00e9titions matin et concours apr\u00e8s-midi)<\/p>\n<h3><strong>Sabato 4 ottobre 2025:<\/strong><\/h3>\n<p>Categorie<strong> C1 &#8211; C2 &#8211; C3 <\/strong>(mattina)<\/p>\n<p>&nbsp;<\/p>\n<p>[\/et_pb_text][et_pb_divider color=&#8221;#E02B20&#8243; divider_weight=&#8221;7px&#8221; _builder_version=&#8221;4.27.4&#8243; _module_preset=&#8221;default&#8221; global_colors_info=&#8221;{}&#8221;][\/et_pb_divider][et_pb_heading title=&#8221;CALENDARIO DETTAGLIATO DEl CONCORSO&#8221; module_id=&#8221;horaires&#8221; _builder_version=&#8221;4.27.4&#8243; _module_preset=&#8221;default&#8221; global_colors_info=&#8221;{}&#8221;][\/et_pb_heading][\/et_pb_column][\/et_pb_row][et_pb_row column_structure=&#8221;1_4,1_4,1_4,1_4&#8243; _builder_version=&#8221;4.27.4&#8243; _module_preset=&#8221;default&#8221; global_colors_info=&#8221;{}&#8221;][et_pb_column type=&#8221;1_4&#8243; _builder_version=&#8221;4.27.4&#8243; _module_preset=&#8221;default&#8221; global_colors_info=&#8221;{}&#8221;][et_pb_button button_url=&#8221;https:\/\/swissflute.ch\/wp-content\/uploads\/2025\/09\/Planning-Jeudi_250908.pdf&#8221; url_new_window=&#8221;on&#8221; button_text=&#8221;ORARI CONCORSO GIOVED\u00cc 2\/10\/25&#8243; button_alignment=&#8221;center&#8221; _builder_version=&#8221;4.27.4&#8243; _module_preset=&#8221;e78a0f54-efb1-4a6f-9d81-4a4e17666101&#8243; custom_button=&#8221;off&#8221; custom_margin=&#8221;||14px|||&#8221; custom_padding=&#8221;43px|50px|43px|40px|true|false&#8221; global_colors_info=&#8221;{}&#8221;][\/et_pb_button][\/et_pb_column][et_pb_column type=&#8221;1_4&#8243; _builder_version=&#8221;4.27.4&#8243; _module_preset=&#8221;default&#8221; global_colors_info=&#8221;{}&#8221;][et_pb_button button_url=&#8221;https:\/\/swissflute.ch\/wp-content\/uploads\/2025\/09\/Planning-Vendredi_250908.pdf&#8221; url_new_window=&#8221;on&#8221; button_text=&#8221;ORARI CONCORSO VENERD\u00cc 3\/10\/25&#8243; button_alignment=&#8221;center&#8221; _builder_version=&#8221;4.27.4&#8243; _module_preset=&#8221;ff2adfe7-38a9-4469-b63b-9c96616713d1&#8243; custom_button=&#8221;off&#8221; custom_margin=&#8221;-4px|||||&#8221; custom_padding=&#8221;29px|50px|29px|40px|true|false&#8221; global_colors_info=&#8221;{}&#8221;][\/et_pb_button][\/et_pb_column][et_pb_column type=&#8221;1_4&#8243; _builder_version=&#8221;4.27.4&#8243; _module_preset=&#8221;default&#8221; global_colors_info=&#8221;{}&#8221;][et_pb_button button_url=&#8221;https:\/\/swissflute.ch\/wp-content\/uploads\/2025\/09\/Planning-Samedi_250910.pdf&#8221; url_new_window=&#8221;on&#8221; button_text=&#8221;ORARI CONCORSO SABATO 4\/10\/25&#8243; button_alignment=&#8221;center&#8221; _builder_version=&#8221;4.27.4&#8243; _module_preset=&#8221;ff2adfe7-38a9-4469-b63b-9c96616713d1&#8243; custom_button=&#8221;off&#8221; custom_margin=&#8221;-4px|||||&#8221; custom_padding=&#8221;32px|50px|32px|40px|true|false&#8221; global_colors_info=&#8221;{}&#8221;][\/et_pb_button][\/et_pb_column][et_pb_column type=&#8221;1_4&#8243; _builder_version=&#8221;4.27.4&#8243; _module_preset=&#8221;default&#8221; global_colors_info=&#8221;{}&#8221;][et_pb_button button_url=&#8221;https:\/\/swissflute.ch\/wp-content\/uploads\/2025\/09\/Planning-Cat-A_250923.pdf&#8221; url_new_window=&#8221;on&#8221; button_text=&#8221;ORARI CONCORSO SPECIFICI PER LA CATEGORIA A&#8221; button_alignment=&#8221;center&#8221; _builder_version=&#8221;4.27.4&#8243; _module_preset=&#8221;ff2adfe7-38a9-4469-b63b-9c96616713d1&#8243; custom_button=&#8221;off&#8221; custom_margin=&#8221;-4px|||||&#8221; global_colors_info=&#8221;{}&#8221;][\/et_pb_button][\/et_pb_column][\/et_pb_row][\/et_pb_section][et_pb_section fb_built=&#8221;1&#8243; admin_label=&#8221;Header&#8221; _builder_version=&#8221;4.27.4&#8243; _module_preset=&#8221;cd403b88-73d1-495f-820e-eb665d8dddb5&#8243; background_color_gradient_stops=&#8221;gcid-d119accd-44d7-4f2f-b9d7-599c8463324b 0%|rgba(255,255,255,0) 63%|rgba(7,33,48,0.6) 100%|#072130 100%&#8221; background_image=&#8221;https:\/\/swissflute.ch\/wp-content\/uploads\/2025\/02\/non-profit-03.jpg&#8221; custom_padding=&#8221;0px||0px|||&#8221; locked=&#8221;off&#8221; collapsed=&#8221;on&#8221; global_colors_info=&#8221;{%22gcid-1f1bf5fb-a99d-4acc-8d9e-ddac074c158c%22:%91%22background_color_gradient_stops%22,%22background_color_gradient_stops%22%93,%22gcid-4c79ba3d-a281-4fb6-9b14-02f9a4c793f2%22:%91%22background_color_gradient_stops%22,%22background_color_gradient_stops%22%93,%22gcid-688c464a-d6f2-4296-b592-395352c71c79%22:%91%22background_color_gradient_stops%22,%22background_color_gradient_stops%22%93,%22gcid-d119accd-44d7-4f2f-b9d7-599c8463324b%22:%91%22background_color_gradient_stops%22,%22background_color_gradient_stops%22%93}&#8221;][et_pb_row _builder_version=&#8221;4.25.1&#8243; _module_preset=&#8221;default&#8221; locked=&#8221;off&#8221; global_colors_info=&#8221;{}&#8221;][et_pb_column type=&#8221;4_4&#8243; _builder_version=&#8221;4.25.1&#8243; _module_preset=&#8221;default&#8221; global_colors_info=&#8221;{}&#8221;][et_pb_heading title=&#8221;Workshop partecipativi GRATUITI&#8221; module_id=&#8221;ateliers&#8221; _builder_version=&#8221;4.27.4&#8243; _module_preset=&#8221;default&#8221; title_text_color=&#8221;#E02B20&#8243; global_colors_info=&#8221;{}&#8221;][\/et_pb_heading][et_pb_button button_url=&#8221;#inscriptionateliers&#8221; button_text=&#8221;Alle iscrizioni ai workshop&#8221; _builder_version=&#8221;4.27.4&#8243; _module_preset=&#8221;default&#8221; custom_button=&#8221;on&#8221; button_text_color=&#8221;#FFFFFF&#8221; button_bg_color=&#8221;#000000&#8243; button_border_color=&#8221;#000000&#8243; custom_padding=&#8221;0px||1px|||&#8221; global_colors_info=&#8221;{}&#8221;][\/et_pb_button][et_pb_accordion open_toggle_text_color=&#8221;#E02B20&#8243; closed_toggle_text_color=&#8221;#E02B20&#8243; _builder_version=&#8221;4.27.4&#8243; _module_preset=&#8221;default&#8221; toggle_text_color=&#8221;#E02B20&#8243; toggle_level=&#8221;h3&#8243; toggle_font=&#8221;|800|||||||&#8221; closed_toggle_font=&#8221;|800|||||||&#8221; hover_enabled=&#8221;0&#8243; global_colors_info=&#8221;{}&#8221; sticky_enabled=&#8221;0&#8243;][et_pb_accordion_item title=&#8221;WORKSHOP DANCE DANCE&#8221; open=&#8221;on&#8221; _builder_version=&#8221;4.27.4&#8243; _module_preset=&#8221;default&#8221; hover_enabled=&#8221;0&#8243; global_colors_info=&#8221;{}&#8221; sticky_enabled=&#8221;0&#8243;]<\/p>\n<h2><strong>Sabato 4 ottobre 2025<\/strong><\/h2>\n<p><strong>WORKSHOP CON L&#8217;ORCHESTRA DI FLAUTI &#8220;PICCOLO&#8221;<\/strong><\/p>\n<p><strong>14H00-15H00<\/strong> | Workshop | Conservatorio di Nyon<\/p>\n<p data-start=\"145\" data-end=\"316\">Il workshop di flauto danzante tradizionale, condotto da Carole Reuge, vi invita a muovervi, suonare e divertirvi con il brano che avete preparato a memoria per il concorso.<\/p>\n<p data-start=\"318\" data-end=\"505\">Venite a incontrare altri bambini appassionati di flauto e a unirvi alla Piccolo Orchestra, un&#8217;allegra banda di flautisti che vi aspetta per condividere un fantastico momento musicale!<\/p>\n<p>&nbsp;<\/p>\n<h2>Domenica 5 ottobre<\/h2>\n<p>13:00 | Ritrovo in sala, allestimento<\/p>\n<p>13:30 &#8211; 15:00 | Cerimonia di premiazione e concerto | Aula della Scuola Media Marens, Nyon<\/p>\n<p>[\/et_pb_accordion_item][et_pb_accordion_item title=&#8221;WORKSHOP KUSTINO ORO&#8221; _builder_version=&#8221;4.27.4&#8243; _module_preset=&#8221;default&#8221; hover_enabled=&#8221;0&#8243; global_colors_info=&#8221;{}&#8221; open=&#8221;off&#8221; sticky_enabled=&#8221;0&#8243;]<\/p>\n<h2><strong>Sabato 4 ottobre 2025<\/strong><\/h2>\n<p><strong>WORKSHOP CON L&#8217;ORCHESTRA DI FLAUTI &#8220;PICCOLO&#8221;<\/strong><\/p>\n<p>Hai imparato il Kustino Oro per il concorso? Allora vieni a suonarlo con i musicisti pi\u00f9 esperti della Piccolo Orchestra! Un momento divertente per metterti alla prova, ballare insieme e condividere l&#8217;energia di questa danza vivace con altri flautisti appassionati. <\/p>\n<p><strong>15H00-16H00<\/strong> | Workshop | Conservatorio di Nyon<\/p>\n<h2>Domenica 5 ottobre<\/h2>\n<p>13:00 | Ritrovo in sala, allestimento<\/p>\n<p>13:30 &#8211; 15:00 | Cerimonia di premiazione e concerto | Aula della Scuola Media Marens, Nyon<\/p>\n<p>[\/et_pb_accordion_item][et_pb_accordion_item title=&#8221;WORKSHOP PIRATES DES CARA\u00cfBES&#8221; _builder_version=&#8221;4.27.4&#8243; _module_preset=&#8221;default&#8221; hover_enabled=&#8221;0&#8243; global_colors_info=&#8221;{}&#8221; open=&#8221;off&#8221; sticky_enabled=&#8221;0&#8243;]<\/p>\n<h2><strong>Sabato 4 ottobre 2025<\/strong><\/h2>\n<p><strong>Studenti di livello secondaria e superiore<\/strong><\/p>\n<p><strong>WORKSHOP CON L&#8217;ORCHESTRA DI FLAUTI LES VENTS BLANCS<\/strong><\/p>\n<p><strong>17H00-18H30<\/strong> | Workshop | Conservatorio di Nyon<\/p>\n<p>Pronti a salpare? I candidati della categoria B4 e superiori sono invitati a unirsi all&#8217;orchestra di flauti Les Vents Blancs per eseguire la leggendaria musica di Pirati dei Caraibi. Lo spartito ti verr\u00e0 inviato al momento dell&#8217;iscrizione&#8230; non ti resta che partire per l&#8217;avventura! <\/p>\n<h2>Domenica 5 ottobre<\/h2>\n<p>13:00 | Ritrovo in sala, allestimento<\/p>\n<p>13:00-15:00 | Cerimonia di premiazione e concerto | Aula della scuola media Marens, Nyon <\/p>\n<p>&nbsp;<\/p>\n<p>&nbsp;<\/p>\n<p>[\/et_pb_accordion_item][\/et_pb_accordion][\/et_pb_column][\/et_pb_row][et_pb_row _builder_version=&#8221;4.27.4&#8243; _module_preset=&#8221;default&#8221; global_colors_info=&#8221;{}&#8221;][et_pb_column type=&#8221;4_4&#8243; _builder_version=&#8221;4.27.4&#8243; _module_preset=&#8221;default&#8221; global_colors_info=&#8221;{}&#8221;][et_pb_text module_id=&#8221;inscriptionateliers&#8221; _builder_version=&#8221;4.27.4&#8243; _module_preset=&#8221;default&#8221; global_colors_info=&#8221;{}&#8221;]<\/p>\n\n<p>[\/et_pb_text][\/et_pb_column][\/et_pb_row][\/et_pb_section][et_pb_section fb_built=&#8221;1&#8243; admin_label=&#8221;Call to Action&#8221; _builder_version=&#8221;4.27.4&#8243; _module_preset=&#8221;3550502c-ee6b-45b6-adec-9ea2d78eb848&#8243; use_background_color_gradient=&#8221;on&#8221; background_color_gradient_type=&#8221;circular&#8221; background_color_gradient_direction_radial=&#8221;top left&#8221; background_color_gradient_stops=&#8221;gcid-2352d280-fe84-43b1-a71e-f400c35a526a 4%|rgba(255,255,255,0) 100%&#8221; background_color_gradient_overlays_image=&#8221;on&#8221; background_image=&#8221;https:\/\/swissflute.ch\/wp-content\/uploads\/2025\/05\/Concours.png&#8221; custom_padding=&#8221;0px||1px|||&#8221; collapsed=&#8221;on&#8221; global_colors_info=&#8221;{%22gcid-2352d280-fe84-43b1-a71e-f400c35a526a%22:%91%22background_color_gradient_stops%22%93}&#8221;][et_pb_row column_structure=&#8221;1_2,1_2&#8243; _builder_version=&#8221;4.25.2&#8243; _module_preset=&#8221;default&#8221; global_colors_info=&#8221;{}&#8221;][et_pb_column type=&#8221;1_2&#8243; _builder_version=&#8221;4.25.2&#8243; _module_preset=&#8221;9e87f09f-30be-49be-a498-70c51bfd8a4a&#8221; global_colors_info=&#8221;{}&#8221;][et_pb_image src=&#8221;https:\/\/swissflute.ch\/wp-content\/uploads\/2025\/09\/Piccolo_Geneve.png&#8221; title_text=&#8221;Piccolo_Gene\u0300ve&#8221; _builder_version=&#8221;4.27.4&#8243; _module_preset=&#8221;e864751a-837d-43ec-9e23-88090fb196a4&#8243; global_colors_info=&#8221;{}&#8221;][\/et_pb_image][et_pb_heading title=&#8221;Workshop e concerti con il supporto di due orchestre&#8221; _builder_version=&#8221;4.27.4&#8243; _module_preset=&#8221;1f68a9f5-4ca8-4442-8ef5-d471b809e7d1&#8243; title_font=&#8221;&#8211;et_global_heading_font||||||||&#8221; custom_margin=&#8221;||0px||false|false&#8221; global_colors_info=&#8221;{}&#8221;][\/et_pb_heading][et_pb_heading title=&#8221;Les Piccolo e les Vents Blancs &#8221; _builder_version=&#8221;4.27.4&#8243; _module_preset=&#8221;fd9bef5e-43bd-4db1-b248-2119f0aa3b27&#8243; title_font=&#8221;&#8211;et_global_body_font||||||||&#8221; title_text_color=&#8221;gcid-1f1b4e15-7cc6-4e13-8154-74d77a956460&#8243; custom_margin=&#8221;||10px||false|false&#8221; global_colors_info=&#8221;{%22gcid-1f1b4e15-7cc6-4e13-8154-74d77a956460%22:%91%22title_text_color%22%93}&#8221;][\/et_pb_heading][et_pb_text _builder_version=&#8221;4.27.4&#8243; _module_preset=&#8221;26d4e99a-6f7f-410e-8267-bdec24a9eed6&#8243; text_font=&#8221;&#8211;et_global_body_font||||||||&#8221; custom_margin=&#8221;-13px|||||&#8221; global_colors_info=&#8221;{}&#8221;]<\/p>\n<p>sono due orchestre, una composta da bambini di et\u00e0 compresa tra 6 e 15 anni e l&#8217;altra da giovani e adulti amatori di buon livello.<\/p>\n<p>[\/et_pb_text][\/et_pb_column][et_pb_column type=&#8221;1_2&#8243; _builder_version=&#8221;4.25.2&#8243; _module_preset=&#8221;default&#8221; custom_padding=&#8221;40px||||false|false&#8221; custom_padding_tablet=&#8221;0px||||false|false&#8221; custom_padding_phone=&#8221;0px||||false|false&#8221; custom_padding_last_edited=&#8221;on|tablet&#8221; global_colors_info=&#8221;{}&#8221;][et_pb_heading title=&#8221;Le Orchestre&#8221; _builder_version=&#8221;4.27.4&#8243; _module_preset=&#8221;7db299f6-e73f-4d50-8f53-8124ad5db4cb&#8221; title_font=&#8221;Weekly1||||||||&#8221; title_text_color=&#8221;#FFFFFF&#8221; custom_margin=&#8221;||10px||false|false&#8221; global_colors_info=&#8221;{}&#8221;][\/et_pb_heading][et_pb_text _builder_version=&#8221;4.27.4&#8243; _module_preset=&#8221;b6128511-675f-4329-b00f-524c3eef8165&#8243; text_font=&#8221;&#8211;et_global_body_font||||||||&#8221; global_colors_info=&#8221;{}&#8221;]<\/p>\n<p data-start=\"186\" data-end=\"451\">Les Piccolo e Les Vents Blancs sono aperte a flautisti di varie et\u00e0 e livelli. Dal 2014, le loro attivit\u00e0 le hanno portate ad esibirsi in eventi in Svizzera e in Europa, in particolare a Poznan (Polonia), Aveiro (Portogallo), sulla costa del Lago di Ginevra e in Costa Azzurra. <\/p>\n<p data-start=\"186\" data-end=\"451\">Hanno sostenuto le attivit\u00e0 legate al concorso Flute Gam(m)es fin dalla sua nascita.<\/p>\n<p>[\/et_pb_text][et_pb_text _builder_version=&#8221;4.27.4&#8243; _module_preset=&#8221;26d4e99a-6f7f-410e-8267-bdec24a9eed6&#8243; custom_margin=&#8221;-12px||10px||false|false&#8221; custom_padding=&#8221;2px|||265px||&#8221; global_colors_info=&#8221;{}&#8221;]<\/p>\n<pre data-start=\"0\" data-end=\"492\"><span style=\"color: #ffffff;\">Photo \u00a9 PA Balmer<\/span><\/pre>\n<p>[\/et_pb_text][et_pb_button button_url=&#8221;https:\/\/l-atelier-f.ch\/association\/&#8221; url_new_window=&#8221;on&#8221; button_text=&#8221;Sito ufficiale di orchestri<\/p>\n<p>&#8221; _builder_version=&#8221;4.27.4&#8243; _module_preset=&#8221;b155be52-80de-4fb3-8cfc-6e27bffd442d&#8221; custom_button=&#8221;off&#8221; global_colors_info=&#8221;{}&#8221;][\/et_pb_button][\/et_pb_column][\/et_pb_row][\/et_pb_section]<\/p>\n","protected":false},"excerpt":{"rendered":"<p>08h30 &#8211; 15h30 | Concorso Fl\u00fbte Gam(m)es08h30 &#8211; 15h30 | Concorso Fl\u00fbte Gam(m)es08h30-13h00 | Concorso Fl\u00fbte Gam(m)es 14h00-15h00 | Workshop Dance-Dance con &#8220;Les Piccolo&#8221; 15h00-16h00 | Workshop Kustino Oro con [&hellip;]<\/p>\n","protected":false},"author":2,"featured_media":3276,"parent":0,"menu_order":0,"comment_status":"closed","ping_status":"closed","template":"","meta":{"_et_pb_use_builder":"on","_et_pb_old_content":"","_et_gb_content_width":"","_price":"","_stock":"","_tribe_ticket_header":"","_tribe_default_ticket_provider":"","_tribe_ticket_capacity":"0","_ticket_start_date":"","_ticket_end_date":"","_tribe_ticket_show_description":"","_tribe_ticket_show_not_going":false,"_tribe_ticket_use_global_stock":"","_tribe_ticket_global_stock_level":"","_global_stock_mode":"","_global_stock_cap":"","_tribe_rsvp_for_event":"","_tribe_ticket_going_count":"","_tribe_ticket_not_going_count":"","_tribe_tickets_list":"[]","_tribe_ticket_has_attendee_info_fields":false,"footnotes":"","_tec_slr_enabled":"","_tec_slr_layout":""},"class_list":["post-4232","page","type-page","status-publish","has-post-thumbnail","hentry"],"ticketed":false,"_links":{"self":[{"href":"https:\/\/swissflute.ch\/it\/wp-json\/wp\/v2\/pages\/4232","targetHints":{"allow":["GET"]}}],"collection":[{"href":"https:\/\/swissflute.ch\/it\/wp-json\/wp\/v2\/pages"}],"about":[{"href":"https:\/\/swissflute.ch\/it\/wp-json\/wp\/v2\/types\/page"}],"author":[{"embeddable":true,"href":"https:\/\/swissflute.ch\/it\/wp-json\/wp\/v2\/users\/2"}],"replies":[{"embeddable":true,"href":"https:\/\/swissflute.ch\/it\/wp-json\/wp\/v2\/comments?post=4232"}],"version-history":[{"count":25,"href":"https:\/\/swissflute.ch\/it\/wp-json\/wp\/v2\/pages\/4232\/revisions"}],"predecessor-version":[{"id":4677,"href":"https:\/\/swissflute.ch\/it\/wp-json\/wp\/v2\/pages\/4232\/revisions\/4677"}],"wp:featuredmedia":[{"embeddable":true,"href":"https:\/\/swissflute.ch\/it\/wp-json\/wp\/v2\/media\/3276"}],"wp:attachment":[{"href":"https:\/\/swissflute.ch\/it\/wp-json\/wp\/v2\/media?parent=4232"}],"curies":[{"name":"wp","href":"https:\/\/api.w.org\/{rel}","templated":true}]}}