{"id":3417,"date":"2025-02-21T13:16:57","date_gmt":"2025-02-21T12:16:57","guid":{"rendered":"https:\/\/swissflute.ch\/info-open-space\/"},"modified":"2026-01-15T12:00:56","modified_gmt":"2026-01-15T11:00:56","slug":"info-open-space","status":"publish","type":"page","link":"https:\/\/swissflute.ch\/it\/info-open-space\/","title":{"rendered":"INFO OPEN SPACE"},"content":{"rendered":"<p>[et_pb_section fb_built=&#8221;1&#8243; admin_label=&#8221;Header &#038; Video&#8221; _builder_version=&#8221;4.27.4&#8243; _module_preset=&#8221;2b0dd4d5-c67e-4a05-99ff-283e5c95e04b&#8221; custom_margin=&#8221;||||false|false&#8221; locked=&#8221;off&#8221; collapsed=&#8221;on&#8221; global_colors_info=&#8221;{%22gcid-1f1bf5fb-a99d-4acc-8d9e-ddac074c158c%22:%91%22background_color_gradient_stops%22%93,%22gcid-a78660e1-cfc7-4771-a566-6834d6a7f06a%22:%91%22background_color_gradient_stops%22%93,%22gcid-24b0db87-dafa-47d9-995f-b90181e18c52%22:%91%22background_color_gradient_stops%22%93}&#8221;][et_pb_row _builder_version=&#8221;4.25.1&#8243; _module_preset=&#8221;default&#8221; global_colors_info=&#8221;{}&#8221;][et_pb_column type=&#8221;4_4&#8243; _builder_version=&#8221;4.25.1&#8243; _module_preset=&#8221;default&#8221; global_colors_info=&#8221;{}&#8221;][et_pb_heading title=&#8221;Info Open Space&#8221; _builder_version=&#8221;4.27.4&#8243; _module_preset=&#8221;bf67dd8a-27ff-4e75-8188-361a09394b13&#8243; title_level=&#8221;h2&#8243; title_font=&#8221;||||||||&#8221; title_text_color=&#8221;#494949&#8243; custom_margin=&#8221;||10px||false|false&#8221; global_colors_info=&#8221;{}&#8221;][\/et_pb_heading][et_pb_text _builder_version=&#8221;4.27.4&#8243; _module_preset=&#8221;e87e7072-c655-4c4c-95cd-9332f11a64d4&#8243; text_text_color=&#8221;#494949&#8243; global_colors_info=&#8221;{}&#8221;]<\/p>\n<p data-start=\"0\" data-end=\"78\">Benvenuti alle pagine multimediali della Societ\u00e0 Svizzera del Flauto<\/p>\n<p data-start=\"80\" data-end=\"610\" data-is-last-node=\"\">Qui, incoraggiamo tutti i nostri membri a condividere i loro progetti creativi e a contribuire ad arricchire la nostra comunit\u00e0. Che si tratti di video, registrazioni audio, foto, tutorial, articoli scritti o qualsiasi altra forma di contenuto, questa piattaforma \u00e8 a vostra disposizione per mostrare le vostre creazioni e idee. \u00c8 un&#8217;opportunit\u00e0 per mettere in risalto il vostro lavoro, scambiare idee con altri appassionati e partecipare alla vivace scena flautistica svizzera. Condividete le vostre creazioni e entrate in contatto con la comunit\u00e0!   <\/p>\n<p>[\/et_pb_text][et_pb_image src=&#8221;https:\/\/swissflute.ch\/wp-content\/uploads\/2025\/02\/Multimedia_2-1.png&#8221; alt=&#8221;monitor showing dialog boxes&#8221; title_text=&#8221;Multimedia_2&#8243; _builder_version=&#8221;4.27.4&#8243; _module_preset=&#8221;default&#8221; background_color=&#8221;#072130&#8243; use_background_color_gradient=&#8221;on&#8221; background_color_gradient_direction=&#8221;277deg&#8221; background_color_gradient_stops=&#8221;#072130 8%|rgba(255,255,255,0) 96%&#8221; border_radii=&#8221;on|30px|30px|30px|30px&#8221; global_colors_info=&#8221;{}&#8221;][\/et_pb_image][\/et_pb_column][\/et_pb_row][et_pb_row _builder_version=&#8221;4.27.5&#8243; _module_preset=&#8221;default&#8221; column_structure=&#8221;1_2,1_2&#8243;][et_pb_column _builder_version=&#8221;4.27.5&#8243; _module_preset=&#8221;default&#8221; type=&#8221;1_2&#8243;][et_pb_button button_url=&#8221;https:\/\/swissflute.ch\/it\/open-space\/&#8221; button_text=&#8221;Consulta il Open Space&#8221; button_alignment=&#8221;center&#8221; _builder_version=&#8221;4.27.4&#8243; _module_preset=&#8221;af10a789-2546-4d86-9713-1b2436090e86&#8243; custom_button=&#8221;off&#8221; custom_padding=&#8221;16px|39px|16px|40px|true|false&#8221; global_colors_info=&#8221;{}&#8221;][\/et_pb_button][\/et_pb_column][et_pb_column _builder_version=&#8221;4.27.5&#8243; _module_preset=&#8221;default&#8221; type=&#8221;1_2&#8243;][et_pb_button button_url=&#8221;https:\/\/swissflute.ch\/it\/presentazione-del-progetto\/&#8221; url_new_window=&#8221;on&#8221; button_text=&#8221;Condividi il tuo post\/progetto\/evento\/concerto&#8221; button_alignment=&#8221;center&#8221; _builder_version=&#8221;4.27.5&#8243; _module_preset=&#8221;default&#8221; global_colors_info=&#8221;{}&#8221; theme_builder_area=&#8221;post_content&#8221;][\/et_pb_button][\/et_pb_column][\/et_pb_row][\/et_pb_section][et_pb_section fb_built=&#8221;1&#8243; admin_label=&#8221;Features&#8221; _builder_version=&#8221;4.25.1&#8243; _module_preset=&#8221;97b87265-0ee5-4484-aa27-5d8979ede1b4&#8243; background_color=&#8221;gcid-ce695d38-7b45-4ff3-bae8-e54df8b6593b&#8221; locked=&#8221;off&#8221; collapsed=&#8221;on&#8221; global_colors_info=&#8221;{%22gcid-ce695d38-7b45-4ff3-bae8-e54df8b6593b%22:%91%22background_color%22%93}&#8221;][et_pb_row _builder_version=&#8221;4.25.1&#8243; _module_preset=&#8221;default&#8221; global_colors_info=&#8221;{}&#8221;][et_pb_column type=&#8221;4_4&#8243; _builder_version=&#8221;4.25.1&#8243; _module_preset=&#8221;default&#8221; global_colors_info=&#8221;{}&#8221;][et_pb_heading title=&#8221;Open space: condivisione creativa e collaborativa&#8221; _builder_version=&#8221;4.27.4&#8243; _module_preset=&#8221;b3da0f5c-24dc-4319-a051-14bb29f6a117&#8243; title_font=&#8221;||||||||&#8221; title_text_align=&#8221;center&#8221; custom_margin=&#8221;||10px||false|false&#8221; global_colors_info=&#8221;{}&#8221;][\/et_pb_heading][\/et_pb_column][\/et_pb_row][et_pb_row column_structure=&#8221;1_3,1_3,1_3&#8243; _builder_version=&#8221;4.25.2&#8243; _module_preset=&#8221;default&#8221; global_colors_info=&#8221;{}&#8221;][et_pb_column type=&#8221;1_3&#8243; _builder_version=&#8221;4.25.2&#8243; _module_preset=&#8221;default&#8221; global_colors_info=&#8221;{}&#8221;][et_pb_blurb title=&#8221;Video e audio&#8221; use_icon=&#8221;on&#8221; font_icon=&#8221;&#xf87c;||fa||900&#8243; icon_color=&#8221;#FFFFFF&#8221; _builder_version=&#8221;4.27.4&#8243; _module_preset=&#8221;55962a43-9564-47b7-8e2a-5e90f20ee5fa&#8221; header_font=&#8221;||||||||&#8221; body_font=&#8221;||||||||&#8221; background_color=&#8221;gcid-1f1b4e15-7cc6-4e13-8154-74d77a956460&#8243; text_orientation=&#8221;center&#8221; custom_padding=&#8221;56px|40px|56px|40px|true|true&#8221; global_colors_info=&#8221;{%22gcid-d7cd5a78-aaef-4f36-82a3-4d3706015cba%22:%91%22link_text_color%22,%22link_text_color%22%93,%22gcid-1f1b4e15-7cc6-4e13-8154-74d77a956460%22:%91%22link_text_color%22,%22quote_text_color%22,%22quote_border_color%22,%22background_color%22%93}&#8221;]<\/p>\n<p>Condividete i vostri lavori audio o video e le vostre foto<\/p>\n<p>[\/et_pb_blurb][\/et_pb_column][et_pb_column type=&#8221;1_3&#8243; _builder_version=&#8221;4.25.2&#8243; _module_preset=&#8221;default&#8221; global_colors_info=&#8221;{}&#8221;][et_pb_blurb title=&#8221;Forum aperto&#8221; use_icon=&#8221;on&#8221; font_icon=&#8221;&#xf1ea;||fa||400&#8243; icon_color=&#8221;#FFFFFF&#8221; _builder_version=&#8221;4.27.4&#8243; _module_preset=&#8221;55962a43-9564-47b7-8e2a-5e90f20ee5fa&#8221; header_font=&#8221;||||||||&#8221; body_font=&#8221;||||||||&#8221; background_color=&#8221;#072130&#8243; text_orientation=&#8221;center&#8221; custom_padding=&#8221;56px|40px|56px|40px|true|true&#8221; locked=&#8221;off&#8221; global_colors_info=&#8221;{}&#8221;]<\/p>\n<p>Inviate i vostri articoli o testi su argomenti di vostra scelta. <\/p>\n<p>[\/et_pb_blurb][\/et_pb_column][et_pb_column type=&#8221;1_3&#8243; _builder_version=&#8221;4.25.2&#8243; _module_preset=&#8221;default&#8221; global_colors_info=&#8221;{}&#8221;][et_pb_blurb title=&#8221;Ritratti&#8221; use_icon=&#8221;on&#8221; font_icon=&#8221;&#xf500;||fa||900&#8243; icon_color=&#8221;#FFFFFF&#8221; _builder_version=&#8221;4.27.4&#8243; _module_preset=&#8221;55962a43-9564-47b7-8e2a-5e90f20ee5fa&#8221; header_font=&#8221;||||||||&#8221; body_font=&#8221;||||||||&#8221; background_color=&#8221;#969696&#8243; text_orientation=&#8221;center&#8221; custom_padding=&#8221;54px|40px|54px|40px|true|true&#8221; locked=&#8221;off&#8221; global_colors_info=&#8221;{}&#8221;]<\/p>\n<p>Incontra flautisti in Svizzera<\/p>\n<p>[\/et_pb_blurb][\/et_pb_column][\/et_pb_row][et_pb_row column_structure=&#8221;1_3,1_3,1_3&#8243; _builder_version=&#8221;4.25.2&#8243; _module_preset=&#8221;default&#8221; global_colors_info=&#8221;{}&#8221;][et_pb_column type=&#8221;1_3&#8243; _builder_version=&#8221;4.25.2&#8243; _module_preset=&#8221;default&#8221; global_colors_info=&#8221;{}&#8221;][et_pb_blurb title=&#8221;Calendario&#8221; use_icon=&#8221;on&#8221; font_icon=&#8221;&#xe023;||divi||400&#8243; icon_color=&#8221;#FFFFFF&#8221; _builder_version=&#8221;4.27.4&#8243; _module_preset=&#8221;55962a43-9564-47b7-8e2a-5e90f20ee5fa&#8221; header_font=&#8221;||||||||&#8221; body_font=&#8221;||||||||&#8221; text_orientation=&#8221;center&#8221; custom_padding=&#8221;66px|40px|66px|40px|true|true&#8221; locked=&#8221;off&#8221; global_colors_info=&#8221;{}&#8221;]<\/p>\n<p>I vostri eventi, concerti, workshop, corsi, masterclass<\/p>\n<p>[\/et_pb_blurb][\/et_pb_column][et_pb_column type=&#8221;1_3&#8243; _builder_version=&#8221;4.25.2&#8243; _module_preset=&#8221;default&#8221; global_colors_info=&#8221;{}&#8221;][et_pb_blurb title=&#8221;Ricerca e innovazione&#8221; use_icon=&#8221;on&#8221; font_icon=&#8221;&#xf19c;||fa||900&#8243; icon_color=&#8221;#FFFFFF&#8221; _builder_version=&#8221;4.27.4&#8243; _module_preset=&#8221;55962a43-9564-47b7-8e2a-5e90f20ee5fa&#8221; header_font=&#8221;||||||||&#8221; body_font=&#8221;||||||||&#8221; background_color=&#8221;#969696&#8243; text_orientation=&#8221;center&#8221; custom_padding=&#8221;50px|40px|50px|40px|true|true&#8221; locked=&#8221;off&#8221; global_colors_info=&#8221;{}&#8221;]<\/p>\n<p>Condividete qui le vostre ricerche accademiche, tesi, ecc.<\/p>\n<p>[\/et_pb_blurb][\/et_pb_column][et_pb_column type=&#8221;1_3&#8243; _builder_version=&#8221;4.25.2&#8243; _module_preset=&#8221;default&#8221; global_colors_info=&#8221;{}&#8221;][et_pb_blurb title=&#8221;Annunci economici&#8221; use_icon=&#8221;on&#8221; font_icon=&#8221;&#xf0a1;||fa||900&#8243; icon_color=&#8221;#FFFFFF&#8221; _builder_version=&#8221;4.27.4&#8243; _module_preset=&#8221;55962a43-9564-47b7-8e2a-5e90f20ee5fa&#8221; header_font=&#8221;||||||||&#8221; body_font=&#8221;||||||||&#8221; background_color=&#8221;gcid-1f1b4e15-7cc6-4e13-8154-74d77a956460&#8243; text_orientation=&#8221;center&#8221; custom_padding=&#8221;63px|40px|63px|40px|true|true&#8221; global_colors_info=&#8221;{%22gcid-d7cd5a78-aaef-4f36-82a3-4d3706015cba%22:%91%22link_text_color%22,%22link_text_color%22%93,%22gcid-1f1b4e15-7cc6-4e13-8154-74d77a956460%22:%91%22link_text_color%22,%22quote_text_color%22,%22quote_border_color%22,%22background_color%22%93}&#8221;]<\/p>\n<p>Compra e vendi strumenti. Compra e vendi spartiti usati. <\/p>\n<p>[\/et_pb_blurb][\/et_pb_column][\/et_pb_row][\/et_pb_section][et_pb_section fb_built=&#8221;1&#8243; admin_label=&#8221;Call to Action&#8221; _builder_version=&#8221;4.25.1&#8243; _module_preset=&#8221;97b87265-0ee5-4484-aa27-5d8979ede1b4&#8243; locked=&#8221;off&#8221; collapsed=&#8221;on&#8221; global_colors_info=&#8221;{}&#8221;][et_pb_row column_structure=&#8221;1_2,1_2&#8243; _builder_version=&#8221;4.25.1&#8243; _module_preset=&#8221;default&#8221; locked=&#8221;off&#8221; global_colors_info=&#8221;{}&#8221;][et_pb_column type=&#8221;1_2&#8243; _builder_version=&#8221;4.25.1&#8243; _module_preset=&#8221;default&#8221; global_colors_info=&#8221;{}&#8221;][et_pb_image src=&#8221;https:\/\/swissflute.ch\/wp-content\/uploads\/2025\/02\/ordinateur.png&#8221; title_text=&#8221;ordinateur&#8221; _builder_version=&#8221;4.27.4&#8243; _module_preset=&#8221;default&#8221; custom_margin=&#8221;||||false|false&#8221; border_radii=&#8221;on|30px|30px|30px|30px&#8221; global_colors_info=&#8221;{}&#8221;][\/et_pb_image][\/et_pb_column][et_pb_column type=&#8221;1_2&#8243; _builder_version=&#8221;4.25.1&#8243; _module_preset=&#8221;default&#8221; global_colors_info=&#8221;{}&#8221;][et_pb_heading title=&#8221;Invio di progetti multimediali&#8221; _builder_version=&#8221;4.27.4&#8243; _module_preset=&#8221;b3da0f5c-24dc-4319-a051-14bb29f6a117&#8243; title_font=&#8221;||||||||&#8221; custom_margin=&#8221;||10px||false|false&#8221; global_colors_info=&#8221;{}&#8221;][\/et_pb_heading][et_pb_text _builder_version=&#8221;4.27.4&#8243; _module_preset=&#8221;6cbe1880-b84d-4026-9937-99cc1d9b5009&#8243; text_font=&#8221;||||||||&#8221; global_colors_info=&#8221;{}&#8221;]<\/p>\n<p>Questa piattaforma multimediale \u00e8 progettata per consentire ai nostri membri di condividere facilmente le loro creazioni. Per pubblicare video, file audio, foto, articoli o altri contenuti, \u00e8 sufficiente compilare un breve modulo. Questo processo semplifica l&#8217;invio e la presentazione dei tuoi progetti e consente alla comunit\u00e0 dei flautisti di scoprire e discutere il tuo lavoro.  <\/p>\n<p>[\/et_pb_text][et_pb_button button_text=&#8221;Invia il tuo progetto&#8221; _builder_version=&#8221;4.27.4&#8243; _module_preset=&#8221;ff2adfe7-38a9-4469-b63b-9c96616713d1&#8243; global_colors_info=&#8221;{}&#8221;][\/et_pb_button][\/et_pb_column][\/et_pb_row][\/et_pb_section]<\/p>\n","protected":false},"excerpt":{"rendered":"<p>Benvenuti alle pagine multimediali della Societ\u00e0 Svizzera del Flauto Qui, incoraggiamo tutti i nostri membri a condividere i loro progetti creativi e a contribuire ad arricchire la nostra comunit\u00e0. Che [&hellip;]<\/p>\n","protected":false},"author":2,"featured_media":0,"parent":0,"menu_order":0,"comment_status":"closed","ping_status":"closed","template":"","meta":{"_et_pb_use_builder":"on","_et_pb_old_content":"","_et_gb_content_width":"","_price":"","_stock":"","_tribe_ticket_header":"","_tribe_default_ticket_provider":"","_tribe_ticket_capacity":"0","_ticket_start_date":"","_ticket_end_date":"","_tribe_ticket_show_description":"","_tribe_ticket_show_not_going":false,"_tribe_ticket_use_global_stock":"","_tribe_ticket_global_stock_level":"","_global_stock_mode":"","_global_stock_cap":"","_tribe_rsvp_for_event":"","_tribe_ticket_going_count":"","_tribe_ticket_not_going_count":"","_tribe_tickets_list":"[]","_tribe_ticket_has_attendee_info_fields":false,"footnotes":"","_tec_slr_enabled":"","_tec_slr_layout":""},"class_list":["post-3417","page","type-page","status-publish","hentry"],"ticketed":false,"_links":{"self":[{"href":"https:\/\/swissflute.ch\/it\/wp-json\/wp\/v2\/pages\/3417","targetHints":{"allow":["GET"]}}],"collection":[{"href":"https:\/\/swissflute.ch\/it\/wp-json\/wp\/v2\/pages"}],"about":[{"href":"https:\/\/swissflute.ch\/it\/wp-json\/wp\/v2\/types\/page"}],"author":[{"embeddable":true,"href":"https:\/\/swissflute.ch\/it\/wp-json\/wp\/v2\/users\/2"}],"replies":[{"embeddable":true,"href":"https:\/\/swissflute.ch\/it\/wp-json\/wp\/v2\/comments?post=3417"}],"version-history":[{"count":6,"href":"https:\/\/swissflute.ch\/it\/wp-json\/wp\/v2\/pages\/3417\/revisions"}],"predecessor-version":[{"id":5368,"href":"https:\/\/swissflute.ch\/it\/wp-json\/wp\/v2\/pages\/3417\/revisions\/5368"}],"wp:attachment":[{"href":"https:\/\/swissflute.ch\/it\/wp-json\/wp\/v2\/media?parent=3417"}],"curies":[{"name":"wp","href":"https:\/\/api.w.org\/{rel}","templated":true}]}}