{"id":7079,"date":"2026-04-21T12:37:35","date_gmt":"2026-04-21T10:37:35","guid":{"rendered":"https:\/\/swissflute.ch\/?page_id=7079"},"modified":"2026-04-22T11:53:57","modified_gmt":"2026-04-22T09:53:57","slug":"repertoire","status":"publish","type":"page","link":"https:\/\/swissflute.ch\/en\/repertoire\/","title":{"rendered":"COMPETITION REPERTOIRE"},"content":{"rendered":"<p>[et_pb_section fb_built=&#8221;1&#8243; admin_label=&#8221;Header&#8221; _builder_version=&#8221;4.27.4&#8243; _module_preset=&#8221;cd403b88-73d1-495f-820e-eb665d8dddb5&#8243; background_color_gradient_stops=&#8221;gcid-d119accd-44d7-4f2f-b9d7-599c8463324b 0%|rgba(255,255,255,0) 63%|rgba(7,33,48,0.6) 100%|#072130 100%&#8221; background_image=&#8221;https:\/\/swissflute.ch\/wp-content\/uploads\/2025\/02\/non-profit-03.jpg&#8221; custom_padding=&#8221;0px|||||&#8221; locked=&#8221;off&#8221; collapsed=&#8221;on&#8221; global_colors_info=&#8221;{%22gcid-1f1bf5fb-a99d-4acc-8d9e-ddac074c158c%22:%91%22background_color_gradient_stops%22,%22background_color_gradient_stops%22%93,%22gcid-4c79ba3d-a281-4fb6-9b14-02f9a4c793f2%22:%91%22background_color_gradient_stops%22,%22background_color_gradient_stops%22%93,%22gcid-688c464a-d6f2-4296-b592-395352c71c79%22:%91%22background_color_gradient_stops%22,%22background_color_gradient_stops%22%93,%22gcid-d119accd-44d7-4f2f-b9d7-599c8463324b%22:%91%22background_color_gradient_stops%22,%22background_color_gradient_stops%22%93}&#8221;][et_pb_row _builder_version=&#8221;4.25.1&#8243; _module_preset=&#8221;default&#8221; locked=&#8221;off&#8221; global_colors_info=&#8221;{}&#8221;][et_pb_column type=&#8221;4_4&#8243; _builder_version=&#8221;4.25.1&#8243; _module_preset=&#8221;default&#8221; global_colors_info=&#8221;{}&#8221;][et_pb_heading title=&#8221;Repertoire 2026&#8243; admin_label=&#8221;avantages&#8221; module_id=&#8221;inscription concours 25&#8243; _builder_version=&#8221;4.27.6&#8243; _module_preset=&#8221;7db299f6-e73f-4d50-8f53-8124ad5db4cb&#8221; title_font=&#8221;||||||||&#8221; custom_margin=&#8221;||10px||false|false&#8221; custom_padding=&#8221;||24px|||&#8221; global_colors_info=&#8221;{}&#8221;][\/et_pb_heading][\/et_pb_column][\/et_pb_row][\/et_pb_section][et_pb_section fb_built=&#8221;1&#8243; admin_label=&#8221;Call to Action&#8221; _builder_version=&#8221;4.27.4&#8243; _module_preset=&#8221;3550502c-ee6b-45b6-adec-9ea2d78eb848&#8243; use_background_color_gradient=&#8221;on&#8221; background_color_gradient_type=&#8221;circular&#8221; background_color_gradient_direction_radial=&#8221;top left&#8221; background_color_gradient_stops=&#8221;gcid-2352d280-fe84-43b1-a71e-f400c35a526a 37%|rgba(255,255,255,0) 100%&#8221; background_color_gradient_overlays_image=&#8221;on&#8221; background_enable_image=&#8221;off&#8221; custom_padding=&#8221;||0px|||&#8221; collapsed=&#8221;on&#8221; global_colors_info=&#8221;{%22gcid-2352d280-fe84-43b1-a71e-f400c35a526a%22:%91%22background_color_gradient_stops%22%93}&#8221;][et_pb_row column_structure=&#8221;1_2,1_2&#8243; _builder_version=&#8221;4.27.4&#8243; _module_preset=&#8221;default&#8221; custom_padding=&#8221;||5px|||&#8221; global_colors_info=&#8221;{}&#8221;][et_pb_column type=&#8221;1_2&#8243; _builder_version=&#8221;4.27.4&#8243; _module_preset=&#8221;default&#8221; global_colors_info=&#8221;{}&#8221;][et_pb_icon font_icon=&#8221;&#xe07a;||divi||400&#8243; icon_color=&#8221;#e50b00&#8243; icon_width=&#8221;39px&#8221; _builder_version=&#8221;4.27.4&#8243; _module_preset=&#8221;default&#8221; global_colors_info=&#8221;{}&#8221;][\/et_pb_icon][et_pb_text _builder_version=&#8221;4.27.6&#8243; _module_preset=&#8221;default&#8221; global_colors_info=&#8221;{}&#8221;]<\/p>\n<h3 data-start=\"0\" data-end=\"197\"><span style=\"color: #ff0000;\">ORIGINAL SCORE<\/span><\/h3>\n<p data-start=\"0\" data-end=\"197\"><span style=\"color: #ff0000;\">If the score is not available on IMSLP, it is mandatory to use the original score ordered beforehand.<\/span><\/p>\n<p data-start=\"199\" data-end=\"260\" data-is-last-node=\"\" data-is-only-node=\"\"><span style=\"color: #ff0000;\">Any candidate who does not comply with this rule will be disqualified.<\/span><\/p>\n<p data-start=\"199\" data-end=\"260\" data-is-last-node=\"\" data-is-only-node=\"\"><span style=\"color: #ff0000;\">Only the score for the pieces required by heart is provided by the competition.<\/span><\/p>\n<p>&nbsp;<\/p>\n<p>[\/et_pb_text][\/et_pb_column][et_pb_column type=&#8221;1_2&#8243; _builder_version=&#8221;4.27.4&#8243; _module_preset=&#8221;default&#8221; global_colors_info=&#8221;{}&#8221;][et_pb_icon font_icon=&#8221;&#xe092;||divi||400&#8243; icon_color=&#8221;#e50b00&#8243; icon_width=&#8221;39px&#8221; url=&#8221;https:\/\/drive.google.com\/drive\/folders\/1QKjO9f0gM9NULYfitHzThbTo99JztUxh?usp=drive_link&#8221; _builder_version=&#8221;4.27.6&#8243; _module_preset=&#8221;default&#8221; global_colors_info=&#8221;{}&#8221;][\/et_pb_icon][et_pb_text _builder_version=&#8221;4.27.6&#8243; _module_preset=&#8221;default&#8221; global_colors_info=&#8221;{}&#8221;]<\/p>\n<p data-start=\"0\" data-end=\"109\"><span style=\"color: #ff0000;\">The piece to be memorized is published by the competition, and the score is provided free of charge to candidates.<\/span><\/p>\n<p data-start=\"111\" data-end=\"167\" data-is-last-node=\"\" data-is-only-node=\"\"><span style=\"color: #ff0000;\">Download available by clicking above.<\/span><\/p>\n<p>[\/et_pb_text][\/et_pb_column][\/et_pb_row][\/et_pb_section][et_pb_section fb_built=&#8221;1&#8243; _builder_version=&#8221;4.27.6&#8243; _module_preset=&#8221;default&#8221; global_colors_info=&#8221;{}&#8221;][et_pb_row _builder_version=&#8221;4.27.6&#8243; _module_preset=&#8221;default&#8221; global_colors_info=&#8221;{}&#8221;][et_pb_column type=&#8221;4_4&#8243; _builder_version=&#8221;4.27.6&#8243; _module_preset=&#8221;default&#8221; global_colors_info=&#8221;{}&#8221;][et_pb_accordion _builder_version=&#8221;4.27.6&#8243; _module_preset=&#8221;default&#8221; custom_margin=&#8221;-13px|||||&#8221; global_colors_info=&#8221;{}&#8221;][et_pb_accordion_item title=&#8221;Cat\u00e9gorie A1 &#8211; Seasoned&#8221; open=&#8221;off&#8221; _builder_version=&#8221;4.27.6&#8243; _module_preset=&#8221;default&#8221; global_colors_info=&#8221;{}&#8221;]<\/p>\n<p>Candidates born between October 2, 2011, and October 1, 2014, inclusive<br \/>Ages 12-14<\/p>\n<p><strong>Middle-secondary level<\/strong><\/p>\n<ol>\n<li>Wilhelm Popp &#8211; Gru\u00df aus Ungarn &#8211; Available on IMSLP<\/li>\n<li><span style=\"color: #ff0000;\"><strong>To be played by heart:<\/strong> <\/span>Swallowtail jig &amp; The Irish washerwoman &#8211; flute 2<\/li>\n<\/ol>\n<p>[\/et_pb_accordion_item][et_pb_accordion_item title=&#8221;Category A2 &#8211; Meritorious&#8221; _builder_version=&#8221;4.27.6&#8243; _module_preset=&#8221;default&#8221; global_colors_info=&#8221;{}&#8221; open=&#8221;off&#8221;]<\/p>\n<p>Born between October 2, 2008, and October 1, 2011, inclusive<br \/>Ages 15-17<\/p>\n<p><strong>Upper secondary level (certificate)<\/strong><\/p>\n<ol>\n<li>Eug\u00e8ne Bozza &#8211; Soir d&#8217;\u00e9t\u00e9 dans les montagnes &#8211; edition Alphonse Leduc<\/li>\n<li><span style=\"color: #ff0000;\"><strong>To be played by heart:<\/strong> <\/span>Swallowtail jig &amp; The Irish washerwoman &#8211; fl\u00fbte 1<\/li>\n<\/ol>\n<p>[\/et_pb_accordion_item][et_pb_accordion_item title=&#8221;Category A3 &#8211; Aspriants&#8221; _builder_version=&#8221;4.27.6&#8243; _module_preset=&#8221;default&#8221; global_colors_info=&#8221;{}&#8221; open=&#8221;off&#8221;]<\/p>\n<p>Candidates born between October 2, 2005 and October 1, 2011 inclusive<br \/>Ages 15-20<\/p>\n<p><strong>Pre-professional level<\/strong><\/p>\n<ol>\n<li>Cl\u00e9mence de Grandval &#8211; Suite pour fl\u00fbte et piano (pr\u00e9lude and final) &#8211; Available on IMSLP<\/li>\n<li><span style=\"color: #ff0000;\"><strong>To be played by heart:<\/strong> <\/span>Swallowtail jig &amp; The Irish washerwoman &#8211; fl\u00fbte 1 <\/li>\n<\/ol>\n<p>[\/et_pb_accordion_item][et_pb_accordion_item title=&#8221;Category B1 &#8211; Largo&#8221; _builder_version=&#8221;4.27.6&#8243; _module_preset=&#8221;default&#8221; global_colors_info=&#8221;{}&#8221; open=&#8221;off&#8221;]<\/p>\n<p>Candidates born between October 2, 2005 and October 1, 2021 inclusive<\/p>\n<p>Maximum age: 20<\/p>\n<p><strong>Preparatory level (beginners)<\/strong><\/p>\n<ol>\n<li><span style=\"color: #ff0000;\"><strong>To be played by heart:<\/strong> <\/span>Eric Ledeuil &#8211; Americas, Une Perruche au P\u00e9rou &#8211; Edition Billaudot, reference <span class=\"soustitrefiche\"><span>GB10516<\/span><\/span> <\/li>\n<\/ol>\n<p>[\/et_pb_accordion_item][et_pb_accordion_item title=&#8221;Category B2 &#8211; Adagio&#8221; _builder_version=&#8221;4.27.6&#8243; _module_preset=&#8221;default&#8221; global_colors_info=&#8221;{}&#8221; open=&#8221;off&#8221;]<\/p>\n<p>Candidates born between October 2, 2005 and October 1, 2021 inclusive<\/p>\n<p>Maximum age: 20<\/p>\n<p><strong>Elementary Level<\/strong><\/p>\n<ol>\n<li>Jean-Marc Serre &#8211; Galop &#8211; editions Henri Lemoine, reference RM5823<\/li>\n<li><span style=\"color: #ff0000;\"><strong>Choice of play by heart<\/strong><\/span><span style=\"color: #ff0000;\"><strong>:<\/strong> <\/span><span style=\"color: #ff0000;\"><strong>:<\/strong> <strong>1)<\/strong><\/span> Talijanska &#8211; fl\u00fbte 2 <strong>ou<\/strong> <strong><span style=\"color: #ff0000;\">2)<\/span><\/strong> Eric Ledeuil &#8211; Americas, Une Perruche au P\u00e9rou<\/li>\n<\/ol>\n<p>&nbsp;<\/p>\n<p>[\/et_pb_accordion_item][et_pb_accordion_item title=&#8221;Category B3 &#8211; Andante&#8221; _builder_version=&#8221;4.27.6&#8243; _module_preset=&#8221;default&#8221; global_colors_info=&#8221;{}&#8221; open=&#8221;off&#8221;]<\/p>\n<p>Candidates born between October 2, 2005 and October 1, 2021 inclusive<\/p>\n<p>Maximum age: 20<\/p>\n<p><strong>Elementary end level <\/p>\n<p><\/strong><\/p>\n<ol>\n<li>Marie-Agn\u00e8s Sauvignet &#8211; Les Trap\u00e9zistes &#8211; \u00e9ditions Henri Lemoine, r\u00e9f\u00e9rence RM3826<\/li>\n<li><span style=\"color: #ff0000;\"><strong>To be played by heart:<\/strong> <\/span>Talijanska &#8211; flute 1 <\/li>\n<\/ol>\n<p>[\/et_pb_accordion_item][et_pb_accordion_item title=&#8221;Category B4 &#8211; Moderato<\/p>\n<p>&#8221; _builder_version=&#8221;4.27.6&#8243; _module_preset=&#8221;default&#8221; global_colors_info=&#8221;{}&#8221; open=&#8221;off&#8221;]<\/p>\n<p>Candidates born between October 2, 2005 and October 1, 2021 inclusive<\/p>\n<p>Maximum age: 20<\/p>\n<p><strong>Intermediate level<\/strong><\/p>\n<ol>\n<li>Pascal Proust &#8211; Un dimanche \u00e0 Sch\u00f6nbrunn &#8211; Edition Henri Lemoine, reference RM4420<\/li>\n<li><span style=\"color: #ff0000;\"><strong>To be played by heart:<\/strong> <\/span>Talijanska &#8211; <span style=\"color: #ff0000;\"><strong>Flute 1 or 2 (your choice)<\/strong><\/span> <\/li>\n<\/ol>\n<p>[\/et_pb_accordion_item][et_pb_accordion_item title=&#8221;Category B5 &#8211; Allegretto&#8221; _builder_version=&#8221;4.27.6&#8243; _module_preset=&#8221;default&#8221; global_colors_info=&#8221;{}&#8221; open=&#8221;on&#8221;]<\/p>\n<p>Candidates born between October 2, 2005 and October 1, 2021 inclusive<\/p>\n<p>Maximum age: 20<\/p>\n<p><strong>Beginning of secondary level<\/strong><\/p>\n<ol>\n<li>Ernesto K\u00f6hler &#8211; Danse des Pierrots op 88 no 4 &#8211; Available on IMSLP<\/li>\n<li><span style=\"color: #ff0000;\"><strong>To be played by heart:<\/strong> <\/span>Talijanska &#8211; fl\u00fbte 2 <\/li>\n<\/ol>\n<p>[\/et_pb_accordion_item][et_pb_accordion_item title=&#8221;Category B6 &#8211; Allegro <\/p>\n<p>&#8221; _builder_version=&#8221;4.27.6&#8243; _module_preset=&#8221;default&#8221; global_colors_info=&#8221;{}&#8221; open=&#8221;off&#8221;]<\/p>\n<p>Candidates born between October 2, 2005 and October 1, 2021 inclusive<\/p>\n<p>Maximum age: 20<\/p>\n<p><strong>Late secondary level <\/p>\n<p><\/strong><\/p>\n<p>&nbsp;<\/p>\n<ol>\n<li>Arthur Foote &#8211; Aubade villageoise &#8211; Available on IMSLP<\/li>\n<li><span style=\"color: #ff0000;\"><strong>To be played by heart:<\/strong> <\/span>Swallowtail jig &amp; The Irish washerwoman &#8211; fl\u00fbue 2 <\/li>\n<\/ol>\n<p>[\/et_pb_accordion_item][et_pb_accordion_item title=&#8221;Category B7 &#8211; Presto&#8221; _builder_version=&#8221;4.27.6&#8243; _module_preset=&#8221;default&#8221; global_colors_info=&#8221;{}&#8221; open=&#8221;off&#8221;]<\/p>\n<p>Candidates born between October 2, 2005 and October 1, 2021 inclusive<\/p>\n<p>Maximum age: 20<\/p>\n<p><strong>Upper secondary level and certificate<\/strong><\/p>\n<ol>\n<li>Claude Arrieu &#8211; Sonatine pour fl\u00fbte et piano &#8211; Edition Durand, reference <span class=\"soustitrefiche\">DF01692700<\/span><\/li>\n<li><span style=\"color: #ff0000;\"><strong>To be played by heart:<\/strong> <\/span>Swallowtail jig &amp; The Irish washerwoman &#8211; fl\u00fbte 1<\/li>\n<\/ol>\n<p>[\/et_pb_accordion_item][et_pb_accordion_item title=&#8221;Category C1 &#8211; Gnomes&#8221; _builder_version=&#8221;4.27.6&#8243; _module_preset=&#8221;default&#8221; global_colors_info=&#8221;{}&#8221; open=&#8221;off&#8221;]<\/p>\n<p>Candidates born between October 2, 2005 and October 1, 2021 inclusive<\/p>\n<p>Ensembles of 2 or more musicians, without a conductor<\/p>\n<p>Elementary level &#8211; max 4 minutes:<\/p>\n<ul>\n<li>2 pieces in different styles<\/li>\n<li>Elementary level<\/li>\n<li>Max 4 minutes<\/li>\n<\/ul>\n<p>[\/et_pb_accordion_item][et_pb_accordion_item title=&#8221;Categroy C2 &#8211; Leprechaun&#8221; _builder_version=&#8221;4.27.6&#8243; _module_preset=&#8221;default&#8221; global_colors_info=&#8221;{}&#8221; open=&#8221;off&#8221;]<\/p>\n<p>Candidates born between October 2, 2005 and October 1, 2021 inclusive<\/p>\n<p>Ensembles of 2 or more musicians, without a conductor<\/p>\n<p>Intermediate level &#8211; max 6 minutes:<\/p>\n<ul>\n<li>2 pieces in different styles<\/li>\n<li>Intermediate level<\/li>\n<li>Max 6 minutes<\/li>\n<\/ul>\n<p>[\/et_pb_accordion_item][et_pb_accordion_item title=&#8221;Categroy C3 &#8211; Enchanters&#8221; _builder_version=&#8221;4.27.6&#8243; _module_preset=&#8221;default&#8221; global_colors_info=&#8221;{}&#8221; open=&#8221;off&#8221;]<\/p>\n<p>Candidates born between October 2, 2005 and October 1, 2021 inclusive<\/p>\n<p>Ensembles of 2 or more musicians, without a conductor<\/p>\n<p>Secondary to upper level &#8211; max 8 minutes:<\/p>\n<ul>\n<li>2 pieces in different styles<\/li>\n<li>Secondary level\n<\/li>\n<li>Max 8 minutes\n<\/li>\n<\/ul>\n<p>[\/et_pb_accordion_item][et_pb_accordion_item title=&#8221;Category D1 &#8211; Minuet&#8221; _builder_version=&#8221;4.27.6&#8243; _module_preset=&#8221;default&#8221; global_colors_info=&#8221;{}&#8221; open=&#8221;off&#8221;]<\/p>\n<p>Candidates born between October 2, 2000 and October 1, 2021 inclusive<\/p>\n<p>\u00c2ge maximum: 25 ans<\/p>\n<p><strong>Elementary level<\/p>\n<p><\/strong><\/p>\n<ul>\n<li><span style=\"font-size: 10pt; font-family: Arial; font-style: normal;\" data-sheets-root=\"1\">Jacques Hotteterre &#8211; Suite 4, Air Le Fleuri (from suite no. 4 of Jacques Hotteterre&#8217;s Premier Livre de Pieces Pour la Fl\u00fbte-traversi\u00e8re, et autres Instruments, Avec la Basse, new edition, published in Paris, 1708) &#8211; Available in La Fl\u00fbte Classique, collection 3, M. Combre editions<\/span><\/li>\n<\/ul>\n<p>[\/et_pb_accordion_item][et_pb_accordion_item title=&#8221;Category D2 &#8211; Gavotte&#8221; _builder_version=&#8221;4.27.6&#8243; _module_preset=&#8221;default&#8221; global_colors_info=&#8221;{}&#8221; open=&#8221;off&#8221;]<\/p>\n<p>Candidates born between October 2, 2000 and October 1, 2021 inclusive<\/p>\n<p>\u00c2ge maximum: 25 ans<\/p>\n<p><strong>Intermediate level<\/strong><\/p>\n<ul>\n<li>Anna Amalie von Preu\u00dfen &#8211; Sonata in F major (2nd movement, allegretto) &#8211; available on imslp<\/li>\n<\/ul>\n<p>[\/et_pb_accordion_item][et_pb_accordion_item title=&#8221;Category D3 &#8211; Gigue&#8221; _builder_version=&#8221;4.27.6&#8243; _module_preset=&#8221;default&#8221; global_colors_info=&#8221;{}&#8221; open=&#8221;off&#8221;]<\/p>\n<p>Candidates born between October 2, 2000 and October 1, 2021 inclusive<\/p>\n<p>\u00c2ge maximum: 25 ans<\/p>\n<p><strong>Secondary to Certificate Level<\/strong><\/p>\n<ul>\n<li>A. Corelli &#8211; Sonata Op. 5 No. 4 (1st and 2nd movements) &#8211; available on IMSLP <\/li>\n<\/ul>\n<p>[\/et_pb_accordion_item][et_pb_accordion_item title=&#8221;Category E &#8211; I Play My Music&#8221; _builder_version=&#8221;4.27.6&#8243; _module_preset=&#8221;default&#8221; global_colors_info=&#8221;{}&#8221; open=&#8221;off&#8221;]<\/p>\n<p>Candidates born between October 2, 2005 and October 1, 2021 inclusive<\/p>\n<p>Maximum age: 20<\/p>\n<p>Maximum composition length: 4 minutes<\/p>\n<ul>\n<li>Piece composed by the candidate<\/li>\n<li>Soloist or ensemble<\/li>\n<li>Can be added to categories A, B, and C or presented in category E only<\/li>\n<\/ul>\n<p>[\/et_pb_accordion_item][\/et_pb_accordion][\/et_pb_column][\/et_pb_row][\/et_pb_section]<\/p>\n","protected":false},"excerpt":{"rendered":"<p>ORIGINAL SCORE If the score is not available on IMSLP, it is mandatory to use the original score ordered beforehand. Any candidate who does not comply with this rule will [&hellip;]<\/p>\n","protected":false},"author":2,"featured_media":3274,"parent":0,"menu_order":0,"comment_status":"closed","ping_status":"closed","template":"","meta":{"_et_pb_use_builder":"on","_et_pb_old_content":"","_et_gb_content_width":"","_price":"","_stock":"","_tribe_ticket_header":"","_tribe_default_ticket_provider":"","_tribe_ticket_capacity":"0","_ticket_start_date":"","_ticket_end_date":"","_tribe_ticket_show_description":"","_tribe_ticket_show_not_going":false,"_tribe_ticket_use_global_stock":"","_tribe_ticket_global_stock_level":"","_global_stock_mode":"","_global_stock_cap":"","_tribe_rsvp_for_event":"","_tribe_ticket_going_count":"","_tribe_ticket_not_going_count":"","_tribe_tickets_list":"[]","_tribe_ticket_has_attendee_info_fields":false,"footnotes":"","_tec_slr_enabled":"","_tec_slr_layout":""},"class_list":["post-7079","page","type-page","status-publish","has-post-thumbnail","hentry"],"ticketed":false,"_links":{"self":[{"href":"https:\/\/swissflute.ch\/en\/wp-json\/wp\/v2\/pages\/7079","targetHints":{"allow":["GET"]}}],"collection":[{"href":"https:\/\/swissflute.ch\/en\/wp-json\/wp\/v2\/pages"}],"about":[{"href":"https:\/\/swissflute.ch\/en\/wp-json\/wp\/v2\/types\/page"}],"author":[{"embeddable":true,"href":"https:\/\/swissflute.ch\/en\/wp-json\/wp\/v2\/users\/2"}],"replies":[{"embeddable":true,"href":"https:\/\/swissflute.ch\/en\/wp-json\/wp\/v2\/comments?post=7079"}],"version-history":[{"count":7,"href":"https:\/\/swissflute.ch\/en\/wp-json\/wp\/v2\/pages\/7079\/revisions"}],"predecessor-version":[{"id":7128,"href":"https:\/\/swissflute.ch\/en\/wp-json\/wp\/v2\/pages\/7079\/revisions\/7128"}],"wp:featuredmedia":[{"embeddable":true,"href":"https:\/\/swissflute.ch\/en\/wp-json\/wp\/v2\/media\/3274"}],"wp:attachment":[{"href":"https:\/\/swissflute.ch\/en\/wp-json\/wp\/v2\/media?parent=7079"}],"curies":[{"name":"wp","href":"https:\/\/api.w.org\/{rel}","templated":true}]}}