{"id":7080,"date":"2026-04-21T12:37:35","date_gmt":"2026-04-21T10:37:35","guid":{"rendered":"https:\/\/swissflute.ch\/?page_id=7080"},"modified":"2026-04-22T16:40:07","modified_gmt":"2026-04-22T14:40:07","slug":"repertoire","status":"publish","type":"page","link":"https:\/\/swissflute.ch\/de\/repertoire\/","title":{"rendered":"WETTBEWERBSREPERTOIRE"},"content":{"rendered":"<p>[et_pb_section fb_built=&#8220;1&#8243; admin_label=&#8220;Header&#8220; _builder_version=&#8220;4.27.4&#8243; _module_preset=&#8220;cd403b88-73d1-495f-820e-eb665d8dddb5&#8243; background_color_gradient_stops=&#8220;gcid-d119accd-44d7-4f2f-b9d7-599c8463324b 0%|rgba(255,255,255,0) 63%|rgba(7,33,48,0.6) 100%|#072130 100%&#8220; background_image=&#8220;https:\/\/swissflute.ch\/wp-content\/uploads\/2025\/02\/non-profit-03.jpg&#8220; custom_padding=&#8220;0px|||||&#8220; locked=&#8220;off&#8220; collapsed=&#8220;on&#8220; global_colors_info=&#8220;{%22gcid-1f1bf5fb-a99d-4acc-8d9e-ddac074c158c%22:%91%22background_color_gradient_stops%22,%22background_color_gradient_stops%22%93,%22gcid-4c79ba3d-a281-4fb6-9b14-02f9a4c793f2%22:%91%22background_color_gradient_stops%22,%22background_color_gradient_stops%22%93,%22gcid-688c464a-d6f2-4296-b592-395352c71c79%22:%91%22background_color_gradient_stops%22,%22background_color_gradient_stops%22%93,%22gcid-d119accd-44d7-4f2f-b9d7-599c8463324b%22:%91%22background_color_gradient_stops%22,%22background_color_gradient_stops%22%93}&#8220;][et_pb_row _builder_version=&#8220;4.25.1&#8243; _module_preset=&#8220;default&#8220; locked=&#8220;off&#8220; global_colors_info=&#8220;{}&#8220;][et_pb_column type=&#8220;4_4&#8243; _builder_version=&#8220;4.25.1&#8243; _module_preset=&#8220;default&#8220; global_colors_info=&#8220;{}&#8220;][et_pb_heading title=&#8220;Repertoire 2026&#8243; admin_label=&#8220;avantages&#8220; module_id=&#8220;inscription concours 25&#8243; _builder_version=&#8220;4.27.6&#8243; _module_preset=&#8220;7db299f6-e73f-4d50-8f53-8124ad5db4cb&#8220; title_font=&#8220;||||||||&#8220; custom_margin=&#8220;||10px||false|false&#8220; custom_padding=&#8220;||24px|||&#8220; global_colors_info=&#8220;{}&#8220;][\/et_pb_heading][\/et_pb_column][\/et_pb_row][\/et_pb_section][et_pb_section fb_built=&#8220;1&#8243; _builder_version=&#8220;4.27.6&#8243; _module_preset=&#8220;default&#8220; global_colors_info=&#8220;{}&#8220; custom_padding=&#8220;9px||4px|||&#8220;][et_pb_row _builder_version=&#8220;4.27.6&#8243; _module_preset=&#8220;default&#8220; global_colors_info=&#8220;{}&#8220; custom_padding=&#8220;5px||6px|||&#8220;][et_pb_column type=&#8220;4_4&#8243; _builder_version=&#8220;4.27.6&#8243; _module_preset=&#8220;default&#8220; global_colors_info=&#8220;{}&#8220;][et_pb_icon font_icon=&#8220;&#xe03b;||divi||400&#8243; icon_color=&#8220;#E02B20&#8243; icon_width=&#8220;41px&#8220; align=&#8220;left&#8220; _builder_version=&#8220;4.27.6&#8243; _module_preset=&#8220;default&#8220; hover_enabled=&#8220;0&#8243; global_colors_info=&#8220;{}&#8220; theme_builder_area=&#8220;post_content&#8220; url=&#8220;https:\/\/swissflute.ch\/de\/competition\/&#8220; sticky_enabled=&#8220;0&#8243; custom_margin=&#8220;-2px|||||&#8220;][\/et_pb_icon][\/et_pb_column][\/et_pb_row][\/et_pb_section][et_pb_section fb_built=&#8220;1&#8243; admin_label=&#8220;Call to Action&#8220; _builder_version=&#8220;4.27.4&#8243; _module_preset=&#8220;3550502c-ee6b-45b6-adec-9ea2d78eb848&#8243; use_background_color_gradient=&#8220;on&#8220; background_color_gradient_type=&#8220;circular&#8220; background_color_gradient_direction_radial=&#8220;top left&#8220; background_color_gradient_stops=&#8220;gcid-2352d280-fe84-43b1-a71e-f400c35a526a 37%|rgba(255,255,255,0) 100%&#8220; background_color_gradient_overlays_image=&#8220;on&#8220; background_enable_image=&#8220;off&#8220; custom_padding=&#8220;||0px|||&#8220; collapsed=&#8220;on&#8220; global_colors_info=&#8220;{%22gcid-2352d280-fe84-43b1-a71e-f400c35a526a%22:%91%22background_color_gradient_stops%22%93}&#8220;][et_pb_row column_structure=&#8220;1_2,1_2&#8243; _builder_version=&#8220;4.27.4&#8243; _module_preset=&#8220;default&#8220; custom_padding=&#8220;||5px|||&#8220; global_colors_info=&#8220;{}&#8220;][et_pb_column type=&#8220;1_2&#8243; _builder_version=&#8220;4.27.4&#8243; _module_preset=&#8220;default&#8220; global_colors_info=&#8220;{}&#8220;][et_pb_icon font_icon=&#8220;&#xe07a;||divi||400&#8243; icon_color=&#8220;#e50b00&#8243; icon_width=&#8220;39px&#8220; _builder_version=&#8220;4.27.4&#8243; _module_preset=&#8220;default&#8220; global_colors_info=&#8220;{}&#8220;][\/et_pb_icon][et_pb_text _builder_version=&#8220;4.27.6&#8243; _module_preset=&#8220;default&#8220; global_colors_info=&#8220;{}&#8220;]<\/p>\n<h3 data-start=\"0\" data-end=\"197\"><span style=\"color: #ff0000;\">ORIGINALPARTITUR<\/span><\/h3>\n<p data-start=\"0\" data-end=\"197\"><span style=\"color: #ff0000;\">Sollte die Partitur nicht auf IMSLP verf\u00fcgbar sein, ist die Verwendung der vorab bestellten Originalpartitur zwingend erforderlich.<\/span><\/p>\n<p data-start=\"199\" data-end=\"260\" data-is-last-node=\"\" data-is-only-node=\"\"><span style=\"color: #ff0000;\">Teilnehmer, die sich nicht an diese Regel halten, werden disqualifiziert.<\/span><\/p>\n<p data-start=\"199\" data-end=\"260\" data-is-last-node=\"\" data-is-only-node=\"\"><span style=\"color: #ff0000;\">Die Partitur f\u00fcr die auswendig zu spielenden St\u00fccke wird vom Wettbewerb bereitgestellt.<\/span><\/p>\n<p>&nbsp;<\/p>\n<p>[\/et_pb_text][\/et_pb_column][et_pb_column type=&#8220;1_2&#8243; _builder_version=&#8220;4.27.4&#8243; _module_preset=&#8220;default&#8220; global_colors_info=&#8220;{}&#8220;][et_pb_icon font_icon=&#8220;&#xe092;||divi||400&#8243; icon_color=&#8220;#e50b00&#8243; icon_width=&#8220;39px&#8220; url=&#8220;https:\/\/drive.google.com\/drive\/folders\/1QKjO9f0gM9NULYfitHzThbTo99JztUxh?usp=drive_link&#8220; url_new_window=&#8220;on&#8220; _builder_version=&#8220;4.27.6&#8243; _module_preset=&#8220;default&#8220; global_colors_info=&#8220;{}&#8220;][\/et_pb_icon][et_pb_text _builder_version=&#8220;4.27.6&#8243; _module_preset=&#8220;default&#8220; global_colors_info=&#8220;{}&#8220;]<\/p>\n<p data-start=\"0\" data-end=\"109\"><span style=\"color: #ff0000;\">Das auswendig vorzutragende St\u00fcck wird vom Wettbewerb herausgegeben, und die Noten werden den Kandidaten kostenlos zur Verf\u00fcgung gestell<\/span><\/p>\n<p data-start=\"111\" data-end=\"167\" data-is-last-node=\"\" data-is-only-node=\"\"><span style=\"color: #ff0000;\">Download durch Klicken oben.<\/span><\/p>\n<p>[\/et_pb_text][\/et_pb_column][\/et_pb_row][\/et_pb_section][et_pb_section fb_built=&#8220;1&#8243; _builder_version=&#8220;4.27.6&#8243; _module_preset=&#8220;default&#8220; global_colors_info=&#8220;{}&#8220;][et_pb_row _builder_version=&#8220;4.27.6&#8243; _module_preset=&#8220;default&#8220; global_colors_info=&#8220;{}&#8220;][et_pb_column type=&#8220;4_4&#8243; _builder_version=&#8220;4.27.6&#8243; _module_preset=&#8220;default&#8220; global_colors_info=&#8220;{}&#8220;][et_pb_accordion _builder_version=&#8220;4.27.6&#8243; _module_preset=&#8220;default&#8220; custom_margin=&#8220;-13px|||||&#8220; global_colors_info=&#8220;{}&#8220;][et_pb_accordion_item title=&#8220;Kategorie A1 &#8211; Erfahrenen&#8220; open=&#8220;on&#8220; _builder_version=&#8220;4.27.6&#8243; _module_preset=&#8220;default&#8220; global_colors_info=&#8220;{}&#8220;]<\/p>\n<p>Kandidaten, geboren zwischen dem 2. Oktober 2011 und dem 1. Oktober 2014 (einschlie\u00dflich)<br \/>Alter: 12\u201314 Jahre<\/p>\n<p><strong>Mittelstufenniveau<\/strong><\/p>\n<ol>\n<li>Wilhelm Popp &#8211; Gru\u00df aus Ungarn &#8211; Verf\u00fcgbar auf IMSLP<\/li>\n<li><span style=\"color: #ff0000;\"><strong>Auswendig:<\/strong> <\/span>Swallowtail jig &amp; The Irish washerwoman &#8211; fl\u00f6te 2<\/li>\n<\/ol>\n<p>[\/et_pb_accordion_item][et_pb_accordion_item title=&#8220;Kategorie A2 &#8211; Emeritus&#8220; _builder_version=&#8220;4.27.6&#8243; _module_preset=&#8220;default&#8220; global_colors_info=&#8220;{}&#8220; open=&#8220;off&#8220;]<\/p>\n<p>Kandidaten, geboren zwischen dem 2. Oktober 2008 und dem 1. Oktober 2011 (einschlie\u00dflich)<br \/>Alter: 15\u201317 Jahre<\/p>\n<p><strong>Sekundarstufe II \u2013 Zertifikat<\/strong><\/p>\n<ol>\n<li>Eug\u00e8ne Bozza &#8211; Soir d&#8217;\u00e9t\u00e9 dans les montagnes &#8211; Verlag Alphonse Leduc<\/li>\n<li><span style=\"color: #ff0000;\"><strong>Auswendig:<\/strong> <\/span>Swallowtail jig &amp; The Irish washerwoman &#8211; Fl\u00f6te 1<\/li>\n<\/ol>\n<p>[\/et_pb_accordion_item][et_pb_accordion_item title=&#8220;Kategorie A3 &#8211; Aspiranten&#8220; _builder_version=&#8220;4.27.6&#8243; _module_preset=&#8220;default&#8220; global_colors_info=&#8220;{}&#8220; open=&#8220;off&#8220;]<\/p>\n<p>Kandidaten, geboren zwischen dem 2. Oktober 2005 und dem 1. Oktober 2011 (einschlie\u00dflich)<br \/>Alter: 15\u201320 Jahre<\/p>\n<p><strong>Vorberufliches Niveau<\/strong><\/p>\n<ol>\n<li>Cl\u00e9mence de Grandval &#8211; Suite pour fl\u00fbte et piano (pr\u00e9lude und final) &#8211; Verf\u00fcgbar auf IMSLP<\/li>\n<li><span style=\"color: #ff0000;\"><strong>Auswendig:<\/strong> <\/span>Swallowtail jig &amp; The Irish washerwoman &#8211; Fl\u00f6te 1 <\/li>\n<\/ol>\n<p>[\/et_pb_accordion_item][et_pb_accordion_item title=&#8220;Kategorie B1 &#8211; Largo&#8220; _builder_version=&#8220;4.27.6&#8243; _module_preset=&#8220;default&#8220; global_colors_info=&#8220;{}&#8220; open=&#8220;off&#8220;]<\/p>\n<p>Kandidaten, geboren zwischen dem 2. Oktober 2005 und dem 1. Oktober 2021 (einschlie\u00dflich)<\/p>\n<p>H\u00f6chstalter: 20 Jahre<\/p>\n<p><strong>Vorbereitungsstufe (Anf\u00e4nger)<\/strong><\/p>\n<ol>\n<li><span style=\"color: #ff0000;\"><strong>Auswendig:<\/strong> <\/span>Eric Ledeuil &#8211; Americas, Une Perruche au P\u00e9rou &#8211; Verlag Billaudot, Referenz <span class=\"soustitrefiche\"><span>GB10516<\/span><\/span> <\/li>\n<\/ol>\n<p>[\/et_pb_accordion_item][et_pb_accordion_item title=&#8220;Kategorie B2 \u2013 Adagio&#8220; _builder_version=&#8220;4.27.6&#8243; _module_preset=&#8220;default&#8220; global_colors_info=&#8220;{}&#8220; open=&#8220;off&#8220;]<\/p>\n<p>Kandidaten, geboren zwischen dem 2. Oktober 2005 und dem 1. Oktober 2021 (einschlie\u00dflich)<\/p>\n<p>H\u00f6chstalter: 20 Jahre<\/p>\n<p><strong>Elementarstufe (Anfangsniveau)<\/strong><\/p>\n<ol>\n<li>Jean-Marc Serre &#8211; Galop &#8211; Verlag Henri Lemoine, Referenz RM5823<\/li>\n<li><span style=\"color: #ff0000;\"><strong>Zur Auswahl auswendig:<\/strong> <\/span><span style=\"color: #ff0000;\"><strong>:<\/strong> <strong>1)<\/strong><\/span> Talijanska &#8211; Fl\u00f6te 2 <strong>oder<\/strong> <strong><span style=\"color: #ff0000;\">2)<\/span><\/strong> Eric Ledeuil &#8211; Americas, Une Perruche au P\u00e9rou<\/li>\n<\/ol>\n<p>&nbsp;<\/p>\n<p>[\/et_pb_accordion_item][et_pb_accordion_item title=&#8220;Kategorie B3 \u2013 Andante&#8220; _builder_version=&#8220;4.27.6&#8243; _module_preset=&#8220;default&#8220; global_colors_info=&#8220;{}&#8220; open=&#8220;off&#8220;]<\/p>\n<p>Kandidaten, geboren zwischen dem 2. Oktober 2005 und dem 1. Oktober 2021 (einschlie\u00dflich)<\/p>\n<p>H\u00f6chstalter: 20 Jahre<\/p>\n<p><strong>Grundstufe \u2013 Abschlussniveau<\/strong><\/p>\n<ol>\n<li>Marie-Agn\u00e8s Sauvignet &#8211; Les Trap\u00e9zistes &#8211; \u00e9ditions Henri Lemoine, r\u00e9f\u00e9rence RM3826<\/li>\n<li><span style=\"color: #ff0000;\"><strong>Auswendig:<\/strong> <\/span>Talijanska &#8211; Fl\u00f6te 1 <\/li>\n<\/ol>\n<p>[\/et_pb_accordion_item][et_pb_accordion_item title=&#8220;Kategorie B4 \u2013 Moderato&#8220; _builder_version=&#8220;4.27.6&#8243; _module_preset=&#8220;default&#8220; global_colors_info=&#8220;{}&#8220; open=&#8220;off&#8220;]<\/p>\n<p>Kandidaten, geboren zwischen dem 2. Oktober 2005 und dem 1. Oktober 2021 (einschlie\u00dflich)<\/p>\n<p>H\u00f6chstalter: 20 Jahre<\/p>\n<p><strong>Mittelstufe<\/strong><\/p>\n<ol>\n<li>Pascal Proust &#8211; Un dimanche \u00e0 Sch\u00f6nbrunn &#8211; Verlag Henri Lemoine, Referenz RM4420<\/li>\n<li><span style=\"color: #ff0000;\"><strong>Auswendig:<\/strong> <\/span>Talijanska &#8211; <span style=\"color: #ff0000;\"><strong>Fl\u00f6te 1 oder 2 nach Wahl<\/strong><\/span> <\/li>\n<\/ol>\n<p>[\/et_pb_accordion_item][et_pb_accordion_item title=&#8220;Kategorie B5 \u2013 Allegretto&#8220; _builder_version=&#8220;4.27.6&#8243; _module_preset=&#8220;default&#8220; global_colors_info=&#8220;{}&#8220; open=&#8220;off&#8220;]<\/p>\n<p>Kandidaten, geboren zwischen dem 2. Oktober 2005 und dem 1. Oktober 2021 (einschlie\u00dflich)<\/p>\n<p>H\u00f6chstalter: 20 Jahre<\/p>\n<p><strong>Anfang der Sekundarstufe<\/strong><\/p>\n<ol>\n<li>Ernesto K\u00f6hler &#8211; Danse des Pierrots op 88 no 4 &#8211; Verf\u00fcgbar auf IMSLP<\/li>\n<li><span style=\"color: #ff0000;\"><strong>Auswendig:<\/strong> <\/span>Talijanska &#8211; Fl\u00f6te 2 <\/li>\n<\/ol>\n<p>[\/et_pb_accordion_item][et_pb_accordion_item title=&#8220;Kategorie B6 \u2013 Allegro&#8220; _builder_version=&#8220;4.27.6&#8243; _module_preset=&#8220;default&#8220; global_colors_info=&#8220;{}&#8220; open=&#8220;off&#8220;]<\/p>\n<p>Kandidaten, geboren zwischen dem 2. Oktober 2005 und dem 1. Oktober 2021 (einschlie\u00dflich)<\/p>\n<p>H\u00f6chstalter: 20 Jahre<\/p>\n<p><strong>Sekundarstufe II \u2013 Abschlussniveau<\/strong><\/p>\n<p>&nbsp;<\/p>\n<ol>\n<li>Arthur Foote &#8211; Aubade villageoise &#8211; Verf\u00fcgbar auf IMSLP<\/li>\n<li><span style=\"color: #ff0000;\"><strong>Auswendig:<\/strong> <\/span>Swallowtail jig &amp; The Irish washerwoman &#8211; fl\u00fbte 2 <\/li>\n<\/ol>\n<p>[\/et_pb_accordion_item][et_pb_accordion_item title=&#8220;Kategorie B7 \u2013 Presto&#8220; _builder_version=&#8220;4.27.6&#8243; _module_preset=&#8220;default&#8220; global_colors_info=&#8220;{}&#8220; open=&#8220;off&#8220;]<\/p>\n<p>Kandidaten, geboren zwischen dem 2. Oktober 2005 und dem 1. Oktober 2021 (einschlie\u00dflich)<\/p>\n<p>H\u00f6chstalter: 20 Jahre<\/p>\n<p><strong>Sekundarstufe II und Zertifikat<\/strong><\/p>\n<ol>\n<li>Claude Arrieu &#8211; Sonatine pour fl\u00fbte et piano &#8211; Verlag Durand, Referenz <span class=\"soustitrefiche\">DF01692700<\/span><\/li>\n<li><span style=\"color: #ff0000;\"><strong>Auswendig:<\/strong> <\/span>Swallowtail jig &amp; The Irish washerwoman &#8211; Fl\u00f6te 1<\/li>\n<\/ol>\n<p>[\/et_pb_accordion_item][et_pb_accordion_item title=&#8220;Kategorie C1 &#8211; Wichtel&#8220; _builder_version=&#8220;4.27.6&#8243; _module_preset=&#8220;default&#8220; global_colors_info=&#8220;{}&#8220; open=&#8220;off&#8220;]<\/p>\n<p>Kandidaten, geboren zwischen dem 2. Oktober 2005 und dem 1. Oktober 2021 (einschlie\u00dflich)<\/p>\n<p>Ensembles mit 2 oder mehr Musikern, ohne Dirigent<\/p>\n<p>Grundstufe \u2013 max. 4 Minuten:<\/p>\n<ul>\n<li>2 St\u00fccke in verschiedenen Stilen<\/li>\n<li>Grundstufe<\/li>\n<li>Maximal 4 Minuten<\/li>\n<\/ul>\n<p>[\/et_pb_accordion_item][et_pb_accordion_item title=&#8220;Kategorie C2 &#8211; Kobolde&#8220; _builder_version=&#8220;4.27.6&#8243; _module_preset=&#8220;default&#8220; global_colors_info=&#8220;{}&#8220; open=&#8220;off&#8220;]<\/p>\n<p>Kandidaten, geboren zwischen dem 2. Oktober 2005 und dem 1. Oktober 2021 (einschlie\u00dflich)<\/p>\n<p>Ensembles mit 2 oder mehr Musikern, ohne Dirigent<\/p>\n<p>Mittelstufe \u2013 max. 6 Minuten:<\/p>\n<ul>\n<li>2 St\u00fccke in verschiedenen Stilen<\/li>\n<li>Mittelstufe<\/li>\n<li>Maximal 6 Minuten<\/li>\n<\/ul>\n<p>[\/et_pb_accordion_item][et_pb_accordion_item title=&#8220;Kategorie C3 &#8211; Verzauberer&#8220; _builder_version=&#8220;4.27.6&#8243; _module_preset=&#8220;default&#8220; global_colors_info=&#8220;{}&#8220; open=&#8220;off&#8220;]<\/p>\n<p>Kandidaten, geboren zwischen dem 2. Oktober 2005 und dem 1. Oktober 2021 (einschlie\u00dflich)<\/p>\n<p>Ensembles mit 2 oder mehr Musikern, ohne Dirigent<\/p>\n<p>Sekundarstufe bis Sekundarstufe II \u2013 max. 8 Minuten<\/p>\n<ul>\n<li>2 St\u00fccke in verschiedenen Stilen<\/li>\n<li>Sekundarstufe<\/li>\n<li>Maximal 8 Minuten<\/li>\n<\/ul>\n<p>[\/et_pb_accordion_item][et_pb_accordion_item title=&#8220;Kategorie D1 \u2013 Menuett&#8220; _builder_version=&#8220;4.27.6&#8243; _module_preset=&#8220;default&#8220; global_colors_info=&#8220;{}&#8220; open=&#8220;off&#8220;]<\/p>\n<p>Kandidaten, die zwischen dem 2. Oktober 2000 und dem 1. Oktober 2021 geboren sind<\/p>\n<p>\u00c2ge maximum: 25 ans<\/p>\n<p><strong>Grundstufe<\/strong><\/p>\n<ul>\n<li><span style=\"font-size: 10pt; font-family: Arial; font-style: normal;\" data-sheets-root=\"1\">Jacques Hotteterre \u2013 Suite 4, Air Le fleuri (aus Suite Nr. 4 von Jacques Hotteterres Premier Livre de Pieces Pour la Fl\u00fbte-traversi\u00e8re, et autres Instruments, Avec la Basse, Neuausgabe, ver\u00f6ffentlicht in Paris, 1708) \u2013 Erh\u00e4ltlich in La fl\u00fbte classique, Sammlung 3, M. Combre-Ausgaben<\/span><\/li>\n<\/ul>\n<p>[\/et_pb_accordion_item][et_pb_accordion_item title=&#8220;Kategorie D2 &#8211; Gavotte&#8220; _builder_version=&#8220;4.27.6&#8243; _module_preset=&#8220;default&#8220; global_colors_info=&#8220;{}&#8220; open=&#8220;off&#8220;]<\/p>\n<p>Kandidaten, die zwischen dem 2. Oktober 2000 und dem 1. Oktober 2021 geboren sind<\/p>\n<p>H\u00f6chstalter: 25 Jahre<\/p>\n<p><strong>Mittelstufe<\/strong><\/p>\n<ul>\n<li>Anna Amalie von Preu\u00dfen \u2013 Sonate F-Dur (2. Satz, Allegretto) \u2013 erh\u00e4ltlich auf IMSLP <\/li>\n<\/ul>\n<p>[\/et_pb_accordion_item][et_pb_accordion_item title=&#8220;Kategorie D3 \u2013 Jig&#8220; _builder_version=&#8220;4.27.6&#8243; _module_preset=&#8220;default&#8220; global_colors_info=&#8220;{}&#8220; open=&#8220;off&#8220;]<\/p>\n<p>Kandidaten, die zwischen dem 2. Oktober 2000 und dem 1. Oktober 2021 geboren sind<\/p>\n<p>H\u00f6chstalter: 25 Jahre<\/p>\n<p><strong>Abschlusszertifikat Sekundarstufe<\/strong><\/p>\n<ul>\n<li>A. Corelli \u2013 Sonate op. 5 Nr. 4 (1. und 2. Satz) \u2013 verf\u00fcgbar auf IMSLP <\/li>\n<\/ul>\n<p>[\/et_pb_accordion_item][et_pb_accordion_item title=&#8220;Kategorie E &#8211; Ich spiele meine Musik&#8220; _builder_version=&#8220;4.27.6&#8243; _module_preset=&#8220;default&#8220; global_colors_info=&#8220;{}&#8220; open=&#8220;off&#8220;]<\/p>\n<p>Kandidaten, geboren zwischen dem 2. Oktober 2005 und dem 1. Oktober 2021 (einschlie\u00dflich)<\/p>\n<p>H\u00f6chstalter: 20 Jahre<\/p>\n<p>Maximale Kompositionsl\u00e4nge: 4 Minuten<\/p>\n<ul>\n<li>Komponiert vom Kandidaten\/von der Kandidatin<\/li>\n<li>Solist\/in oder Ensemble<\/li>\n<li>Kann zus\u00e4tzlich zu den Kategorien A, B und C eingereicht oder nur in Kategorie E pr\u00e4sentiert werden<\/li>\n<\/ul>\n<p>[\/et_pb_accordion_item][\/et_pb_accordion][\/et_pb_column][\/et_pb_row][\/et_pb_section]<\/p>\n","protected":false},"excerpt":{"rendered":"<p>ORIGINALPARTITUR Sollte die Partitur nicht auf IMSLP verf\u00fcgbar sein, ist die Verwendung der vorab bestellten Originalpartitur zwingend erforderlich. Teilnehmer, die sich nicht an diese Regel halten, werden disqualifiziert. Die Partitur [&hellip;]<\/p>\n","protected":false},"author":2,"featured_media":3275,"parent":0,"menu_order":0,"comment_status":"closed","ping_status":"closed","template":"","meta":{"_et_pb_use_builder":"on","_et_pb_old_content":"","_et_gb_content_width":"","_price":"","_stock":"","_tribe_ticket_header":"","_tribe_default_ticket_provider":"","_tribe_ticket_capacity":"0","_ticket_start_date":"","_ticket_end_date":"","_tribe_ticket_show_description":"","_tribe_ticket_show_not_going":false,"_tribe_ticket_use_global_stock":"","_tribe_ticket_global_stock_level":"","_global_stock_mode":"","_global_stock_cap":"","_tribe_rsvp_for_event":"","_tribe_ticket_going_count":"","_tribe_ticket_not_going_count":"","_tribe_tickets_list":"[]","_tribe_ticket_has_attendee_info_fields":false,"footnotes":"","_tec_slr_enabled":"","_tec_slr_layout":""},"class_list":["post-7080","page","type-page","status-publish","has-post-thumbnail","hentry"],"ticketed":false,"_links":{"self":[{"href":"https:\/\/swissflute.ch\/de\/wp-json\/wp\/v2\/pages\/7080","targetHints":{"allow":["GET"]}}],"collection":[{"href":"https:\/\/swissflute.ch\/de\/wp-json\/wp\/v2\/pages"}],"about":[{"href":"https:\/\/swissflute.ch\/de\/wp-json\/wp\/v2\/types\/page"}],"author":[{"embeddable":true,"href":"https:\/\/swissflute.ch\/de\/wp-json\/wp\/v2\/users\/2"}],"replies":[{"embeddable":true,"href":"https:\/\/swissflute.ch\/de\/wp-json\/wp\/v2\/comments?post=7080"}],"version-history":[{"count":7,"href":"https:\/\/swissflute.ch\/de\/wp-json\/wp\/v2\/pages\/7080\/revisions"}],"predecessor-version":[{"id":7266,"href":"https:\/\/swissflute.ch\/de\/wp-json\/wp\/v2\/pages\/7080\/revisions\/7266"}],"wp:featuredmedia":[{"embeddable":true,"href":"https:\/\/swissflute.ch\/de\/wp-json\/wp\/v2\/media\/3275"}],"wp:attachment":[{"href":"https:\/\/swissflute.ch\/de\/wp-json\/wp\/v2\/media?parent=7080"}],"curies":[{"name":"wp","href":"https:\/\/api.w.org\/{rel}","templated":true}]}}