{"id":642,"date":"2017-02-23T12:36:50","date_gmt":"2017-02-23T11:36:50","guid":{"rendered":"https:\/\/swissflute.ch\/wettbewerb\/"},"modified":"2024-06-30T11:44:40","modified_gmt":"2024-06-30T09:44:40","slug":"wettbewerb","status":"publish","type":"page","link":"https:\/\/swissflute.ch\/de\/wettbewerb\/","title":{"rendered":"WETTBEWERB"},"content":{"rendered":"<p>[et_pb_section fb_built=&#8220;1&#8243; fullwidth=&#8220;on&#8220; admin_label=&#8220;Section&#8220; _builder_version=&#8220;4.24.3&#8243; background_image=&#8220;http:\/\/6h0nsbiciq.preview.infomaniak.website\/wp-content\/uploads\/2024\/04\/CONCOURS-2022_2.jpg&#8220; parallax=&#8220;on&#8220; parallax_method=&#8220;off&#8220; custom_padding=&#8220;0px|0px|0px|0px&#8220; global_colors_info=&#8220;{}&#8220;][et_pb_fullwidth_header title=&#8220;WETTBEWERB FLUTE GAM(M)ES&#8220; text_orientation=&#8220;right&#8220; header_fullscreen=&#8220;on&#8220; header_scroll_down=&#8220;on&#8220; content_max_width=&#8220;none&#8220; disabled_on=&#8220;off|off|off&#8220; admin_label=&#8220;Fullwidth Header&#8220; _builder_version=&#8220;4.24.3&#8243; background_color=&#8220;rgba(255, 255, 255, 0)&#8220; button_one_letter_spacing_hover=&#8220;0&#8243; button_two_letter_spacing_hover=&#8220;0&#8243; global_colors_info=&#8220;{}&#8220; button_one_text_size__hover_enabled=&#8220;off&#8220; button_two_text_size__hover_enabled=&#8220;off&#8220; button_one_text_color__hover_enabled=&#8220;off&#8220; button_two_text_color__hover_enabled=&#8220;off&#8220; button_one_border_width__hover_enabled=&#8220;off&#8220; button_two_border_width__hover_enabled=&#8220;off&#8220; button_one_border_color__hover_enabled=&#8220;off&#8220; button_two_border_color__hover_enabled=&#8220;off&#8220; button_one_border_radius__hover_enabled=&#8220;off&#8220; button_two_border_radius__hover_enabled=&#8220;off&#8220; button_one_letter_spacing__hover_enabled=&#8220;on&#8220; button_one_letter_spacing__hover=&#8220;0&#8243; button_two_letter_spacing__hover_enabled=&#8220;on&#8220; button_two_letter_spacing__hover=&#8220;0&#8243; button_one_bg_color__hover_enabled=&#8220;off&#8220; button_two_bg_color__hover_enabled=&#8220;off&#8220;][\/et_pb_fullwidth_header][\/et_pb_section][et_pb_section fb_built=&#8220;1&#8243; admin_label=&#8220;section&#8220; module_id=&#8220;aboutme&#8220; _builder_version=&#8220;4.16&#8243; background_color=&#8220;#fafafa&#8220; custom_padding=&#8220;0px|0px|0px|0px&#8220; transparent_background=&#8220;off&#8220; make_fullwidth=&#8220;off&#8220; use_custom_width=&#8220;off&#8220; width_unit=&#8220;off&#8220; custom_width_px=&#8220;1080px&#8220; custom_width_percent=&#8220;80%&#8220; global_colors_info=&#8220;{}&#8220;][et_pb_row column_structure=&#8220;2_5,3_5&#8243; use_custom_gutter=&#8220;on&#8220; gutter_width=&#8220;1&#8243; admin_label=&#8220;row&#8220; _builder_version=&#8220;4.16&#8243; background_size=&#8220;initial&#8220; background_position=&#8220;top_left&#8220; background_repeat=&#8220;repeat&#8220; custom_margin_tablet=&#8220;&#8220; custom_margin_phone=&#8220;&#8220; custom_margin_last_edited=&#8220;on|desktop&#8220; custom_padding=&#8220;100px|0px|17px|0px||&#8220; make_fullwidth=&#8220;off&#8220; use_custom_width=&#8220;on&#8220; width_unit=&#8220;on&#8220; custom_width_px=&#8220;1080px&#8220; custom_width_percent=&#8220;41%&#8220; global_colors_info=&#8220;{}&#8220;][et_pb_column type=&#8220;2_5&#8243; _builder_version=&#8220;4.25.0&#8243; _module_preset=&#8220;default&#8220; global_colors_info=&#8220;{}&#8220;][et_pb_image src=&#8220;http:\/\/swissflute.ch\/wp-content\/uploads\/2024\/04\/02.2022.10.06.Flute-Festival.Jury-concours.-005-scaled.jpg&#8220; title_text=&#8220;02.2022.10.06.Flu\u0302te Festival.Jury concours. 005&#8243; align_tablet=&#8220;center&#8220; align_phone=&#8220;center&#8220; align_last_edited=&#8220;on|desktop&#8220; admin_label=&#8220;Image&#8220; _builder_version=&#8220;4.25.0&#8243; custom_padding=&#8220;||0px|||&#8220; animation_style=&#8220;slide&#8220; animation_direction=&#8220;top&#8220; animation_duration=&#8220;500ms&#8220; animation_intensity_slide=&#8220;10%&#8220; animation=&#8220;top&#8220; sticky=&#8220;off&#8220; border_style=&#8220;solid&#8220; always_center_on_mobile=&#8220;on&#8220; global_colors_info=&#8220;{}&#8220;][\/et_pb_image][et_pb_image src=&#8220;http:\/\/swissflute.ch\/wp-content\/uploads\/2024\/04\/Concours1\u00a9Dominique-Blanchard-scaled.jpg&#8220; title_text=&#8220;Concours1\u00a9Dominique Blanchard&#8220; align_tablet=&#8220;center&#8220; align_phone=&#8220;center&#8220; align_last_edited=&#8220;on|desktop&#8220; admin_label=&#8220;Image&#8220; _builder_version=&#8220;4.25.0&#8243; animation_style=&#8220;slide&#8220; animation_direction=&#8220;left&#8220; animation_duration=&#8220;500ms&#8220; animation_intensity_slide=&#8220;10%&#8220; sticky=&#8220;off&#8220; border_style=&#8220;solid&#8220; always_center_on_mobile=&#8220;on&#8220; global_colors_info=&#8220;{}&#8220;][\/et_pb_image][et_pb_image src=&#8220;http:\/\/swissflute.ch\/wp-content\/uploads\/2024\/04\/2023_\u00a9Esther-Mahmoudi_jeunes-participants-au-concours-scaled.jpg&#8220; title_text=&#8220;2023_\u00a9Esther Mahmoudi_Junge Teilnehmer am Wettbewerb&#8220; align_tablet=&#8220;center&#8220; align_phone=&#8220;center&#8220; align_last_edited=&#8220;on|desktop&#8220; admin_label=&#8220;Image&#8220; _builder_version=&#8220;4.25.0&#8243; animation_style=&#8220;slide&#8220; animation_direction=&#8220;left&#8220; animation_duration=&#8220;500ms&#8220; animation_intensity_slide=&#8220;10%&#8220; sticky=&#8220;off&#8220; border_style=&#8220;solid&#8220; always_center_on_mobile=&#8220;on&#8220; global_colors_info=&#8220;{}&#8220;][\/et_pb_image][et_pb_image src=&#8220;http:\/\/swissflute.ch\/wp-content\/uploads\/2024\/04\/T7A6886.jpg&#8220; title_text=&#8220;La C\u00f4te Fl\u00fbte Festival&#8220; align_tablet=&#8220;center&#8220; align_phone=&#8220;center&#8220; align_last_edited=&#8220;on|desktop&#8220; admin_label=&#8220;Image&#8220; _builder_version=&#8220;4.25.0&#8243; min_height=&#8220;142px&#8220; custom_margin=&#8220;-4px|||||&#8220; animation_style=&#8220;slide&#8220; animation_direction=&#8220;bottom&#8220; animation_duration=&#8220;500ms&#8220; animation_intensity_slide=&#8220;10%&#8220; animation=&#8220;bottom&#8220; sticky=&#8220;off&#8220; border_style=&#8220;solid&#8220; always_center_on_mobile=&#8220;on&#8220; global_colors_info=&#8220;{}&#8220;][\/et_pb_image][\/et_pb_column][et_pb_column type=&#8220;3_5&#8243; _builder_version=&#8220;4.16&#8243; custom_padding=&#8220;|||&#8220; global_colors_info=&#8220;{}&#8220; custom_padding__hover=&#8220;|||&#8220;][et_pb_text disabled_on=&#8220;off|off|off&#8220; admin_label=&#8220;Text&#8220; _builder_version=&#8220;4.25.0&#8243; background_size=&#8220;initial&#8220; background_position=&#8220;top_left&#8220; background_repeat=&#8220;repeat&#8220; custom_margin=&#8220;12px|||50px||&#8220; custom_margin_tablet=&#8220;&#8220; custom_margin_phone=&#8220;100px|||20px&#8220; custom_margin_last_edited=&#8220;on|phone&#8220; custom_padding=&#8220;|||&#8220; use_border_color=&#8220;off&#8220; border_style=&#8220;solid&#8220; global_colors_info=&#8220;{}&#8220;]<\/p>\n<h1>WETTBEWERB FLUTE GAM(M)ES<\/h1>\n<p>[\/et_pb_text][et_pb_text disabled_on=&#8220;off|off|off&#8220; admin_label=&#8220;Text&#8220; _builder_version=&#8220;4.16&#8243; text_line_height=&#8220;2em&#8220; background_size=&#8220;initial&#8220; background_position=&#8220;top_left&#8220; background_repeat=&#8220;repeat&#8220; custom_margin=&#8220;50px|100px||50px&#8220; custom_margin_tablet=&#8220;&#8220; custom_margin_phone=&#8220;50px|20px||20px&#8220; custom_margin_last_edited=&#8220;on|phone&#8220; use_border_color=&#8220;off&#8220; border_style=&#8220;solid&#8220; global_colors_info=&#8220;{}&#8220;]<\/p>\n<p>Unter dem Zeichen der Wertsch\u00e4tzung richtet sich der Wettbewerb Fl\u00fbte Gam(m)es an Kinder jeden Alters bis zu 17 Jahren f\u00fcr die Kategorie Nachwuchstalente und bis zu 20 oder 25 Jahren f\u00fcr die anderen Kategorien. Die jungen Fl\u00f6tisten pr\u00e4sentieren St\u00fccke ihres Niveaus, entweder als Solisten oder in Kammermusikensembles Ein spezieller Preis wird an Kinder vergeben, die ihre eigene Komposition spielen. Das Gremium besteht aus Fl\u00f6tisten und Lehrern aus der Genferseeregion, der Schweiz und dem Ausland.<\/p>\n<h6><\/h6>\n<h6><\/h6>\n<h6><\/h6>\n<p>[\/et_pb_text][et_pb_text disabled_on=&#8220;off|off|off&#8220; admin_label=&#8220;Text&#8220; _builder_version=&#8220;4.25.0&#8243; background_size=&#8220;initial&#8220; background_position=&#8220;top_left&#8220; background_repeat=&#8220;repeat&#8220; custom_margin=&#8220;8px||31px|50px||&#8220; custom_margin_tablet=&#8220;&#8220; custom_margin_phone=&#8220;100px|||20px&#8220; custom_margin_last_edited=&#8220;on|phone&#8220; custom_padding=&#8220;|||&#8220; use_border_color=&#8220;off&#8220; border_style=&#8220;solid&#8220; global_colors_info=&#8220;{}&#8220;]<\/p>\n<h1>TERMINE: 3.\u20134. OKTOBER 2024<\/h1>\n<p>WORKSHOPS \/ KONZERTE UND AUSZEICHNUNGEN: 4.-5.-6. OKTOBER<\/p>\n<p>[\/et_pb_text][et_pb_accordion _builder_version=&#8220;4.25.1&#8243; _module_preset=&#8220;default&#8220; animation_style=&#8220;slide&#8220; global_colors_info=&#8220;{}&#8220;][et_pb_accordion_item title=&#8220;Kategorie A \u2022 Experte&#8220; open=&#8220;off&#8220; _builder_version=&#8220;4.25.0&#8243; _module_preset=&#8220;default&#8220; global_colors_info=&#8220;{}&#8220;]<\/p>\n<p>Nur ein 1.-2.-3. Preis pro Kategorie.<\/p>\n<ul>\n<li>Kategorie f\u00fcr junge Talente<\/li>\n<li>Teilnahmediplom f\u00fcr alle Kandidaten<\/li>\n<\/ul>\n<p><strong>A1 Erfahrenen<\/strong><br \/>Kandidaten, die zwischen dem 08.10.2009 und dem 07.10.2012 geboren wurden<\/p>\n<ul>\n<li>Trois miniatures &#8211; Helmer-Rainer Nesterovich Sinisalo (Editio Musica Budapest &#8211; <span class=\"soustitrefiche\"><span>Z12570<\/span><\/span>)<\/li>\n<\/ul>\n<p><strong>A2 Emeritus<\/strong><br \/>Kandidaten, die zwischen dem 07.10.2006 und dem 07.10.2009 geboren wurden<\/p>\n<ul>\n<li>La Perle du Nord &#8211; Ernesto K\u00f6hler (musikverlag Zimmermann &#8211; <span class=\"soustitrefiche\"><span>ZM40300<\/span><\/span>)<\/li>\n<\/ul>\n<p>[\/et_pb_accordion_item][et_pb_accordion_item title=&#8220;Kategorie B \u2022 Fl\u00f6tenfans&#8220; _builder_version=&#8220;4.25.0&#8243; _module_preset=&#8220;default&#8220; global_colors_info=&#8220;{}&#8220; open=&#8220;off&#8220;]<\/p>\n<p>Kandidaten, die vor dem 7.10.2003 geboren wurden<\/p>\n<ul>\n<li>Jeder Kandidat erh\u00e4lt einen 1.-2. oder 3. Preis<\/li>\n<li>Diplom und Medaille f\u00fcr alle Kandidaten<\/li>\n<\/ul>\n<p><strong>B1 Largo **1 Jahr Fl\u00f6te<\/strong><\/p>\n<ul>\n<li>Abendlied &#8211; Manfred Schmitz (Pop Collection Vol 1 Flute &#8211; <span class=\"soustitrefiche\"><span>DV32143<\/span><\/span>)<\/li>\n<li>Drowsy Maggie &#8211; Fl\u00f6te 5A ou 5B auswendig<\/li>\n<\/ul>\n<p><strong>B2 Adagio **2-3 Jahre Fl\u00f6te<\/strong><\/p>\n<ul>\n<li>Le petite fille et le poney &#8211; Olivier de Chamisso (les 7 secrets du po\u00e8te, ed Schott &#8211; SF9416)<\/li>\n<li>Drowsy Maggie Fl\u00f6te 4 auswendig<\/li>\n<\/ul>\n<p><strong>B3 Andante **3-4 Jahre Fl\u00f6te<\/strong><\/p>\n<ul>\n<li>L\u2019Hippopotame Ga\u00ebtan &#8211; Claude-Henry Joubert (\u00e9ditions Pierre Lafitan &#8211; <span class=\"soustitrefiche\"><span>PL0204<\/span><\/span>)<\/li>\n<li>Drowsy Maggie Fl\u00f6te 3 auswendig<\/li>\n<\/ul>\n<p><strong>B4 Moderato **4-5 Jahre Fl\u00f6te<\/strong><\/p>\n<ul>\n<li>Le Petit chevrier corse &#8211; Henry Tomasi (\u00e9ditions Leduc &#8211; <span class=\"soustitrefiche\"><span>AL21072<\/span><\/span>)<\/li>\n<li>Drowsy Maggie Fl\u00f6te 2 auswendig<\/li>\n<\/ul>\n<p><strong>B5 Allegretto **5-6 Jahre Fl\u00f6te<\/strong><\/p>\n<ul>\n<li>Petite fantaisie sur le carnaval de Venise &#8211; Jules Demerssemann (\u00e9dition Billaudot &#8211; <span class=\"soustitrefiche\"><span>R15027)<\/span><\/span><\/li>\n<li>Drowsy maggie Fl\u00f6te 2 auswendig<\/li>\n<\/ul>\n<p><strong>B6 Allegro **6-7 Jahre Fl\u00f6te<\/strong><\/p>\n<ul>\n<li>Feria &#8211; Claude Henry Joubert (\u00e9ditions Robert Martin &#8211; <span class=\"h-100 mr-15px py-7px d-flex align-items-center border-lg border-lg-bottom font-size-s\"><span class=\"d-flex w-100\"><span class=\"link-arrow\">JOUB03627<\/span><\/span><\/span>)<\/li>\n<li>Drowsy Maggie Fl\u00f6ten 1A oder 1B auswendig<\/li>\n<\/ul>\n<p><strong>B7 Presto **7 Jahre Fl\u00f6te und mehr<\/strong><\/p>\n<ul>\n<li>La fl\u00fbte de Pan 1) Pan et les Bergers &#8211; Jules Mouquet (\u00e9ditions Henry Lemoine &#8211; <span class=\"soustitrefiche\"><span>19743<\/span><\/span>)<\/li>\n<li>Drowsy Maggie Fl\u00f6te 1A auswendig<\/li>\n<\/ul>\n<p>[\/et_pb_accordion_item][et_pb_accordion_item title=&#8220;Kategorie C \u2022 Freunde zuerst&#8220; _builder_version=&#8220;4.25.0&#8243; _module_preset=&#8220;default&#8220; global_colors_info=&#8220;{}&#8220; open=&#8220;off&#8220;]<\/p>\n<p>Kandidaten, die vor dem 07.10.2003 geboren wurden \u2013 H\u00f6chstalter 20 Jahre<\/p>\n<ul>\n<li>Jedes Ensemble erh\u00e4lt einen 1.-2. oder 3. Preis<\/li>\n<li>Diplom und Medaille f\u00fcr alle Kandidaten<\/li>\n<\/ul>\n<ul>\n<li>Freies Repertoire<\/li>\n<li>2 St\u00fccke in verschiedenen Stilen<\/li>\n<li>Ensembles mit 2 bis 6 Musikern, Fl\u00f6ten oder verschiedenen Instrumenten mit Fl\u00f6te, ohne Dirigent<\/li>\n<\/ul>\n<p><strong>C1 Wichtel<\/strong><\/p>\n<ul>\n<li>Max 4 Minuten<\/li>\n<\/ul>\n<p><strong>C2 Kobolde<\/strong><\/p>\n<ul>\n<li>Max. 6 Minuten<\/li>\n<\/ul>\n<p><strong>C3 Verzauberer<\/strong><\/p>\n<ul>\n<li>Max 8 Minuten<span style=\"font-size: 8.000000pt; font-family: 'HelveticaNeue'; font-weight: 300;\"><\/span><\/li>\n<\/ul>\n<p>[\/et_pb_accordion_item][et_pb_accordion_item title=&#8220;Kategorie D \u2022 Ich habe einen guten Geschmack&#8220; _builder_version=&#8220;4.25.0&#8243; _module_preset=&#8220;default&#8220; global_colors_info=&#8220;{}&#8220; open=&#8220;off&#8220;]<\/p>\n<p>Alte Musik im Traverso<\/p>\n<p>Kandidaten geboren nach dem 07.10.1999 \u2013 H\u00f6chstalter 25 Jahre<\/p>\n<p>Begleitung auf dem Theorbe<\/p>\n<ul>\n<li>Jeder Kandidat erh\u00e4lt einen 1.-2. oder 3. Preis<\/li>\n<li>Diplom und Medaille f\u00fcr alle Kandidaten<\/li>\n<\/ul>\n<p><strong>D1 Menuett \u2013 Grundstufe<\/strong><\/p>\n<ul>\n<li>Air gaiement &#8211; 4\u00e8me Suite op 35 &#8211; J.B. de Boismortier<\/li>\n<li>Air, doucement et mesur\u00e9 &#8211; 4\u00e8me Suite op 35 &#8211; J.B. de Boismortier<\/li>\n<\/ul>\n<p><strong>D2 Gavotte \u2013 Mittleres Niveau<\/strong><\/p>\n<ul>\n<li>Allemande &#8211; 1er Livre de pi\u00e8ces 1\u00e8re Suite &#8211; J.M. Hotteterre<\/li>\n<li>1er Menuet &#8211; 1er Livre de pi\u00e8ces 1\u00e8re Suite &#8211; J.M. Hotteterre<\/li>\n<\/ul>\n<p><strong>D3 Gigue \u2013 Sekundarstufe<\/strong><\/p>\n<ul>\n<li>Allemanda &#8211; 4\u00e8me Livre, Sonate 2 &#8211; J.ean-Marie Leclair<\/li>\n<li>Allegro ma non tropo &#8211; 4\u00e8me Livre, Sonate 2 &#8211; J.ean-Marie Leclair<\/li>\n<\/ul>\n<p>[\/et_pb_accordion_item][et_pb_accordion_item title=&#8220;Kategorie E \u2022 Ich spiele meine Musik&#8220; _builder_version=&#8220;4.25.1&#8243; _module_preset=&#8220;default&#8220; global_colors_info=&#8220;{}&#8220; open=&#8220;off&#8220;]<\/p>\n<p>Kandidaten geboren nach dem 07.10.2003 \u2013 H\u00f6chstalter 20 Jahre<\/p>\n<ul>\n<li>Jeder Kandidat erh\u00e4lt einen 1.-2. oder 3. Preis<\/li>\n<li>Diplom und Medaille f\u00fcr alle Kandidaten<\/li>\n<\/ul>\n<p>Kann den Kategorien A-B-C hinzugef\u00fcgt oder nur in Kategorie E pr\u00e4sentiert werden<\/p>\n<p>Maximal 4 Minuten<\/p>\n<p>Bedingungen:<\/p>\n<ul>\n<li>freie Besetzung, Solofl\u00f6te oder Ensemble<\/li>\n<li>Frist zur Angabe der Dauer des St\u00fccks: 31. August 2024<\/li>\n<li>Einsendeschluss f\u00fcr die Partitur im PDF-Format: 15. September 2024<\/li>\n<li>etwaige besondere Bed\u00fcrfnisse (Musiker, Instrument, Ausstattung) m\u00fcssen vom Kandidaten selbst mitgebracht werden. Das Festival stellt ein Klavier zur Verf\u00fcgung.<\/li>\n<\/ul>\n<p>[\/et_pb_accordion_item][et_pb_accordion_item title=&#8220;Workshops und Konzerte&#8220; _builder_version=&#8220;4.25.0&#8243; _module_preset=&#8220;default&#8220; global_colors_info=&#8220;{}&#8220; open=&#8220;on&#8220;]<\/p>\n<h1>Konzert der Oberstufensch\u00fcler<\/h1>\n<p>Wettbewerbsniveau A1 &#8211; A2 &#8211; B5 &#8211; B6 &#8211; B7<\/p>\n<p>Mit der irischen Musikgruppe Doolin<\/p>\n<p>Termine werden Ende August ver\u00f6ffentlicht<\/p>\n<p>Repertoire: 3 St\u00fccke zum Auswendiglernen: 1) Drowsy Maggie 2) und 3) kommuniziert im Juni 2024.<\/p>\n<h1>Tanzfl\u00f6ten-Workshop<\/h1>\n<p>Alle Level des Wettbewerbs<\/p>\n<p>Samstag und Sonntagmorgen<\/p>\n<p>Repertoire: Drowsy Maggie auswendig, Stimme je nach Wettbewerbskategorie<\/p>\n<p>Konzert im Rahmen der Preisverleihung, Sonntag um 11:30 Uhr.<\/p>\n<h1>Workshop f\u00fcr Fl\u00f6tenorchester<\/h1>\n<p>Alle Level des Wettbewerbs<\/p>\n<p>Samstag und Sonntagmorgen<\/p>\n<p>Repertoire: ver\u00f6ffentlicht Ende August<\/p>\n<p>Konzert im Rahmen der Preisverleihung, Sonntag um 11:30 Uhr.<\/p>\n<p>[\/et_pb_accordion_item][\/et_pb_accordion][\/et_pb_column][\/et_pb_row][et_pb_row _builder_version=&#8220;4.25.0&#8243; _module_preset=&#8220;default&#8220; global_colors_info=&#8220;{}&#8220;][et_pb_column type=&#8220;4_4&#8243; _builder_version=&#8220;4.25.0&#8243; _module_preset=&#8220;default&#8220; global_colors_info=&#8220;{}&#8220;][et_pb_text disabled_on=&#8220;off|off|off&#8220; admin_label=&#8220;Text&#8220; _builder_version=&#8220;4.25.0&#8243; background_size=&#8220;initial&#8220; background_position=&#8220;top_left&#8220; background_repeat=&#8220;repeat&#8220; custom_margin=&#8220;14px|||50px||&#8220; custom_margin_tablet=&#8220;&#8220; custom_margin_phone=&#8220;100px|||20px&#8220; custom_margin_last_edited=&#8220;on|phone&#8220; custom_padding=&#8220;|||&#8220; use_border_color=&#8220;off&#8220; border_style=&#8220;solid&#8220; global_colors_info=&#8220;{}&#8220;]<\/p>\n<h2 style=\"text-align: left;\">Anmeldeschluss: 30. Juni 2024 (garantierter Platz) \u2013 31. August 2024 (begrenzte Pl\u00e4tze verf\u00fcgbar)<\/h2>\n<p>[\/et_pb_text][\/et_pb_column][\/et_pb_row][et_pb_row column_structure=&#8220;1_2,1_2&#8243; _builder_version=&#8220;4.25.0&#8243; _module_preset=&#8220;default&#8220; global_colors_info=&#8220;{}&#8220;][et_pb_column type=&#8220;1_2&#8243; _builder_version=&#8220;4.25.0&#8243; _module_preset=&#8220;default&#8220; global_colors_info=&#8220;{}&#8220;][et_pb_button button_url=&#8220;https:\/\/swissflute.ch\/wp-content\/uploads\/2024\/05\/Depliant-Concours_24-2.pdf&#8220; url_new_window=&#8220;on&#8220; button_text=&#8220;LADEN SIE DEN WETTBEWERBSFLYER HERUNTER&#8220; button_alignment=&#8220;center&#8220; _builder_version=&#8220;4.25.1&#8243; _module_preset=&#8220;default&#8220; custom_button=&#8220;on&#8220; button_text_color=&#8220;#000000&#8243; custom_margin=&#8220;||31px|||&#8220; animation_style=&#8220;fade&#8220; global_colors_info=&#8220;{}&#8220;][\/et_pb_button][et_pb_button button_url=&#8220;mailto:competition@swissflute.ch&#8220; url_new_window=&#8220;on&#8220; button_text=&#8220;KONTAKT WETTBEWERB &#8220; button_alignment=&#8220;center&#8220; _builder_version=&#8220;4.25.1&#8243; _module_preset=&#8220;default&#8220; custom_button=&#8220;on&#8220; button_text_color=&#8220;#000000&#8243; global_colors_info=&#8220;{}&#8220;][\/et_pb_button][\/et_pb_column][et_pb_column type=&#8220;1_2&#8243; _builder_version=&#8220;4.25.0&#8243; _module_preset=&#8220;default&#8220; global_colors_info=&#8220;{}&#8220;][et_pb_button button_url=&#8220;https:\/\/drive.google.com\/drive\/folders\/1fr9ggfsBVHmSdIRG6w_dOUH03pGgTOKD?usp=sharing&#8220; url_new_window=&#8220;on&#8220; button_text=&#8220;LADEN SIE DROWSY MAGGIE HERUNTER&#8220; button_alignment=&#8220;center&#8220; _builder_version=&#8220;4.25.1&#8243; _module_preset=&#8220;default&#8220; custom_button=&#8220;on&#8220; button_text_color=&#8220;#000000&#8243; global_colors_info=&#8220;{}&#8220;][\/et_pb_button][et_pb_button button_url=&#8220;https:\/\/swissflute.ch\/de\/jury2024\/&#8220; url_new_window=&#8220;on&#8220; button_text=&#8220;JURY-REGISTRIERUNG 2024&#8243; button_alignment=&#8220;center&#8220; _builder_version=&#8220;4.25.1&#8243; _module_preset=&#8220;default&#8220; custom_button=&#8220;on&#8220; button_text_color=&#8220;#000000&#8243; global_colors_info=&#8220;{}&#8220;][\/et_pb_button][\/et_pb_column][\/et_pb_row][et_pb_row _builder_version=&#8220;4.25.0&#8243; _module_preset=&#8220;default&#8220; custom_padding=&#8220;|||4px||&#8220; global_colors_info=&#8220;{}&#8220;][et_pb_column type=&#8220;4_4&#8243; _builder_version=&#8220;4.25.0&#8243; _module_preset=&#8220;default&#8220; global_colors_info=&#8220;{}&#8220;][et_pb_text _builder_version=&#8220;4.25.0&#8243; _module_preset=&#8220;default&#8220; global_colors_info=&#8220;{}&#8220;]<\/p>\n\n<p>[\/et_pb_text][\/et_pb_column][\/et_pb_row][\/et_pb_section][et_pb_section fb_built=&#8220;1&#8243; admin_label=&#8220;section&#8220; _builder_version=&#8220;4.16&#8243; custom_padding=&#8220;0px|0px|0px|0px&#8220; transparent_background=&#8220;off&#8220; make_fullwidth=&#8220;off&#8220; use_custom_width=&#8220;off&#8220; width_unit=&#8220;off&#8220; custom_width_px=&#8220;1080px&#8220; custom_width_percent=&#8220;80%&#8220; global_colors_info=&#8220;{}&#8220;][et_pb_row admin_label=&#8220;row&#8220; _builder_version=&#8220;4.16&#8243; background_size=&#8220;initial&#8220; background_position=&#8220;top_left&#8220; background_repeat=&#8220;repeat&#8220; custom_padding=&#8220;27px|0px|0px|0px&#8220; make_fullwidth=&#8220;off&#8220; use_custom_width=&#8220;off&#8220; width_unit=&#8220;off&#8220; custom_width_px=&#8220;1080px&#8220; custom_width_percent=&#8220;80%&#8220; global_colors_info=&#8220;{}&#8220;][et_pb_column type=&#8220;4_4&#8243; _builder_version=&#8220;4.16&#8243; custom_padding=&#8220;|||&#8220; global_colors_info=&#8220;{}&#8220; custom_padding__hover=&#8220;|||&#8220;][et_pb_text admin_label=&#8220;Text&#8220; _builder_version=&#8220;4.16&#8243; background_size=&#8220;initial&#8220; background_position=&#8220;top_left&#8220; background_repeat=&#8220;repeat&#8220; text_orientation=&#8220;center&#8220; module_alignment=&#8220;center&#8220; use_border_color=&#8220;off&#8220; border_style=&#8220;solid&#8220; global_colors_info=&#8220;{}&#8220;]<\/p>\n<p> <a href=\"#\" title=\"Instagram\"><img loading=\"lazy\" decoding=\"async\" src=\"\/wp-content\/uploads\/2017\/02\/Instagram_footer.png\" width=\"22\" height=\"23\" alt=\"\" class=\"wp-image-275 alignnone size-full\"><\/a>    <a href=\"#\" title=\"Tweeter\"><img loading=\"lazy\" decoding=\"async\" src=\"\/wp-content\/uploads\/2017\/02\/tweeter_footer-1.png\" width=\"25\" height=\"23\" alt=\"\" class=\"wp-image-276 alignnone size-full\"><\/a>    <a href=\"#\" title=\"Facebook\"><img loading=\"lazy\" decoding=\"async\" src=\"\/wp-content\/uploads\/2017\/02\/Facebook_footer.png\" width=\"12\" height=\"22\" alt=\"\" class=\"wp-image-277 alignnone size-full\"><\/a><\/p>\n<p>[\/et_pb_text][\/et_pb_column][\/et_pb_row][\/et_pb_section]<\/p>\n","protected":false},"excerpt":{"rendered":"<p>WETTBEWERB FLUTE GAM(M)ESUnter dem Zeichen der Wertsch\u00e4tzung richtet sich der Wettbewerb Fl\u00fbte Gam(m)es an Kinder jeden Alters bis zu 17 Jahren f\u00fcr die Kategorie Nachwuchstalente und bis zu 20 oder [&hellip;]<\/p>\n","protected":false},"author":1,"featured_media":0,"parent":0,"menu_order":0,"comment_status":"closed","ping_status":"closed","template":"","meta":{"_et_pb_use_builder":"on","_et_pb_old_content":"","_et_gb_content_width":"","_price":"","_stock":"","_tribe_ticket_header":"","_tribe_default_ticket_provider":"","_tribe_ticket_capacity":"0","_ticket_start_date":"","_ticket_end_date":"","_tribe_ticket_show_description":"","_tribe_ticket_show_not_going":false,"_tribe_ticket_use_global_stock":"","_tribe_ticket_global_stock_level":"","_global_stock_mode":"","_global_stock_cap":"","_tribe_rsvp_for_event":"","_tribe_ticket_going_count":"","_tribe_ticket_not_going_count":"","_tribe_tickets_list":"[]","_tribe_ticket_has_attendee_info_fields":false,"footnotes":"","_tec_slr_enabled":"","_tec_slr_layout":""},"class_list":["post-642","page","type-page","status-publish","hentry"],"ticketed":false,"_links":{"self":[{"href":"https:\/\/swissflute.ch\/de\/wp-json\/wp\/v2\/pages\/642","targetHints":{"allow":["GET"]}}],"collection":[{"href":"https:\/\/swissflute.ch\/de\/wp-json\/wp\/v2\/pages"}],"about":[{"href":"https:\/\/swissflute.ch\/de\/wp-json\/wp\/v2\/types\/page"}],"author":[{"embeddable":true,"href":"https:\/\/swissflute.ch\/de\/wp-json\/wp\/v2\/users\/1"}],"replies":[{"embeddable":true,"href":"https:\/\/swissflute.ch\/de\/wp-json\/wp\/v2\/comments?post=642"}],"version-history":[{"count":30,"href":"https:\/\/swissflute.ch\/de\/wp-json\/wp\/v2\/pages\/642\/revisions"}],"predecessor-version":[{"id":1931,"href":"https:\/\/swissflute.ch\/de\/wp-json\/wp\/v2\/pages\/642\/revisions\/1931"}],"wp:attachment":[{"href":"https:\/\/swissflute.ch\/de\/wp-json\/wp\/v2\/media?parent=642"}],"curies":[{"name":"wp","href":"https:\/\/api.w.org\/{rel}","templated":true}]}}