{"id":4402,"date":"2025-09-05T09:42:10","date_gmt":"2025-09-05T07:42:10","guid":{"rendered":"https:\/\/swissflute.ch\/?page_id=4402"},"modified":"2026-04-22T16:41:56","modified_gmt":"2026-04-22T14:41:56","slug":"results","status":"publish","type":"page","link":"https:\/\/swissflute.ch\/de\/results\/","title":{"rendered":"ERGEBNISSE DES WETTBEWERBS FLUTE GAM(M)ES"},"content":{"rendered":"<p>[et_pb_section fb_built=&#8220;1&#8243; admin_label=&#8220;Header&#8220; _builder_version=&#8220;4.27.4&#8243; _module_preset=&#8220;cd403b88-73d1-495f-820e-eb665d8dddb5&#8243; background_color_gradient_stops=&#8220;gcid-d119accd-44d7-4f2f-b9d7-599c8463324b 0%|rgba(255,255,255,0) 63%|rgba(7,33,48,0.6) 100%|#072130 100%&#8220; background_image=&#8220;https:\/\/swissflute.ch\/wp-content\/uploads\/2025\/02\/non-profit-03.jpg&#8220; custom_padding=&#8220;0px|||||&#8220; locked=&#8220;off&#8220; collapsed=&#8220;on&#8220; global_colors_info=&#8220;{%22gcid-1f1bf5fb-a99d-4acc-8d9e-ddac074c158c%22:%91%22background_color_gradient_stops%22,%22background_color_gradient_stops%22%93,%22gcid-4c79ba3d-a281-4fb6-9b14-02f9a4c793f2%22:%91%22background_color_gradient_stops%22,%22background_color_gradient_stops%22%93,%22gcid-688c464a-d6f2-4296-b592-395352c71c79%22:%91%22background_color_gradient_stops%22,%22background_color_gradient_stops%22%93,%22gcid-d119accd-44d7-4f2f-b9d7-599c8463324b%22:%91%22background_color_gradient_stops%22,%22background_color_gradient_stops%22%93}&#8220;][et_pb_row _builder_version=&#8220;4.25.1&#8243; _module_preset=&#8220;default&#8220; locked=&#8220;off&#8220; global_colors_info=&#8220;{}&#8220;][et_pb_column type=&#8220;4_4&#8243; _builder_version=&#8220;4.25.1&#8243; _module_preset=&#8220;default&#8220; global_colors_info=&#8220;{}&#8220;][et_pb_heading title=&#8220;Ergebnisse 2025&#8243; admin_label=&#8220;avantages&#8220; module_id=&#8220;inscription concours 25&#8243; _builder_version=&#8220;4.27.6&#8243; _module_preset=&#8220;7db299f6-e73f-4d50-8f53-8124ad5db4cb&#8220; title_font=&#8220;||||||||&#8220; custom_margin=&#8220;||10px||false|false&#8220; custom_padding=&#8220;||24px|||&#8220; hover_enabled=&#8220;0&#8243; global_colors_info=&#8220;{}&#8220; sticky_enabled=&#8220;0&#8243;][\/et_pb_heading][et_pb_heading title=&#8220;Wettbewerg Fl\u00fbte Gam(m)es&#8220; _builder_version=&#8220;4.27.4&#8243; _module_preset=&#8220;default&#8220; global_colors_info=&#8220;{}&#8220;][\/et_pb_heading][\/et_pb_column][\/et_pb_row][\/et_pb_section][et_pb_section fb_built=&#8220;1&#8243; _builder_version=&#8220;4.27.6&#8243; _module_preset=&#8220;default&#8220; custom_padding=&#8220;9px||4px|||&#8220; global_colors_info=&#8220;{}&#8220; theme_builder_area=&#8220;post_content&#8220;][et_pb_row _builder_version=&#8220;4.27.6&#8243; _module_preset=&#8220;default&#8220; custom_padding=&#8220;5px||6px|||&#8220; global_colors_info=&#8220;{}&#8220; theme_builder_area=&#8220;post_content&#8220;][et_pb_column type=&#8220;4_4&#8243; _builder_version=&#8220;4.27.6&#8243; _module_preset=&#8220;default&#8220; global_colors_info=&#8220;{}&#8220; theme_builder_area=&#8220;post_content&#8220;][et_pb_icon font_icon=&#8220;&#xe03b;||divi||400&#8243; icon_color=&#8220;#E02B20&#8243; icon_width=&#8220;41px&#8220; url=&#8220;https:\/\/swissflute.ch\/de\/competition\/&#8220; align=&#8220;left&#8220; _builder_version=&#8220;4.27.6&#8243; _module_preset=&#8220;default&#8220; custom_margin=&#8220;-2px|||||&#8220; global_colors_info=&#8220;{}&#8220; theme_builder_area=&#8220;post_content&#8220;][\/et_pb_icon][\/et_pb_column][\/et_pb_row][\/et_pb_section][et_pb_section fb_built=&#8220;1&#8243; admin_label=&#8220;Header&#8220; _builder_version=&#8220;4.27.4&#8243; _module_preset=&#8220;cd403b88-73d1-495f-820e-eb665d8dddb5&#8243; background_color_gradient_stops=&#8220;gcid-d119accd-44d7-4f2f-b9d7-599c8463324b 0%|rgba(255,255,255,0) 63%|rgba(7,33,48,0.6) 100%|#072130 100%&#8220; background_image=&#8220;https:\/\/swissflute.ch\/wp-content\/uploads\/2025\/02\/non-profit-03.jpg&#8220; custom_padding=&#8220;0px||0px|||&#8220; locked=&#8220;off&#8220; collapsed=&#8220;on&#8220; global_colors_info=&#8220;{%22gcid-1f1bf5fb-a99d-4acc-8d9e-ddac074c158c%22:%91%22background_color_gradient_stops%22,%22background_color_gradient_stops%22%93,%22gcid-4c79ba3d-a281-4fb6-9b14-02f9a4c793f2%22:%91%22background_color_gradient_stops%22,%22background_color_gradient_stops%22%93,%22gcid-688c464a-d6f2-4296-b592-395352c71c79%22:%91%22background_color_gradient_stops%22,%22background_color_gradient_stops%22%93,%22gcid-d119accd-44d7-4f2f-b9d7-599c8463324b%22:%91%22background_color_gradient_stops%22,%22background_color_gradient_stops%22%93}&#8220;][et_pb_row _builder_version=&#8220;4.25.1&#8243; _module_preset=&#8220;default&#8220; locked=&#8220;off&#8220; global_colors_info=&#8220;{}&#8220;][et_pb_column type=&#8220;4_4&#8243; _builder_version=&#8220;4.25.1&#8243; _module_preset=&#8220;default&#8220; global_colors_info=&#8220;{}&#8220;][et_pb_heading title=&#8220;Ergebnisse des Wettbewerbs 2025&#8243; _builder_version=&#8220;4.27.4&#8243; _module_preset=&#8220;default&#8220; global_colors_info=&#8220;{}&#8220;][\/et_pb_heading][et_pb_accordion _builder_version=&#8220;4.27.4&#8243; _module_preset=&#8220;default&#8220; global_colors_info=&#8220;{}&#8220;][et_pb_accordion_item title=&#8220;EXPERT &#8211; CAT\u00c9GORIE A1 &#8211; Chevronn\u00e9s&#8220; open=&#8220;on&#8220; _builder_version=&#8220;4.27.4&#8243; _module_preset=&#8220;default&#8220; global_colors_info=&#8220;{}&#8220;]<\/p>\n<p><strong>1er prix:<\/strong> Elias Bourqui<\/p>\n<p><strong>2\u00e8me prix:<\/strong> Charlotte Murphy<\/p>\n<p><strong>3\u00e8me prix:<\/strong> L\u00e9a Renaud<\/p>\n<p>[\/et_pb_accordion_item][et_pb_accordion_item title=&#8220;EXPERT &#8211; CAT\u00c9GORIE A2 &#8211; \u00c9m\u00e9rites&#8220; _builder_version=&#8220;4.27.4&#8243; _module_preset=&#8220;default&#8220; global_colors_info=&#8220;{}&#8220; open=&#8220;off&#8220;]<\/p>\n<p>1er prix ex aequo: Elisa de Andr\u00e9s<\/p>\n<p>1er prix ex aequo: Alma M\u00f6nckeberg<\/p>\n<p>2\u00e8me prix: Suzie Kim<\/p>\n<p>[\/et_pb_accordion_item][et_pb_accordion_item title=&#8220;FAN DE FL\u00dbTE &#8211; CAT\u00c9GORIE B1 &#8211; Largo&#8220; _builder_version=&#8220;4.27.4&#8243; _module_preset=&#8220;default&#8220; global_colors_info=&#8220;{}&#8220; open=&#8220;off&#8220;]<\/p>\n<p>Melissa Maret &#8211; 1er prix \u00e0 l&#8217;unianimit\u00e9 avec les f\u00e9licitations du jury<\/p>\n<p>[\/et_pb_accordion_item][et_pb_accordion_item title=&#8220;FAN DE FL\u00dbTE &#8211; CAT\u00c9GORIE B2 &#8211; Adagio&#8220; _builder_version=&#8220;4.27.4&#8243; _module_preset=&#8220;default&#8220; global_colors_info=&#8220;{}&#8220; open=&#8220;off&#8220;]<\/p>\n<p>Tilla Ahlgrimm \u2013 2e Prix<br data-start=\"145\" data-end=\"148\">Eva Alvarez \u2013 2e Prix<br data-start=\"169\" data-end=\"172\">Chloe Gandois Gonzalez \u2013 2e Prix<br data-start=\"204\" data-end=\"207\" data-is-only-node=\"\">Nicole Kim \u2013 1er Prix<br data-start=\"228\" data-end=\"231\">Latika Petitjean \u2013 1er Prix \u00e0 l\u2019unanimit\u00e9 avec les f\u00e9licitations du Jury<br data-start=\"303\" data-end=\"306\">Lorraine Renaud \u2013 2e Prix<br data-start=\"331\" data-end=\"334\">Nastassia Renevey \u2013 1er Prix \u00e0 l\u2019unanimit\u00e9<br data-start=\"376\" data-end=\"379\">Nola Riccio \u2013 2e Prix<br data-start=\"400\" data-end=\"403\">Tatiana Rihs \u2013 1er Prix \u00e0 l\u2019unanimit\u00e9<br data-start=\"440\" data-end=\"443\">Ad\u00e8le Schild \u2013 1er Prix<br data-start=\"466\" data-end=\"469\">Valentina Villaverde Roca \u2013 1er Prix<br data-start=\"505\" data-end=\"508\">Julia Viot \u2013 2e Prix<br data-start=\"528\" data-end=\"531\">Juliette Zardini \u2013 1er Prix \u00e0 l\u2019unanimit\u00e9<br data-start=\"572\" data-end=\"575\">Ella Zen-Ruffinen \u2013 1er Prix \u00e0 l\u2019unanimit\u00e9<\/p>\n<p>[\/et_pb_accordion_item][et_pb_accordion_item title=&#8220;FAN DE FL\u00dbTE &#8211; CAT\u00c9GORIE B3 &#8211; Andante&#8220; _builder_version=&#8220;4.27.4&#8243; _module_preset=&#8220;default&#8220; global_colors_info=&#8220;{}&#8220; open=&#8220;off&#8220;]<\/p>\n<p>Roman Armanet \u2013 1er Prix \u00e0 l\u2019unanimit\u00e9<br data-start=\"126\" data-end=\"129\">Laia Billard \u2013 2e Prix<br data-start=\"151\" data-end=\"154\">L\u00e9a Cecchetto \u2013 2e Prix<br data-start=\"177\" data-end=\"180\" data-is-only-node=\"\">Fabio Fantinato \u2013 1er Prix<br data-start=\"206\" data-end=\"209\">Dehlia Felk \u2013 1er Prix<br data-start=\"231\" data-end=\"234\">\u00c9b\u00e8ne Gesina \u2013 1er Prix<br data-start=\"257\" data-end=\"260\">Marion Maytain \u2013 2e Prix<br data-start=\"284\" data-end=\"287\">Cl\u00e9mence Peter \u2013 1er Prix \u00e0 l\u2019unanimit\u00e9 avec les f\u00e9licitations du Jury<br data-start=\"357\" data-end=\"360\">Juliette Pipoz \u2013 1er Prix \u00e0 l\u2019unanimit\u00e9 avec les f\u00e9licitations du Jury<br data-start=\"430\" data-end=\"433\">Alessia Schaer \u2013 1er Prix<br data-start=\"458\" data-end=\"461\">Iyla Seeger \u2013 1er Prix \u00e0 l\u2019unanimit\u00e9<\/p>\n<p>[\/et_pb_accordion_item][et_pb_accordion_item title=&#8220;FAN DE FL\u00dbTE &#8211; CAT\u00c9GORIE B4 &#8211; Moderato&#8220; _builder_version=&#8220;4.27.4&#8243; _module_preset=&#8220;default&#8220; global_colors_info=&#8220;{}&#8220; open=&#8220;off&#8220;]<\/p>\n<p>Emma Andersson \u2013 2e Prix<br data-start=\"113\" data-end=\"116\">Marlene Andrees \u2013 2e Prix<br data-start=\"141\" data-end=\"144\">Penelope Basso \u2013 2e Prix<br data-start=\"168\" data-end=\"171\" data-is-only-node=\"\">Charlotte Caff\u00e9 \u2013 1er Prix<br data-start=\"197\" data-end=\"200\">Philom\u00e8ne de Villenaut \u2013 2e Prix<br data-start=\"232\" data-end=\"235\">Tom Noah Faustmann \u2013 2e Prix<br data-start=\"263\" data-end=\"266\">P\u00e9n\u00e9lope Martinez Hornemann \u2013 2e Prix<br data-start=\"303\" data-end=\"306\">Mait\u00ea Page Da Purifica\u00e7\u00e3o \u2013 1er Prix \u00e0 l\u2019unanimit\u00e9 avec les f\u00e9licitations du Jury<br data-start=\"387\" data-end=\"390\">Lena Rothenberg \u2013 2e Prix<br data-start=\"415\" data-end=\"418\">Ir\u00e8ne Schoenenberg \u2013 1er Prix \u00e0 l\u2019unanimit\u00e9<br data-start=\"461\" data-end=\"464\">Mathilde Yerly \u2013 2e Prix<\/p>\n<p>[\/et_pb_accordion_item][et_pb_accordion_item title=&#8220;FAN DE FL\u00dbTE &#8211; CAT\u00c9GORIE B5 &#8211; Allegretto&#8220; _builder_version=&#8220;4.27.4&#8243; _module_preset=&#8220;default&#8220; global_colors_info=&#8220;{}&#8220; open=&#8220;off&#8220;]<\/p>\n<p>Celia Baldin \u2013 1er Prix<br data-start=\"109\" data-end=\"112\">Boris Chow-Toun \u2013 1er Prix<br data-start=\"138\" data-end=\"141\">In\u00e8s Dahou \u2013 1er Prix \u00e0 l\u2019unanimit\u00e9<br data-start=\"176\" data-end=\"179\">Florence \u00c9l\u00e9onore Nguene \u2013 2e Prix<br data-start=\"213\" data-end=\"216\">\u00c9lise Renaud \u2013 1er Prix<br data-start=\"239\" data-end=\"242\">Aur\u00e9lie Swaroop \u2013 1er Prix \u00e0 l\u2019unanimit\u00e9<\/p>\n<p>[\/et_pb_accordion_item][et_pb_accordion_item title=&#8220;FAN DE FL\u00dbTE &#8211; CAT\u00c9GORIE B6 &#8211; Allegro&#8220; _builder_version=&#8220;4.27.4&#8243; _module_preset=&#8220;default&#8220; global_colors_info=&#8220;{}&#8220; open=&#8220;off&#8220;]<\/p>\n<p>Ang\u00e8le Deillon \u2013 1er Prix<br data-start=\"108\" data-end=\"111\">Valeria Gomez \u2013 2e Prix<\/p>\n<p>[\/et_pb_accordion_item][et_pb_accordion_item title=&#8220;FAN DE FL\u00dbTE &#8211; CAT\u00c9GORIE B7 &#8211; Presto&#8220; _builder_version=&#8220;4.27.4&#8243; _module_preset=&#8220;default&#8220; global_colors_info=&#8220;{}&#8220; open=&#8220;off&#8220;]<\/p>\n<p>Livia Jade Casciana \u2013 2e Prix<br data-start=\"154\" data-end=\"157\">Roman Fierz \u2013 1er Prix<br data-start=\"179\" data-end=\"182\">Leyla Aynur Kurucu \u2013 3e Prix<br data-start=\"210\" data-end=\"213\">Stella Schuster \u2013 1er Prix \u00e0 l\u2019unanimit\u00e9 avec les f\u00e9licitations du Jury<br data-start=\"284\" data-end=\"287\">Genevi\u00e8ve S\u00e9guin \u2013 1er Prix<\/p>\n<p>[\/et_pb_accordion_item][et_pb_accordion_item title=&#8220;LES COPAINS D&apos;ABORD &#8211; CAT\u00c9GORIE C1 &#8211; Lutins&#8220; _builder_version=&#8220;4.27.4&#8243; _module_preset=&#8220;default&#8220; global_colors_info=&#8220;{}&#8220; open=&#8220;off&#8220;]<\/p>\n<p><strong>Duo de Fl\u00fbte<\/strong> \u2013 Lena Rothenberg, Emma Andersson \u2013 Alexandre Tkaboca \u2013 1er Prix<br data-start=\"189\" data-end=\"192\"><strong>Le Trio f\u00fbt\u00e9<\/strong> \u2013 Juliette Pipoz, Juliette Zardini, Roman Armanet \u2013 Sandra Latour \u2013 1er Prix \u00e0 l\u2019unanimit\u00e9 avec les f\u00e9licitations du Jury<br data-start=\"326\" data-end=\"329\"><strong>Les Trois Versi\u00e8res<\/strong> \u2013 Philom\u00e8ne de Villenaut, Nicole Kim, Latika Petitjean \u2013 Claude R\u00e9gimbald \u2013 1er Prix \u00e0 l\u2019unanimit\u00e9<\/p>\n<p>[\/et_pb_accordion_item][et_pb_accordion_item title=&#8220;LES COPAINS D&apos;ABORD &#8211; CAT\u00c9GORIE C2 &#8211; Farfadets&#8220; _builder_version=&#8220;4.27.4&#8243; _module_preset=&#8220;default&#8220; global_colors_info=&#8220;{}&#8220; open=&#8220;off&#8220;]<\/p>\n<p><strong>Le Club des 5<\/strong> \u2013 Oscar Rapha\u00ebl Cancalon-Luna, \u00c9lie L\u00e9aut\u00e9, Yukin\u00e9 Meyer, Sofia Luna Dind, Mathilde M\u00e9tral (violoncelle) \u2013 1er Prix \u00e0 l\u2019unanimit\u00e9 avec les f\u00e9licitations du Jury<br data-start=\"292\" data-end=\"295\"><strong>Les Clarici\u00e8res<\/strong> \u2013 Mait\u00ea Page Da Purifica\u00e7\u00e3o, Georgia Ndam (clarinette) \u2013 1er Prix \u00e0 l\u2019unanimit\u00e9 avec les f\u00e9licitations du Jury<\/p>\n<p>[\/et_pb_accordion_item][et_pb_accordion_item title=&#8220;LES COPAINS D&apos;ABORD &#8211; CAT\u00c9GORIE C3 &#8211; Enchanteurs&#8220; _builder_version=&#8220;4.27.4&#8243; _module_preset=&#8220;default&#8220; global_colors_info=&#8220;{}&#8220; open=&#8220;off&#8220;]<\/p>\n<p><strong>Ad\u00e8le au carr\u00e9<\/strong> \u2013 Adele-Louise Reetz, Ad\u00e8le Zimmermann (harpe) \u2013 Sandra Latour \u2013 1er Prix \u00e0 l\u2019unanimit\u00e9 avec les f\u00e9licitations du Jury<\/p>\n<p>[\/et_pb_accordion_item][et_pb_accordion_item title=&#8220;JE JOUE MA MUSIQUE &#8211; CAT\u00c9GORIE E&#8220; _builder_version=&#8220;4.27.4&#8243; _module_preset=&#8220;default&#8220; global_colors_info=&#8220;{}&#8220; open=&#8220;off&#8220;]<\/p>\n<p>Melissa Maret &#8211; 1er prix \u00e0 l&#8217;unanimit\u00e9<\/p>\n<p>Juliette Zardini \u2013 1er Prix \u00e0 l\u2019unanimit\u00e9 avec les f\u00e9licitations du Jury<\/p>\n<p>Roman Armanet \u2013 1er Prix \u00e0 l\u2019unanimit\u00e9<\/p>\n<p>Juliette Pipoz \u2013 1er Prix \u00e0 l\u2019unanimit\u00e9<\/p>\n<p>Alessia Schaer \u2013 1er Prix<\/p>\n<p>Lena Rothenberg \u2013 1er Prix<\/p>\n<p>Valeria Gomez \u2013 1er Prix<\/p>\n<p>Elisa De Andr\u00e9s &#8211; 1er Prix \u00e0 l&#8217;unanimit\u00e9 avec les f\u00e9licitations du Jury<\/p>\n<p>Alma M\u00f6nckeberg &#8211; 1er Prix \u00e0 l&#8217;unanimit\u00e9 avec les f\u00e9licitations du Jury<\/p>\n<p>[\/et_pb_accordion_item][\/et_pb_accordion][\/et_pb_column][\/et_pb_row][\/et_pb_section]<\/p>\n","protected":false},"excerpt":{"rendered":"<p>1er prix: Elias Bourqui 2\u00e8me prix: Charlotte Murphy 3\u00e8me prix: L\u00e9a Renaud1er prix ex aequo: Elisa de Andr\u00e9s 1er prix ex aequo: Alma M\u00f6nckeberg 2\u00e8me prix: Suzie KimMelissa Maret &#8211; [&hellip;]<\/p>\n","protected":false},"author":2,"featured_media":3275,"parent":0,"menu_order":0,"comment_status":"closed","ping_status":"closed","template":"","meta":{"_et_pb_use_builder":"on","_et_pb_old_content":"","_et_gb_content_width":"","_price":"","_stock":"","_tribe_ticket_header":"","_tribe_default_ticket_provider":"","_tribe_ticket_capacity":"0","_ticket_start_date":"","_ticket_end_date":"","_tribe_ticket_show_description":"","_tribe_ticket_show_not_going":false,"_tribe_ticket_use_global_stock":"","_tribe_ticket_global_stock_level":"","_global_stock_mode":"","_global_stock_cap":"","_tribe_rsvp_for_event":"","_tribe_ticket_going_count":"","_tribe_ticket_not_going_count":"","_tribe_tickets_list":"[]","_tribe_ticket_has_attendee_info_fields":false,"footnotes":"","_tec_slr_enabled":"","_tec_slr_layout":""},"class_list":["post-4402","page","type-page","status-publish","has-post-thumbnail","hentry"],"ticketed":false,"_links":{"self":[{"href":"https:\/\/swissflute.ch\/de\/wp-json\/wp\/v2\/pages\/4402","targetHints":{"allow":["GET"]}}],"collection":[{"href":"https:\/\/swissflute.ch\/de\/wp-json\/wp\/v2\/pages"}],"about":[{"href":"https:\/\/swissflute.ch\/de\/wp-json\/wp\/v2\/types\/page"}],"author":[{"embeddable":true,"href":"https:\/\/swissflute.ch\/de\/wp-json\/wp\/v2\/users\/2"}],"replies":[{"embeddable":true,"href":"https:\/\/swissflute.ch\/de\/wp-json\/wp\/v2\/comments?post=4402"}],"version-history":[{"count":17,"href":"https:\/\/swissflute.ch\/de\/wp-json\/wp\/v2\/pages\/4402\/revisions"}],"predecessor-version":[{"id":7269,"href":"https:\/\/swissflute.ch\/de\/wp-json\/wp\/v2\/pages\/4402\/revisions\/7269"}],"wp:featuredmedia":[{"embeddable":true,"href":"https:\/\/swissflute.ch\/de\/wp-json\/wp\/v2\/media\/3275"}],"wp:attachment":[{"href":"https:\/\/swissflute.ch\/de\/wp-json\/wp\/v2\/media?parent=4402"}],"curies":[{"name":"wp","href":"https:\/\/api.w.org\/{rel}","templated":true}]}}