{"id":4187,"date":"2025-08-28T12:31:15","date_gmt":"2025-08-28T10:31:15","guid":{"rendered":"https:\/\/swissflute.ch\/?page_id=4187"},"modified":"2025-08-28T12:55:47","modified_gmt":"2025-08-28T10:55:47","slug":"wettbewerbsanmeldung","status":"publish","type":"page","link":"https:\/\/swissflute.ch\/de\/wettbewerbsanmeldung\/","title":{"rendered":"FREIWILLIGE MITARBEITENDE WETTBEWERB 2025"},"content":{"rendered":"<p>[et_pb_section fb_built=&#8220;1&#8243; admin_label=&#8220;Header&#8220; _builder_version=&#8220;4.27.4&#8243; _module_preset=&#8220;cd403b88-73d1-495f-820e-eb665d8dddb5&#8243; background_color_gradient_stops=&#8220;gcid-d119accd-44d7-4f2f-b9d7-599c8463324b 0%|rgba(255,255,255,0) 63%|rgba(7,33,48,0.6) 100%|#072130 100%&#8220; background_image=&#8220;https:\/\/swissflute.ch\/wp-content\/uploads\/2025\/02\/non-profit-03.jpg&#8220; custom_padding=&#8220;0px|||||&#8220; locked=&#8220;off&#8220; collapsed=&#8220;on&#8220; global_colors_info=&#8220;{%22gcid-1f1bf5fb-a99d-4acc-8d9e-ddac074c158c%22:%91%22background_color_gradient_stops%22,%22background_color_gradient_stops%22%93,%22gcid-4c79ba3d-a281-4fb6-9b14-02f9a4c793f2%22:%91%22background_color_gradient_stops%22,%22background_color_gradient_stops%22%93,%22gcid-688c464a-d6f2-4296-b592-395352c71c79%22:%91%22background_color_gradient_stops%22,%22background_color_gradient_stops%22%93,%22gcid-d119accd-44d7-4f2f-b9d7-599c8463324b%22:%91%22background_color_gradient_stops%22,%22background_color_gradient_stops%22%93}&#8220;][et_pb_row _builder_version=&#8220;4.25.1&#8243; _module_preset=&#8220;default&#8220; locked=&#8220;off&#8220; global_colors_info=&#8220;{}&#8220;][et_pb_column type=&#8220;4_4&#8243; _builder_version=&#8220;4.25.1&#8243; _module_preset=&#8220;default&#8220; global_colors_info=&#8220;{}&#8220;][et_pb_heading title=&#8220;Freiwillige Mitarbeitende Wettbewerb 2025&#8243; admin_label=&#8220;avantages&#8220; module_id=&#8220;inscription concours 25&#8243; _builder_version=&#8220;4.27.4&#8243; _module_preset=&#8220;7db299f6-e73f-4d50-8f53-8124ad5db4cb&#8220; title_font=&#8220;||||||||&#8220; custom_margin=&#8220;||10px||false|false&#8220; hover_enabled=&#8220;0&#8243; global_colors_info=&#8220;{}&#8220; sticky_enabled=&#8220;0&#8243; custom_padding=&#8220;||24px|||&#8220;][\/et_pb_heading][et_pb_heading title=&#8220;Werden Sie freiwilliger Mitarbeiter \u2013 Flute Gam(m)es Wettbewerb&#8220; _builder_version=&#8220;4.27.4&#8243; _module_preset=&#8220;default&#8220; hover_enabled=&#8220;0&#8243; sticky_enabled=&#8220;0&#8243;][\/et_pb_heading][et_pb_text _builder_version=&#8220;4.27.4&#8243; _module_preset=&#8220;default&#8220; hover_enabled=&#8220;0&#8243; sticky_enabled=&#8220;0&#8243;]<\/p>\n<p>DER <strong data-start=\"170\" data-end=\"188\">Fl\u00fbte Gam(m)es<\/strong> wettbewerb findet j\u00e4hrlich in einem freundlichen und unterst\u00fctzenden Rahmen statt. Er bietet jungen Musikern die M\u00f6glichkeit, in einem respektvollen Umfeld aufzutreten und Ideen auszutauschen.<\/p>\n<p data-start=\"361\" data-end=\"523\">Wir laden Eltern, Mitglieder der Schweizerischen Fl\u00f6tengesellschaft, Musiklehrer und alle Musikinteressierten ein, sich ehrenamtlich zu engagieren.<\/p>\n<p data-start=\"525\" data-end=\"548\"><strong data-start=\"525\" data-end=\"546\">M\u00f6gliche Rollen:<\/strong><\/p>\n<ul data-start=\"549\" data-end=\"799\">\n<li data-start=\"549\" data-end=\"698\">\n<p data-start=\"551\" data-end=\"698\"><strong data-start=\"551\" data-end=\"566\">Lehrkr\u00e4fte<\/strong>: K\u00f6nnen als Jurymitglieder mitwirken (Anwesenheit an allen drei Tagen) und bei der Kandidatenauswahl mitwirken.<\/p>\n<\/li>\n<li data-start=\"699\" data-end=\"799\">\n<p data-start=\"701\" data-end=\"799\"><strong data-start=\"701\" data-end=\"723\">Alle freiwilligen<\/strong>: K\u00f6nnen bei der Begr\u00fc\u00dfung der Kandidaten und der \u00dcberwachung der Aktivit\u00e4ten mitwirken.<\/p>\n<\/li>\n<\/ul>\n<p data-start=\"801\" data-end=\"1108\">Ihre Teilnahme ist unerl\u00e4sslich, um einen reibungslosen Ablauf des Wettbewerbs zu gew\u00e4hrleisten und sicherzustellen, dass sich jeder Teilnehmer unterst\u00fctzt f\u00fchlt. <strong data-start=\"939\" data-end=\"1013\">Melden Sie sich jetzt an, indem Sie das untenstehende Formular ausf\u00fcllen.<\/strong> Wir werden uns dann mit Ihnen in Verbindung setzen, um Ihre Rolle und die Organisation Ihrer Anwesenheit zu kl\u00e4ren. <\/p>\n<p>[\/et_pb_text][et_pb_text _builder_version=&#8220;4.27.4&#8243; _module_preset=&#8220;default&#8220; hover_enabled=&#8220;0&#8243; global_colors_info=&#8220;{}&#8220; sticky_enabled=&#8220;0&#8243;]<\/p>\n\n<p>[\/et_pb_text][\/et_pb_column][\/et_pb_row][\/et_pb_section]<\/p>\n","protected":false},"excerpt":{"rendered":"<p>DER Fl\u00fbte Gam(m)es wettbewerb findet j\u00e4hrlich in einem freundlichen und unterst\u00fctzenden Rahmen statt. Er bietet jungen Musikern die M\u00f6glichkeit, in einem respektvollen Umfeld aufzutreten und Ideen auszutauschen. Wir laden Eltern, [&hellip;]<\/p>\n","protected":false},"author":2,"featured_media":3275,"parent":0,"menu_order":0,"comment_status":"closed","ping_status":"closed","template":"","meta":{"_et_pb_use_builder":"on","_et_pb_old_content":"","_et_gb_content_width":"","_price":"","_stock":"","_tribe_ticket_header":"","_tribe_default_ticket_provider":"","_tribe_ticket_capacity":"0","_ticket_start_date":"","_ticket_end_date":"","_tribe_ticket_show_description":"","_tribe_ticket_show_not_going":false,"_tribe_ticket_use_global_stock":"","_tribe_ticket_global_stock_level":"","_global_stock_mode":"","_global_stock_cap":"","_tribe_rsvp_for_event":"","_tribe_ticket_going_count":"","_tribe_ticket_not_going_count":"","_tribe_tickets_list":"[]","_tribe_ticket_has_attendee_info_fields":false,"footnotes":"","_tec_slr_enabled":"","_tec_slr_layout":""},"class_list":["post-4187","page","type-page","status-publish","has-post-thumbnail","hentry"],"ticketed":false,"_links":{"self":[{"href":"https:\/\/swissflute.ch\/de\/wp-json\/wp\/v2\/pages\/4187","targetHints":{"allow":["GET"]}}],"collection":[{"href":"https:\/\/swissflute.ch\/de\/wp-json\/wp\/v2\/pages"}],"about":[{"href":"https:\/\/swissflute.ch\/de\/wp-json\/wp\/v2\/types\/page"}],"author":[{"embeddable":true,"href":"https:\/\/swissflute.ch\/de\/wp-json\/wp\/v2\/users\/2"}],"replies":[{"embeddable":true,"href":"https:\/\/swissflute.ch\/de\/wp-json\/wp\/v2\/comments?post=4187"}],"version-history":[{"count":7,"href":"https:\/\/swissflute.ch\/de\/wp-json\/wp\/v2\/pages\/4187\/revisions"}],"predecessor-version":[{"id":4210,"href":"https:\/\/swissflute.ch\/de\/wp-json\/wp\/v2\/pages\/4187\/revisions\/4210"}],"wp:featuredmedia":[{"embeddable":true,"href":"https:\/\/swissflute.ch\/de\/wp-json\/wp\/v2\/media\/3275"}],"wp:attachment":[{"href":"https:\/\/swissflute.ch\/de\/wp-json\/wp\/v2\/media?parent=4187"}],"curies":[{"name":"wp","href":"https:\/\/api.w.org\/{rel}","templated":true}]}}