{"id":4037,"date":"2025-02-21T11:25:42","date_gmt":"2025-02-21T10:25:42","guid":{"rendered":"https:\/\/swissflute.ch\/mitglieder\/"},"modified":"2026-04-03T15:08:24","modified_gmt":"2026-04-03T13:08:24","slug":"info_members","status":"publish","type":"page","link":"https:\/\/swissflute.ch\/de\/info_members\/","title":{"rendered":"MITGLIEDERINFORMATIONEN"},"content":{"rendered":"<p>[et_pb_section fb_built=&#8220;1&#8243; admin_label=&#8220;Header&#8220; _builder_version=&#8220;4.25.2&#8243; _module_preset=&#8220;cd403b88-73d1-495f-820e-eb665d8dddb5&#8243; background_color_gradient_stops=&#8220;gcid-d119accd-44d7-4f2f-b9d7-599c8463324b 0%|rgba(255,255,255,0) 25%|rgba(7,33,48,0.6) 76%|#072130 100%&#8220; background_image=&#8220;https:\/\/swissflute.ch\/wp-content\/uploads\/2025\/02\/non-profit-03.jpg&#8220; locked=&#8220;off&#8220; collapsed=&#8220;on&#8220; global_colors_info=&#8220;{%22gcid-1f1bf5fb-a99d-4acc-8d9e-ddac074c158c%22:%91%22background_color_gradient_stops%22,%22background_color_gradient_stops%22%93,%22gcid-4c79ba3d-a281-4fb6-9b14-02f9a4c793f2%22:%91%22background_color_gradient_stops%22,%22background_color_gradient_stops%22%93,%22gcid-688c464a-d6f2-4296-b592-395352c71c79%22:%91%22background_color_gradient_stops%22,%22background_color_gradient_stops%22%93,%22gcid-d119accd-44d7-4f2f-b9d7-599c8463324b%22:%91%22background_color_gradient_stops%22,%22background_color_gradient_stops%22%93}&#8220;][et_pb_row _builder_version=&#8220;4.25.1&#8243; _module_preset=&#8220;default&#8220; global_colors_info=&#8220;{}&#8220;][et_pb_column type=&#8220;4_4&#8243; _builder_version=&#8220;4.25.1&#8243; _module_preset=&#8220;default&#8220; global_colors_info=&#8220;{}&#8220;][et_pb_heading title=&#8220;MITGLIEDERINFORMATIONEN&#8220; _builder_version=&#8220;4.27.6&#8243; _module_preset=&#8220;fd5f7878-5c7f-43d1-8069-e24d2b584848&#8243; title_font=&#8220;||||||||&#8220; title_text_align=&#8220;center&#8220; custom_margin=&#8220;||10px||false|false&#8220; hover_enabled=&#8220;0&#8243; global_colors_info=&#8220;{}&#8220; sticky_enabled=&#8220;0&#8243;][\/et_pb_heading][et_pb_text _builder_version=&#8220;4.27.4&#8243; _module_preset=&#8220;26d4e99a-6f7f-410e-8267-bdec24a9eed6&#8243; text_font=&#8220;||||||||&#8220; header_font=&#8220;||||||||&#8220; text_orientation=&#8220;center&#8220; global_colors_info=&#8220;{}&#8220;]<\/p>\n<p>Werden Sie Mitglied der SSF, um die Fl\u00f6te zu unterst\u00fctzen und ihre Zukunft in der Schweiz zu sichern.<\/p>\n<p>[\/et_pb_text][et_pb_button button_url=&#8220;#cotisations&#8220; button_text=&#8220;MITGLIEDSBEITR\u00c4GE&#8220; button_alignment=&#8220;center&#8220; _builder_version=&#8220;4.27.6&#8243; _module_preset=&#8220;4d8c9e00-c31b-47ca-921a-5556fd05bcd5&#8243; button_font=&#8220;|700||on|||||&#8220; global_colors_info=&#8220;{}&#8220;][\/et_pb_button][et_pb_button button_url=&#8220;https:\/\/swissflute.ch\/de\/membership\/&#8220; button_text=&#8220;MITGLIEDSFORMULAR&#8220; button_alignment=&#8220;center&#8220; _builder_version=&#8220;4.27.4&#8243; _module_preset=&#8220;e78a0f54-efb1-4a6f-9d81-4a4e17666101&#8243; button_font=&#8220;|700||on|||||&#8220; global_colors_info=&#8220;{}&#8220;][\/et_pb_button][\/et_pb_column][\/et_pb_row][et_pb_row column_structure=&#8220;1_3,1_3,1_3&#8243; make_equal=&#8220;on&#8220; _builder_version=&#8220;4.27.4&#8243; _module_preset=&#8220;default&#8220; global_colors_info=&#8220;{}&#8220;][et_pb_column type=&#8220;1_3&#8243; _builder_version=&#8220;4.27.4&#8243; _module_preset=&#8220;4a565cb5-7890-41c0-8ca4-22bd0ce53d62&#8243; global_colors_info=&#8220;{}&#8220;][et_pb_heading title=&#8220;Vorteil&#8220; _builder_version=&#8220;4.27.4&#8243; _module_preset=&#8220;1f68a9f5-4ca8-4442-8ef5-d471b809e7d1&#8243; title_font=&#8220;||||||||&#8220; title_text_color=&#8220;#FFFFFF&#8220; custom_margin=&#8220;||10px||false|false&#8220; global_colors_info=&#8220;{}&#8220;][\/et_pb_heading][et_pb_text _builder_version=&#8220;4.27.4&#8243; _module_preset=&#8220;b6128511-675f-4329-b00f-524c3eef8165&#8243; text_font=&#8220;||||||||&#8220; header_font=&#8220;||||||||&#8220; global_colors_info=&#8220;{}&#8220;]<\/p>\n<p>Informationen<\/p>\n<p>Freier Eintritt<\/p>\n<p>Erm\u00e4\u00dfigungen<\/p>\n<p>[\/et_pb_text][et_pb_button button_url=&#8220;#avantages1&#8243; button_text=&#8220;AVANTAGES&#8220; _builder_version=&#8220;4.27.4&#8243; _module_preset=&#8220;e78a0f54-efb1-4a6f-9d81-4a4e17666101&#8243; button_font=&#8220;|700||on|||||&#8220; global_colors_info=&#8220;{}&#8220;][\/et_pb_button][\/et_pb_column][et_pb_column type=&#8220;1_3&#8243; _builder_version=&#8220;4.25.2&#8243; _module_preset=&#8220;9e87f09f-30be-49be-a498-70c51bfd8a4a&#8220; global_colors_info=&#8220;{}&#8220;][et_pb_heading title=&#8220;Mitgliedersichtbarkeit&#8220; _builder_version=&#8220;4.27.4&#8243; _module_preset=&#8220;1f68a9f5-4ca8-4442-8ef5-d471b809e7d1&#8243; title_font=&#8220;||||||||&#8220; title_text_color=&#8220;gcid-1f1b4e15-7cc6-4e13-8154-74d77a956460&#8243; custom_margin=&#8220;||10px||false|false&#8220; locked=&#8220;off&#8220; global_colors_info=&#8220;{%22gcid-1f1b4e15-7cc6-4e13-8154-74d77a956460%22:%91%22title_text_color%22%93}&#8220;][\/et_pb_heading][et_pb_text _builder_version=&#8220;4.27.4&#8243; _module_preset=&#8220;26d4e99a-6f7f-410e-8267-bdec24a9eed6&#8243; text_font=&#8220;||||||||&#8220; header_font=&#8220;||||||||&#8220; locked=&#8220;off&#8220; global_colors_info=&#8220;{}&#8220;]<\/p>\n<p>Online-Sichtbarkeit<\/p>\n<p>Offene Plattform<\/p>\n<p>Werbung f\u00fcr Ihre Aktivit\u00e4ten<\/p>\n<p>[\/et_pb_text][et_pb_button button_url=&#8220;#avantages2&#8243; button_text=&#8220;SICHTBARKEIT&#8220; _builder_version=&#8220;4.27.4&#8243; _module_preset=&#8220;0ecf4623-c491-49e5-a771-9ef2ef7a0e75&#8243; button_font=&#8220;|700||on|||||&#8220; global_colors_info=&#8220;{}&#8220;][\/et_pb_button][\/et_pb_column][et_pb_column type=&#8220;1_3&#8243; _builder_version=&#8220;4.25.2&#8243; _module_preset=&#8220;51cfd5e6-a81e-4cbd-ae54-09e2c01a368c&#8220; global_colors_info=&#8220;{}&#8220;][et_pb_heading title=&#8220;Kollektivmitglieder*&#8220; url=&#8220;#listemembres&#8220; _builder_version=&#8220;4.27.4&#8243; _module_preset=&#8220;1f68a9f5-4ca8-4442-8ef5-d471b809e7d1&#8243; title_font=&#8220;||||||||&#8220; title_text_color=&#8220;#FFFFFF&#8220; custom_margin=&#8220;||10px||false|false&#8220; locked=&#8220;off&#8220; global_colors_info=&#8220;{}&#8220;][\/et_pb_heading][et_pb_text _builder_version=&#8220;4.27.4&#8243; _module_preset=&#8220;b6128511-675f-4329-b00f-524c3eef8165&#8243; text_font=&#8220;||||||||&#8220; header_font=&#8220;||||||||&#8220; locked=&#8220;off&#8220; global_colors_info=&#8220;{}&#8220;]<\/p>\n<p>Vertretung Ihres Kollektivs<\/p>\n<p>Hilfe und Unterst\u00fctzung Ihrer Projekte<\/p>\n<p>[\/et_pb_text][et_pb_button button_url=&#8220;#avantages3&#8243; button_text=&#8220;COLLECTIFS&#8220; _builder_version=&#8220;4.27.4&#8243; _module_preset=&#8220;b155be52-80de-4fb3-8cfc-6e27bffd442d&#8220; button_font=&#8220;|700||on|||||&#8220; locked=&#8220;off&#8220; global_colors_info=&#8220;{}&#8220;][\/et_pb_button][\/et_pb_column][\/et_pb_row][\/et_pb_section][et_pb_section fb_built=&#8220;1&#8243; admin_label=&#8220;Video&#8220; _builder_version=&#8220;4.25.1&#8243; _module_preset=&#8220;3550502c-ee6b-45b6-adec-9ea2d78eb848&#8243; locked=&#8220;off&#8220; collapsed=&#8220;on&#8220; global_colors_info=&#8220;{}&#8220;][et_pb_row column_structure=&#8220;1_2,1_2&#8243; _builder_version=&#8220;4.25.1&#8243; _module_preset=&#8220;default&#8220; locked=&#8220;off&#8220; global_colors_info=&#8220;{}&#8220;][et_pb_column type=&#8220;1_2&#8243; _builder_version=&#8220;4.25.1&#8243; _module_preset=&#8220;default&#8220; global_colors_info=&#8220;{}&#8220;][et_pb_heading title=&#8220;F\u00f6rdern und f\u00f6rdern Sie die Fl\u00f6te in der Schweiz&#8220; _builder_version=&#8220;4.27.4&#8243; _module_preset=&#8220;7db299f6-e73f-4d50-8f53-8124ad5db4cb&#8220; title_font=&#8220;&#8211;et_global_body_font||||||||&#8220; custom_margin=&#8220;||10px||false|false&#8220; global_colors_info=&#8220;{}&#8220;][\/et_pb_heading][et_pb_text _builder_version=&#8220;4.27.4&#8243; _module_preset=&#8220;26d4e99a-6f7f-410e-8267-bdec24a9eed6&#8243; text_font=&#8220;||||||||&#8220; header_font=&#8220;||||||||&#8220; custom_margin=&#8220;||10px||false|false&#8220; global_colors_info=&#8220;{}&#8220;]<\/p>\n<p data-start=\"0\" data-end=\"492\">Die Schweizerische Fl\u00f6tengesellschaft (SFS) ist \u00fcberzeugt, dass Musik, insbesondere die Fl\u00f6te, eine universelle Sprache ist, die Menschen vereint, inspiriert und verbindet. Mit Ihrer Mitgliedschaft in der SFS werden Sie Teil eines Netzwerks, das sich dem Austausch, der Weitergabe und der F\u00f6rderung der Fl\u00f6te in der Schweiz widmet. Sie unterst\u00fctzen damit Initiativen, die Fl\u00f6tistinnen und Fl\u00f6tisten aller Niveaus und Hintergr\u00fcnde M\u00f6glichkeiten zum Lernen, zum Austausch und zur k\u00fcnstlerischen Weiterentwicklung bieten.  <\/p>\n<p data-start=\"494\" data-end=\"808\" data-is-last-node=\"\">Ohne eine Gemeinschaft verlieren individuelle Bem\u00fchungen an Wirkung. Die SFS ist ein Ort, an dem sich Fl\u00f6tistinnen und Fl\u00f6tisten online und pers\u00f6nlich treffen, gemeinsame Projekte entwickeln und die Vitalit\u00e4t ihres Instruments f\u00fcr heutige und zuk\u00fcnftige Generationen sichern k\u00f6nnen. Werden Sie Mitglied und tragen Sie dazu bei, dass die Fl\u00f6tenszene in der Schweiz weiterhin lebendig bleibt. <\/p>\n<p>[\/et_pb_text][\/et_pb_column][et_pb_column type=&#8220;1_2&#8243; _builder_version=&#8220;4.25.1&#8243; _module_preset=&#8220;default&#8220; global_colors_info=&#8220;{}&#8220;][et_pb_gallery gallery_ids=&#8220;2398,2342,2346,2350,2354,2358,2362,2366,2370,2374,2378,2386,2390,2394&#8243; fullwidth=&#8220;on&#8220; _builder_version=&#8220;4.27.4&#8243; _module_preset=&#8220;default&#8220; auto=&#8220;on&#8220; auto_speed=&#8220;2000&#8243; border_radii=&#8220;on|30px|30px|30px|30px&#8220; global_colors_info=&#8220;{}&#8220;][\/et_pb_gallery][et_pb_text _builder_version=&#8220;4.27.4&#8243; _module_preset=&#8220;26d4e99a-6f7f-410e-8267-bdec24a9eed6&#8243; custom_margin=&#8220;-46px||10px||false|false&#8220; custom_padding=&#8220;0px|||||&#8220; global_colors_info=&#8220;{}&#8220;]<\/p>\n<pre data-start=\"0\" data-end=\"492\">Photos \u00a9 Pierre-Alain Balmer Photography<\/pre>\n<p>[\/et_pb_text][\/et_pb_column][\/et_pb_row][\/et_pb_section][et_pb_section fb_built=&#8220;1&#8243; admin_label=&#8220;Call to Action&#8220; _builder_version=&#8220;4.27.4&#8243; _module_preset=&#8220;3550502c-ee6b-45b6-adec-9ea2d78eb848&#8243; use_background_color_gradient=&#8220;on&#8220; background_color_gradient_type=&#8220;circular&#8220; background_color_gradient_direction_radial=&#8220;top left&#8220; background_color_gradient_stops=&#8220;gcid-2352d280-fe84-43b1-a71e-f400c35a526a 37%|rgba(255,255,255,0) 100%&#8220; background_color_gradient_overlays_image=&#8220;on&#8220; background_enable_image=&#8220;off&#8220; custom_padding=&#8220;||0px|||&#8220; collapsed=&#8220;on&#8220; global_colors_info=&#8220;{%22gcid-2352d280-fe84-43b1-a71e-f400c35a526a%22:%91%22background_color_gradient_stops%22%93}&#8220;][et_pb_row _builder_version=&#8220;4.27.4&#8243; _module_preset=&#8220;default&#8220; global_colors_info=&#8220;{}&#8220;][et_pb_column type=&#8220;4_4&#8243; _builder_version=&#8220;4.27.4&#8243; _module_preset=&#8220;default&#8220; global_colors_info=&#8220;{}&#8220;][et_pb_heading title=&#8220;Mitgliedsbeitr\u00e4ge&#8220; admin_label=&#8220;cotisations&#8220; module_id=&#8220;cotisations&#8220; _builder_version=&#8220;4.27.4&#8243; _module_preset=&#8220;7db299f6-e73f-4d50-8f53-8124ad5db4cb&#8220; title_font=&#8220;||||||||&#8220; title_text_color=&#8220;#494949&#8243; custom_margin=&#8220;||10px||false|false&#8220; global_colors_info=&#8220;{}&#8220;][\/et_pb_heading][et_pb_text _builder_version=&#8220;4.27.6&#8243; _module_preset=&#8220;26d4e99a-6f7f-410e-8267-bdec24a9eed6&#8243; text_font=&#8220;||||||||&#8220; text_text_color=&#8220;#494949&#8243; header_font=&#8220;||||||||&#8220; header_text_color=&#8220;#494949&#8243; custom_margin=&#8220;||10px||false|false&#8220; global_colors_info=&#8220;{}&#8220;]<\/p>\n<ul>\n<li><span style=\"color: #333333;\">Kindmitglied: 15.-<\/span><\/li>\n<li><span style=\"color: #333333;\">Junges Mitglied 15\/25 \/AVS\/AI: 20.-<\/span><\/li>\n<li><span style=\"color: #333333;\">Einzelmitglied: 30.-<\/span><\/li>\n<li><span style=\"color: #333333;\">Familienmitglied: 50.-<\/span><\/li>\n<li><span style=\"color: #333333;\">F\u00f6rdermitglied: 200.-<\/span><\/li>\n<li><span style=\"color: #333333;\">Kollektivmitgliedschaft*:<\/span>\n<ul>\n<li><span style=\"color: #333333;\">2\u201350 Mitglieder: CHF 50.-<\/span><\/li>\n<li><span style=\"color: #333333;\">51\u2013150 Mitglieder: CHF 100.-<\/span><\/li>\n<li><span style=\"color: #333333;\">151 oder mehr Mitglieder: CHF 150.-<\/span><\/li>\n<\/ul>\n<\/li>\n<li><span style=\"color: #333333;\">Firmenmitglied: CHF 200.-<\/span><\/li>\n<\/ul>\n<p><span style=\"color: #333333;\"><em>*Kollektivmitglieder: Vereine \u2013 Kammermusikensembles \u2013 Orchester \u2013 Bands \u2013 etc.<\/p>\n<p><\/em><\/span><\/p>\n<p>[\/et_pb_text][\/et_pb_column][\/et_pb_row][et_pb_row _builder_version=&#8220;4.27.4&#8243; _module_preset=&#8220;default&#8220; custom_padding=&#8220;||5px|||&#8220; global_colors_info=&#8220;{}&#8220;][et_pb_column type=&#8220;4_4&#8243; _builder_version=&#8220;4.27.4&#8243; _module_preset=&#8220;default&#8220; global_colors_info=&#8220;{}&#8220;][et_pb_heading title=&#8220;Vorteile einer Einzelmitgliedschaft&#8220; admin_label=&#8220;avantages&#8220; module_id=&#8220;avantages1&#8243; _builder_version=&#8220;4.27.4&#8243; _module_preset=&#8220;7db299f6-e73f-4d50-8f53-8124ad5db4cb&#8220; title_font=&#8220;||||||||&#8220; title_text_color=&#8220;#494949&#8243; custom_margin=&#8220;||10px||false|false&#8220; custom_padding=&#8220;||1px|||&#8220; global_colors_info=&#8220;{}&#8220;][\/et_pb_heading][et_pb_text _builder_version=&#8220;4.27.4&#8243; _module_preset=&#8220;26d4e99a-6f7f-410e-8267-bdec24a9eed6&#8243; text_font=&#8220;||||||||&#8220; header_font=&#8220;||||||||&#8220; custom_margin=&#8220;||10px||false|false&#8220; custom_padding=&#8220;||0px|||&#8220; global_colors_info=&#8220;{}&#8220;]<\/p>\n<p data-start=\"43\" data-end=\"178\"><span style=\"color: #ffffff;\"><span style=\"color: #333333;\">Mit einer Mitgliedschaft in der Schweizerischen Fl\u00f6tengesellschaft profitieren Sie von exklusiven Vorteilen, die Ihr musikalisches Erlebnis bereichern:<\/p>\n<p><\/span><\/span><\/p>\n<ul>\n<li style=\"list-style-type: none;\">\n<ul data-start=\"180\" data-end=\"595\">\n<li data-start=\"180\" data-end=\"285\">\n<p data-start=\"182\" data-end=\"199\"><span style=\"color: #ff0000;\"><strong data-start=\"182\" data-end=\"197\">OPEN SPACE<\/strong><\/span><\/p>\n<ul data-start=\"202\" data-end=\"285\">\n<li data-start=\"202\" data-end=\"285\"><span style=\"color: #333333;\">Ver\u00f6ffentlichung Ihrer Multimediainhalte\/Veranstaltungen\/Artikel\/usw.<\/span><\/li>\n<\/ul>\n<\/li>\n<li data-start=\"180\" data-end=\"285\">\n<p data-start=\"182\" data-end=\"199\"><span style=\"color: #ff0000;\"><strong data-start=\"182\" data-end=\"197\">Informationen<\/strong><\/span><\/p>\n<ul data-start=\"202\" data-end=\"285\">\n<li data-start=\"202\" data-end=\"285\"><span style=\"color: #333333;\">Bleiben Sie \u00fcber Aktivit\u00e4ten und Projekte rund um die Traversfl\u00f6te in der Schweiz informiert.<\/span><\/li>\n<\/ul>\n<\/li>\n<li data-start=\"287\" data-end=\"388\">\n<p data-start=\"289\" data-end=\"324\"><span style=\"color: #ff0000;\"><strong data-start=\"289\" data-end=\"322\">Festival Golden Flute Classic<\/strong><\/span><\/p>\n<ul data-start=\"327\" data-end=\"388\">\n<li data-start=\"327\" data-end=\"388\"><span style=\"color: #333333;\">Erhalten Sie einen Tag lang freien Eintritt zum Festival.<\/span><\/li>\n<\/ul>\n<\/li>\n<li data-start=\"390\" data-end=\"493\">\n<p data-start=\"392\" data-end=\"421\"><span style=\"color: #ff0000;\"><strong data-start=\"392\" data-end=\"419\">Wettbewerg Fl\u00fbte Gam(m)es<\/strong><\/span><\/p>\n<ul data-start=\"424\" data-end=\"493\">\n<li data-start=\"424\" data-end=\"493\"><span style=\"color: #333333;\">Sie erhalten CHF 10.\u2013 Rabatt auf die Teilnahmegeb\u00fchren.<\/span><\/li>\n<\/ul>\n<\/li>\n<li data-start=\"495\" data-end=\"595\">\n<p data-start=\"497\" data-end=\"520\"><span style=\"color: #ff0000;\"><strong data-start=\"497\" data-end=\"518\">Weitere Veranstaltungen<\/strong><\/span><\/p>\n<ul data-start=\"523\" data-end=\"595\">\n<li data-start=\"523\" data-end=\"595\"><span style=\"color: #333333;\">Profitieren Sie von den vor jeder Veranstaltung angek\u00fcndigten Sonderrabatten.<\/span><\/li>\n<\/ul>\n<\/li>\n<\/ul>\n<p><span style=\"color: #333333;\"><strong data-start=\"182\" data-end=\"197\"><\/strong><\/span><\/p>\n<\/li>\n<\/ul>\n<p>[\/et_pb_text][\/et_pb_column][\/et_pb_row][\/et_pb_section][et_pb_section fb_built=&#8220;1&#8243; admin_label=&#8220;Header&#8220; _builder_version=&#8220;4.27.4&#8243; _module_preset=&#8220;cd403b88-73d1-495f-820e-eb665d8dddb5&#8243; background_color_gradient_stops=&#8220;gcid-d119accd-44d7-4f2f-b9d7-599c8463324b 0%|rgba(255,255,255,0) 63%|rgba(7,33,48,0.6) 100%|#072130 100%&#8220; background_image=&#8220;https:\/\/swissflute.ch\/wp-content\/uploads\/2025\/02\/non-profit-03.jpg&#8220; custom_padding=&#8220;0px|||||&#8220; locked=&#8220;off&#8220; collapsed=&#8220;on&#8220; global_colors_info=&#8220;{%22gcid-1f1bf5fb-a99d-4acc-8d9e-ddac074c158c%22:%91%22background_color_gradient_stops%22,%22background_color_gradient_stops%22%93,%22gcid-4c79ba3d-a281-4fb6-9b14-02f9a4c793f2%22:%91%22background_color_gradient_stops%22,%22background_color_gradient_stops%22%93,%22gcid-688c464a-d6f2-4296-b592-395352c71c79%22:%91%22background_color_gradient_stops%22,%22background_color_gradient_stops%22%93,%22gcid-d119accd-44d7-4f2f-b9d7-599c8463324b%22:%91%22background_color_gradient_stops%22,%22background_color_gradient_stops%22%93}&#8220;][et_pb_row _builder_version=&#8220;4.25.1&#8243; _module_preset=&#8220;default&#8220; locked=&#8220;off&#8220; global_colors_info=&#8220;{}&#8220;][et_pb_column type=&#8220;4_4&#8243; _builder_version=&#8220;4.25.1&#8243; _module_preset=&#8220;default&#8220; global_colors_info=&#8220;{}&#8220;][et_pb_heading title=&#8220;Vorteile f\u00fcr Gruppenmitglieder&#8220; admin_label=&#8220;avantages&#8220; module_id=&#8220;avantages3&#8243; _builder_version=&#8220;4.27.4&#8243; _module_preset=&#8220;7db299f6-e73f-4d50-8f53-8124ad5db4cb&#8220; title_font=&#8220;||||||||&#8220; custom_margin=&#8220;||10px||false|false&#8220; global_colors_info=&#8220;{}&#8220;][\/et_pb_heading][et_pb_text _builder_version=&#8220;4.27.4&#8243; _module_preset=&#8220;26d4e99a-6f7f-410e-8267-bdec24a9eed6&#8243; text_font=&#8220;||||||||&#8220; header_font=&#8220;||||||||&#8220; custom_margin=&#8220;||10px||false|false&#8220; global_colors_info=&#8220;{}&#8220;]<\/p>\n<p data-start=\"49\" data-end=\"204\">Kollektivmitglieder sind Vereine, Kammermusikensembles, Gruppen oder andere Formen von Kollektiven.<\/p>\n<p data-start=\"49\" data-end=\"204\">Durch den Beitritt zur Swiss Flute Society als Kollektivmitglied profitieren Ihre Organisation und deren Mitglieder von folgenden Vorteilen:<\/p>\n<ul data-start=\"206\" data-end=\"549\">\n<li data-start=\"180\" data-end=\"285\">\n<p data-start=\"182\" data-end=\"199\"><span style=\"color: #ff0000;\"><strong data-start=\"182\" data-end=\"197\">OPEN SPACE<\/strong><\/span><\/p>\n<ul data-start=\"202\" data-end=\"285\">\n<li data-start=\"202\" data-end=\"285\"><span style=\"color: #333333;\">Ver\u00f6ffentlichung Ihrer Multimediainhalte\/Veranstaltungen\/Artikel\/usw.<\/span><\/li>\n<\/ul>\n<\/li>\n<li data-start=\"180\" data-end=\"285\">\n<p data-start=\"182\" data-end=\"199\"><span style=\"color: #ff0000;\"><strong data-start=\"182\" data-end=\"197\">Informationen<\/strong><\/span><\/p>\n<ul data-start=\"202\" data-end=\"285\">\n<li data-start=\"202\" data-end=\"285\"><span style=\"color: #333333;\">Bleiben Sie \u00fcber Aktivit\u00e4ten und Projekte rund um die Traversfl\u00f6te in der Schweiz informiert.<\/span><\/li>\n<\/ul>\n<\/li>\n<li data-start=\"287\" data-end=\"388\">\n<p data-start=\"289\" data-end=\"324\"><span style=\"color: #ff0000;\"><strong data-start=\"289\" data-end=\"322\">Festival Golden Flute Classic<\/strong><\/span><\/p>\n<ul data-start=\"327\" data-end=\"388\">\n<li data-start=\"327\" data-end=\"388\"><span style=\"color: #333333;\">Sie haben privilegierten Zugang zu Bewerbungen f\u00fcr die Teilnahme am Festival w\u00e4hrend der Konzerte mit der Bezeichnung \u201eSchweizer Szene\u201c.<\/span><\/li>\n<li data-start=\"327\" data-end=\"388\"><span style=\"color: #333333;\">Sie k\u00f6nnen einen kostenlosen Ausstellungsstand auf der \u201eSchweizer Fl\u00f6tenmesse\u201c haben.<\/span><\/li>\n<\/ul>\n<\/li>\n<li data-start=\"383\" data-end=\"549\">\n<p data-start=\"385\" data-end=\"424\"><span style=\"color: #ff0000;\"><strong data-start=\"385\" data-end=\"422\">Vertretung Ihres Kollektivs<\/strong><\/span><\/p>\n<ul data-start=\"427\" data-end=\"549\">\n<li data-start=\"427\" data-end=\"491\">Ihre Organisation wird auf der offiziellen Website als Partner der SSF aufgef\u00fchrt.<\/li>\n<\/ul>\n<\/li>\n<li><span style=\"color: #ff0000;\"><strong>Finanzielle Unterst\u00fctzung f\u00fcr Ihre Projekte.<\/strong><\/span>\n<ul data-start=\"206\" data-end=\"549\">\n<li>Unterst\u00fctzung Ihrer Projekte durch:\n<ul data-start=\"427\" data-end=\"549\">\n<li data-start=\"427\" data-end=\"491\">Know-how<\/li>\n<li data-start=\"427\" data-end=\"491\">Logistik.<\/li>\n<li data-start=\"427\" data-end=\"491\">Networking\n<\/li>\n<li data-start=\"427\" data-end=\"491\">Finanzielle Unterst\u00fctzung nach Pr\u00fcfung Ihres Projekts.\n<\/li>\n<\/ul>\n<\/li>\n<\/ul>\n<\/li>\n<\/ul>\n<p>[\/et_pb_text][et_pb_heading title=&#8220;Sichtbarkeitsvorteile \u2013 OPEN SPACE.&#8220; admin_label=&#8220;avantages&#8220; module_id=&#8220;avantages2&#8243; _builder_version=&#8220;4.27.4&#8243; _module_preset=&#8220;7db299f6-e73f-4d50-8f53-8124ad5db4cb&#8220; title_font=&#8220;||||||||&#8220; custom_margin=&#8220;||10px||false|false&#8220; global_colors_info=&#8220;{}&#8220;][\/et_pb_heading][et_pb_text _builder_version=&#8220;4.27.4&#8243; _module_preset=&#8220;26d4e99a-6f7f-410e-8267-bdec24a9eed6&#8243; text_font=&#8220;||||||||&#8220; header_font=&#8220;||||||||&#8220; custom_margin=&#8220;||10px||false|false&#8220; global_colors_info=&#8220;{}&#8220;]<\/p>\n<p data-start=\"81\" data-end=\"241\">Als Mitglied der Schweizerischen Fl\u00f6tengesellschaft profitieren Sie von zahlreichen Vorteilen, die Ihre Aktivit\u00e4ten f\u00f6rdern und Ihre Sichtbarkeit erh\u00f6hen:<\/p>\n<ul data-start=\"243\" data-end=\"711\">\n<li data-start=\"243\" data-end=\"436\">\n<p data-start=\"245\" data-end=\"270\"><span style=\"color: #ff0000;\"><strong data-start=\"245\" data-end=\"268\">Online-Sichtbarkeit<\/strong><\/span><\/p>\n<ul data-start=\"273\" data-end=\"436\">\n<li data-start=\"273\" data-end=\"349\">Ihr Name wird auf der offiziellen SSF-Website mit einer eigenen Seite aufgef\u00fchrt.<\/li>\n<li data-start=\"352\" data-end=\"392\">Direkter Link zu Ihrer offiziellen Website.<\/li>\n<li data-start=\"395\" data-end=\"436\">Teilen Ihrer Multimedia-Produktionen (Open Space).<\/li>\n<\/ul>\n<\/li>\n<li data-start=\"625\" data-end=\"711\">\n<p data-start=\"627\" data-end=\"659\"><span style=\"color: #ff0000;\"><strong data-start=\"627\" data-end=\"657\">OPEN SPACE: F\u00f6rderung Ihrer Aktivit\u00e4ten.<\/strong><\/span><\/p>\n<ul data-start=\"273\" data-end=\"436\">\n<li style=\"list-style-type: none;\">\n<ul data-start=\"662\" data-end=\"711\">\n<li data-start=\"662\" data-end=\"711\">Ank\u00fcndigung Ihrer Veranstaltungen im SSF-Kalender.<\/li>\n<li data-start=\"662\" data-end=\"711\">Ver\u00f6ffentlichung Ihrer Videos\/Audios\/Artikel\/wissenschaftlichen Forschungsergebnisse im Multimediabereich der SSF.<\/li>\n<\/ul>\n<\/li>\n<\/ul>\n<\/li>\n<li data-start=\"438\" data-end=\"623\">\n<p data-start=\"440\" data-end=\"470\"><span style=\"color: #ff0000;\"><strong data-start=\"440\" data-end=\"468\">K\u00fcnstlerische M\u00f6glichkeiten.<\/strong><\/span><\/p>\n<ul data-start=\"473\" data-end=\"623\">\n<li data-start=\"473\" data-end=\"623\">Bevorzugt. Bewerbungen zur Teilnahme am Golden Flute Classic Festival als Gastk\u00fcnstler bei Konzerten mit dem Label \u201eSwiss Scene\u201c\n<\/li>\n<\/ul>\n<\/li>\n<\/ul>\n<p data-start=\"627\" data-end=\"657\" data-is-last-node=\"\">Diese Vorteile sollen Ihre Projekte unterst\u00fctzen, Ihr Netzwerk erweitern und die Fl\u00f6tisten-Community in der Schweiz st\u00e4rken.<\/p>\n<p>[\/et_pb_text][\/et_pb_column][\/et_pb_row][\/et_pb_section]<\/p>\n","protected":false},"excerpt":{"rendered":"<p>Werden Sie Mitglied der SSF, um die Fl\u00f6te zu unterst\u00fctzen und ihre Zukunft in der Schweiz zu sichern.Informationen Freier Eintritt Erm\u00e4\u00dfigungenOnline-Sichtbarkeit Offene Plattform Werbung f\u00fcr Ihre Aktivit\u00e4tenVertretung Ihres Kollektivs Hilfe [&hellip;]<\/p>\n","protected":false},"author":2,"featured_media":2275,"parent":0,"menu_order":0,"comment_status":"closed","ping_status":"closed","template":"","meta":{"_et_pb_use_builder":"on","_et_pb_old_content":"","_et_gb_content_width":"","_price":"","_stock":"","_tribe_ticket_header":"","_tribe_default_ticket_provider":"","_tribe_ticket_capacity":"0","_ticket_start_date":"","_ticket_end_date":"","_tribe_ticket_show_description":"","_tribe_ticket_show_not_going":false,"_tribe_ticket_use_global_stock":"","_tribe_ticket_global_stock_level":"","_global_stock_mode":"","_global_stock_cap":"","_tribe_rsvp_for_event":"","_tribe_ticket_going_count":"","_tribe_ticket_not_going_count":"","_tribe_tickets_list":"[]","_tribe_ticket_has_attendee_info_fields":false,"footnotes":"","_tec_slr_enabled":"","_tec_slr_layout":""},"class_list":["post-4037","page","type-page","status-publish","has-post-thumbnail","hentry"],"ticketed":false,"_links":{"self":[{"href":"https:\/\/swissflute.ch\/de\/wp-json\/wp\/v2\/pages\/4037","targetHints":{"allow":["GET"]}}],"collection":[{"href":"https:\/\/swissflute.ch\/de\/wp-json\/wp\/v2\/pages"}],"about":[{"href":"https:\/\/swissflute.ch\/de\/wp-json\/wp\/v2\/types\/page"}],"author":[{"embeddable":true,"href":"https:\/\/swissflute.ch\/de\/wp-json\/wp\/v2\/users\/2"}],"replies":[{"embeddable":true,"href":"https:\/\/swissflute.ch\/de\/wp-json\/wp\/v2\/comments?post=4037"}],"version-history":[{"count":25,"href":"https:\/\/swissflute.ch\/de\/wp-json\/wp\/v2\/pages\/4037\/revisions"}],"predecessor-version":[{"id":5896,"href":"https:\/\/swissflute.ch\/de\/wp-json\/wp\/v2\/pages\/4037\/revisions\/5896"}],"wp:featuredmedia":[{"embeddable":true,"href":"https:\/\/swissflute.ch\/de\/wp-json\/wp\/v2\/media\/2275"}],"wp:attachment":[{"href":"https:\/\/swissflute.ch\/de\/wp-json\/wp\/v2\/media?parent=4037"}],"curies":[{"name":"wp","href":"https:\/\/api.w.org\/{rel}","templated":true}]}}