{"id":3412,"date":"2025-02-21T13:16:57","date_gmt":"2025-02-21T12:16:57","guid":{"rendered":"https:\/\/swissflute.ch\/info-open-space\/"},"modified":"2026-01-15T11:57:52","modified_gmt":"2026-01-15T10:57:52","slug":"info-open-space","status":"publish","type":"page","link":"https:\/\/swissflute.ch\/de\/info-open-space\/","title":{"rendered":"INFO OPEN SPACE"},"content":{"rendered":"<p>[et_pb_section fb_built=&#8220;1&#8243; admin_label=&#8220;Header &#038; Video&#8220; _builder_version=&#8220;4.27.4&#8243; _module_preset=&#8220;2b0dd4d5-c67e-4a05-99ff-283e5c95e04b&#8220; custom_margin=&#8220;||||false|false&#8220; locked=&#8220;off&#8220; collapsed=&#8220;on&#8220; global_colors_info=&#8220;{%22gcid-1f1bf5fb-a99d-4acc-8d9e-ddac074c158c%22:%91%22background_color_gradient_stops%22%93,%22gcid-a78660e1-cfc7-4771-a566-6834d6a7f06a%22:%91%22background_color_gradient_stops%22%93,%22gcid-24b0db87-dafa-47d9-995f-b90181e18c52%22:%91%22background_color_gradient_stops%22%93}&#8220;][et_pb_row _builder_version=&#8220;4.25.1&#8243; _module_preset=&#8220;default&#8220; global_colors_info=&#8220;{}&#8220;][et_pb_column type=&#8220;4_4&#8243; _builder_version=&#8220;4.25.1&#8243; _module_preset=&#8220;default&#8220; global_colors_info=&#8220;{}&#8220;][et_pb_heading title=&#8220;Info Open Space&#8220; _builder_version=&#8220;4.27.4&#8243; _module_preset=&#8220;bf67dd8a-27ff-4e75-8188-361a09394b13&#8243; title_level=&#8220;h2&#8243; title_font=&#8220;||||||||&#8220; title_text_color=&#8220;#494949&#8243; custom_margin=&#8220;||10px||false|false&#8220; global_colors_info=&#8220;{}&#8220;][\/et_pb_heading][et_pb_text _builder_version=&#8220;4.27.4&#8243; _module_preset=&#8220;e87e7072-c655-4c4c-95cd-9332f11a64d4&#8243; text_text_color=&#8220;#494949&#8243; global_colors_info=&#8220;{}&#8220;]<\/p>\n<p data-start=\"0\" data-end=\"78\">Willkommen auf den Multimedia-Seiten der Schweizerischen Traversfl\u00f6tengesellschaft<\/p>\n<p data-start=\"80\" data-end=\"610\" data-is-last-node=\"\">Hier ermutigen wir alle unsere Mitglieder, ihre kreativen Projekte zu teilen und zur Bereicherung unserer Community beizutragen. Ob Videos, Audios, Fotos, Tutorials, schriftliche Artikel oder jede andere Form von Inhalten, diese Plattform steht Ihnen zur Verf\u00fcgung, um Ihre Kreationen und Ideen zu pr\u00e4sentieren. Dies ist eine Gelegenheit, Ihre Arbeit zu pr\u00e4sentieren, mit anderen Enthusiasten zu interagieren und am Leben der Fl\u00f6tenszene in der Schweiz teilzunehmen. Teilen Sie Ihre Kreationen und vernetzen Sie sich mit der Community!   <\/p>\n<p>[\/et_pb_text][et_pb_image src=&#8220;https:\/\/swissflute.ch\/wp-content\/uploads\/2025\/02\/Multimedia_2-1.png&#8220; alt=&#8220;monitor showing dialog boxes&#8220; title_text=&#8220;Multimedia_2&#8243; _builder_version=&#8220;4.27.4&#8243; _module_preset=&#8220;default&#8220; background_color=&#8220;#072130&#8243; use_background_color_gradient=&#8220;on&#8220; background_color_gradient_direction=&#8220;277deg&#8220; background_color_gradient_stops=&#8220;#072130 8%|rgba(255,255,255,0) 96%&#8220; border_radii=&#8220;on|30px|30px|30px|30px&#8220; global_colors_info=&#8220;{}&#8220;][\/et_pb_image][et_pb_button button_url=&#8220;https:\/\/swissflute.ch\/de\/open-space\/&#8220; button_text=&#8220;Konsultieren Sie den Open Space&#8220; button_alignment=&#8220;center&#8220; _builder_version=&#8220;4.27.4&#8243; _module_preset=&#8220;af10a789-2546-4d86-9713-1b2436090e86&#8243; custom_button=&#8220;off&#8220; custom_padding=&#8220;16px|39px|16px|40px|true|false&#8220; global_colors_info=&#8220;{}&#8220;][\/et_pb_button][\/et_pb_column][\/et_pb_row][\/et_pb_section][et_pb_section fb_built=&#8220;1&#8243; admin_label=&#8220;Features&#8220; _builder_version=&#8220;4.25.1&#8243; _module_preset=&#8220;97b87265-0ee5-4484-aa27-5d8979ede1b4&#8243; background_color=&#8220;gcid-ce695d38-7b45-4ff3-bae8-e54df8b6593b&#8220; locked=&#8220;off&#8220; collapsed=&#8220;on&#8220; global_colors_info=&#8220;{%22gcid-ce695d38-7b45-4ff3-bae8-e54df8b6593b%22:%91%22background_color%22%93}&#8220;][et_pb_row _builder_version=&#8220;4.25.1&#8243; _module_preset=&#8220;default&#8220; global_colors_info=&#8220;{}&#8220;][et_pb_column type=&#8220;4_4&#8243; _builder_version=&#8220;4.25.1&#8243; _module_preset=&#8220;default&#8220; global_colors_info=&#8220;{}&#8220;][et_pb_heading title=&#8220;Open Space: kreativer und kollaborativer Austausch&#8220; _builder_version=&#8220;4.27.4&#8243; _module_preset=&#8220;b3da0f5c-24dc-4319-a051-14bb29f6a117&#8243; title_font=&#8220;||||||||&#8220; title_text_align=&#8220;center&#8220; custom_margin=&#8220;||10px||false|false&#8220; global_colors_info=&#8220;{}&#8220;][\/et_pb_heading][\/et_pb_column][\/et_pb_row][et_pb_row column_structure=&#8220;1_3,1_3,1_3&#8243; _builder_version=&#8220;4.25.2&#8243; _module_preset=&#8220;default&#8220; global_colors_info=&#8220;{}&#8220;][et_pb_column type=&#8220;1_3&#8243; _builder_version=&#8220;4.25.2&#8243; _module_preset=&#8220;default&#8220; global_colors_info=&#8220;{}&#8220;][et_pb_blurb title=&#8220;Videos und Audios&#8220; use_icon=&#8220;on&#8220; font_icon=&#8220;&#xf87c;||fa||900&#8243; icon_color=&#8220;#FFFFFF&#8220; _builder_version=&#8220;4.27.4&#8243; _module_preset=&#8220;55962a43-9564-47b7-8e2a-5e90f20ee5fa&#8220; header_font=&#8220;||||||||&#8220; body_font=&#8220;||||||||&#8220; background_color=&#8220;gcid-1f1b4e15-7cc6-4e13-8154-74d77a956460&#8243; text_orientation=&#8220;center&#8220; custom_padding=&#8220;56px|40px|56px|40px|true|true&#8220; global_colors_info=&#8220;{%22gcid-d7cd5a78-aaef-4f36-82a3-4d3706015cba%22:%91%22link_text_color%22,%22link_text_color%22%93,%22gcid-1f1b4e15-7cc6-4e13-8154-74d77a956460%22:%91%22link_text_color%22,%22quote_text_color%22,%22quote_border_color%22,%22background_color%22%93}&#8220;]<\/p>\n<p>Teilen Sie Ihre Audio- oder Videoarbeiten und Ihre Fotos<\/p>\n<p>[\/et_pb_blurb][\/et_pb_column][et_pb_column type=&#8220;1_3&#8243; _builder_version=&#8220;4.25.2&#8243; _module_preset=&#8220;default&#8220; global_colors_info=&#8220;{}&#8220;][et_pb_blurb title=&#8220;Offenes Forum&#8220; use_icon=&#8220;on&#8220; font_icon=&#8220;&#xf1ea;||fa||400&#8243; icon_color=&#8220;#FFFFFF&#8220; _builder_version=&#8220;4.27.4&#8243; _module_preset=&#8220;55962a43-9564-47b7-8e2a-5e90f20ee5fa&#8220; header_font=&#8220;||||||||&#8220; body_font=&#8220;||||||||&#8220; background_color=&#8220;#072130&#8243; text_orientation=&#8220;center&#8220; custom_padding=&#8220;70px|40px|70px|40px|true|true&#8220; locked=&#8220;off&#8220; global_colors_info=&#8220;{}&#8220;]<\/p>\n<p>Senden Sie Ihre Artikel oder Texte zu Themen Ihrer Wahl.<\/p>\n<p>[\/et_pb_blurb][\/et_pb_column][et_pb_column type=&#8220;1_3&#8243; _builder_version=&#8220;4.25.2&#8243; _module_preset=&#8220;default&#8220; global_colors_info=&#8220;{}&#8220;][et_pb_blurb title=&#8220;Portr\u00e4ts&#8220; use_icon=&#8220;on&#8220; font_icon=&#8220;&#xf500;||fa||900&#8243; icon_color=&#8220;#FFFFFF&#8220; _builder_version=&#8220;4.27.4&#8243; _module_preset=&#8220;55962a43-9564-47b7-8e2a-5e90f20ee5fa&#8220; header_font=&#8220;||||||||&#8220; body_font=&#8220;||||||||&#8220; background_color=&#8220;#969696&#8243; text_orientation=&#8220;center&#8220; custom_padding=&#8220;68px|40px|68px|40px|true|true&#8220; locked=&#8220;off&#8220; global_colors_info=&#8220;{}&#8220;]<\/p>\n<p>Treffen mit Fl\u00f6tisten in der Schweiz<\/p>\n<p>[\/et_pb_blurb][\/et_pb_column][\/et_pb_row][et_pb_row column_structure=&#8220;1_3,1_3,1_3&#8243; _builder_version=&#8220;4.25.2&#8243; _module_preset=&#8220;default&#8220; global_colors_info=&#8220;{}&#8220;][et_pb_column type=&#8220;1_3&#8243; _builder_version=&#8220;4.25.2&#8243; _module_preset=&#8220;default&#8220; global_colors_info=&#8220;{}&#8220;][et_pb_blurb title=&#8220;Kalender&#8220; use_icon=&#8220;on&#8220; font_icon=&#8220;&#xe023;||divi||400&#8243; icon_color=&#8220;#FFFFFF&#8220; _builder_version=&#8220;4.27.4&#8243; _module_preset=&#8220;55962a43-9564-47b7-8e2a-5e90f20ee5fa&#8220; header_font=&#8220;||||||||&#8220; body_font=&#8220;||||||||&#8220; text_orientation=&#8220;center&#8220; custom_padding=&#8220;80px|40px|80px|40px|true|true&#8220; locked=&#8220;off&#8220; global_colors_info=&#8220;{}&#8220;]<\/p>\n<p>Ihre Veranstaltungen, Konzerte, Workshops, Kurse, Meisterkurse<\/p>\n<p>[\/et_pb_blurb][\/et_pb_column][et_pb_column type=&#8220;1_3&#8243; _builder_version=&#8220;4.25.2&#8243; _module_preset=&#8220;default&#8220; global_colors_info=&#8220;{}&#8220;][et_pb_blurb title=&#8220;Forschung und Innovation&#8220; use_icon=&#8220;on&#8220; font_icon=&#8220;&#xf19c;||fa||900&#8243; icon_color=&#8220;#FFFFFF&#8220; _builder_version=&#8220;4.27.4&#8243; _module_preset=&#8220;55962a43-9564-47b7-8e2a-5e90f20ee5fa&#8220; header_font=&#8220;||||||||&#8220; body_font=&#8220;||||||||&#8220; background_color=&#8220;#969696&#8243; text_orientation=&#8220;center&#8220; custom_padding=&#8220;50px|40px|50px|40px|true|true&#8220; locked=&#8220;off&#8220; global_colors_info=&#8220;{}&#8220;]<\/p>\n<p>Teilen Sie hier Ihre akademischen Forschungsarbeiten, Dissertationen usw.<\/p>\n<p>[\/et_pb_blurb][\/et_pb_column][et_pb_column type=&#8220;1_3&#8243; _builder_version=&#8220;4.25.2&#8243; _module_preset=&#8220;default&#8220; global_colors_info=&#8220;{}&#8220;][et_pb_blurb title=&#8220;Kleinanzeigen&#8220; use_icon=&#8220;on&#8220; font_icon=&#8220;&#xf0a1;||fa||900&#8243; icon_color=&#8220;#FFFFFF&#8220; _builder_version=&#8220;4.27.4&#8243; _module_preset=&#8220;55962a43-9564-47b7-8e2a-5e90f20ee5fa&#8220; header_font=&#8220;||||||||&#8220; body_font=&#8220;||||||||&#8220; background_color=&#8220;gcid-1f1b4e15-7cc6-4e13-8154-74d77a956460&#8243; text_orientation=&#8220;center&#8220; custom_padding=&#8220;78px|40px|78px|40px|true|true&#8220; global_colors_info=&#8220;{%22gcid-d7cd5a78-aaef-4f36-82a3-4d3706015cba%22:%91%22link_text_color%22,%22link_text_color%22%93,%22gcid-1f1b4e15-7cc6-4e13-8154-74d77a956460%22:%91%22link_text_color%22,%22quote_text_color%22,%22quote_border_color%22,%22background_color%22%93}&#8220;]<\/p>\n<p>Verkauf und Recherche von Instrumenten. Verkauf gebrauchter Partituren <\/p>\n<p>[\/et_pb_blurb][\/et_pb_column][\/et_pb_row][\/et_pb_section][et_pb_section fb_built=&#8220;1&#8243; admin_label=&#8220;Call to Action&#8220; _builder_version=&#8220;4.25.1&#8243; _module_preset=&#8220;97b87265-0ee5-4484-aa27-5d8979ede1b4&#8243; locked=&#8220;off&#8220; collapsed=&#8220;on&#8220; global_colors_info=&#8220;{}&#8220;][et_pb_row column_structure=&#8220;1_2,1_2&#8243; _builder_version=&#8220;4.25.1&#8243; _module_preset=&#8220;default&#8220; locked=&#8220;off&#8220; global_colors_info=&#8220;{}&#8220;][et_pb_column type=&#8220;1_2&#8243; _builder_version=&#8220;4.25.1&#8243; _module_preset=&#8220;default&#8220; global_colors_info=&#8220;{}&#8220;][et_pb_image src=&#8220;https:\/\/swissflute.ch\/wp-content\/uploads\/2025\/02\/ordinateur.png&#8220; title_text=&#8220;ordinateur&#8220; _builder_version=&#8220;4.27.4&#8243; _module_preset=&#8220;default&#8220; custom_margin=&#8220;||||false|false&#8220; border_radii=&#8220;on|30px|30px|30px|30px&#8220; global_colors_info=&#8220;{}&#8220;][\/et_pb_image][\/et_pb_column][et_pb_column type=&#8220;1_2&#8243; _builder_version=&#8220;4.25.1&#8243; _module_preset=&#8220;default&#8220; global_colors_info=&#8220;{}&#8220;][et_pb_heading title=&#8220;Einreichen von Multimediaprojekten&#8220; _builder_version=&#8220;4.27.4&#8243; _module_preset=&#8220;b3da0f5c-24dc-4319-a051-14bb29f6a117&#8243; title_font=&#8220;||||||||&#8220; custom_margin=&#8220;||10px||false|false&#8220; global_colors_info=&#8220;{}&#8220;][\/et_pb_heading][et_pb_text _builder_version=&#8220;4.27.4&#8243; _module_preset=&#8220;6cbe1880-b84d-4026-9937-99cc1d9b5009&#8243; text_font=&#8220;||||||||&#8220; global_colors_info=&#8220;{}&#8220;]<\/p>\n<p>Diese Multimediaplattform soll unseren Mitgliedern das einfache Teilen ihrer Kreationen erm\u00f6glichen. Um Ihre Videos, Audios, Fotos, Artikel oder anderes zu ver\u00f6ffentlichen, m\u00fcssen Sie nur ein einfaches Formular ausf\u00fcllen. Dieser Prozess erleichtert das Einreichen und Pr\u00e4sentieren Ihrer Projekte und erm\u00f6glicht der Fl\u00f6ten-Community, Ihre Arbeit zu entdecken und zu diskutieren.  <\/p>\n<p>[\/et_pb_text][et_pb_button button_text=&#8220;Senden Sie Ihr Projekt&#8220; _builder_version=&#8220;4.27.4&#8243; _module_preset=&#8220;ff2adfe7-38a9-4469-b63b-9c96616713d1&#8243; global_colors_info=&#8220;{}&#8220;][\/et_pb_button][\/et_pb_column][\/et_pb_row][\/et_pb_section]<\/p>\n","protected":false},"excerpt":{"rendered":"<p>Willkommen auf den Multimedia-Seiten der Schweizerischen Traversfl\u00f6tengesellschaft Hier ermutigen wir alle unsere Mitglieder, ihre kreativen Projekte zu teilen und zur Bereicherung unserer Community beizutragen. Ob Videos, Audios, Fotos, Tutorials, schriftliche [&hellip;]<\/p>\n","protected":false},"author":2,"featured_media":0,"parent":0,"menu_order":0,"comment_status":"closed","ping_status":"closed","template":"","meta":{"_et_pb_use_builder":"on","_et_pb_old_content":"","_et_gb_content_width":"","_price":"","_stock":"","_tribe_ticket_header":"","_tribe_default_ticket_provider":"","_tribe_ticket_capacity":"0","_ticket_start_date":"","_ticket_end_date":"","_tribe_ticket_show_description":"","_tribe_ticket_show_not_going":false,"_tribe_ticket_use_global_stock":"","_tribe_ticket_global_stock_level":"","_global_stock_mode":"","_global_stock_cap":"","_tribe_rsvp_for_event":"","_tribe_ticket_going_count":"","_tribe_ticket_not_going_count":"","_tribe_tickets_list":"[]","_tribe_ticket_has_attendee_info_fields":false,"footnotes":"","_tec_slr_enabled":"","_tec_slr_layout":""},"class_list":["post-3412","page","type-page","status-publish","hentry"],"ticketed":false,"_links":{"self":[{"href":"https:\/\/swissflute.ch\/de\/wp-json\/wp\/v2\/pages\/3412","targetHints":{"allow":["GET"]}}],"collection":[{"href":"https:\/\/swissflute.ch\/de\/wp-json\/wp\/v2\/pages"}],"about":[{"href":"https:\/\/swissflute.ch\/de\/wp-json\/wp\/v2\/types\/page"}],"author":[{"embeddable":true,"href":"https:\/\/swissflute.ch\/de\/wp-json\/wp\/v2\/users\/2"}],"replies":[{"embeddable":true,"href":"https:\/\/swissflute.ch\/de\/wp-json\/wp\/v2\/comments?post=3412"}],"version-history":[{"count":9,"href":"https:\/\/swissflute.ch\/de\/wp-json\/wp\/v2\/pages\/3412\/revisions"}],"predecessor-version":[{"id":4126,"href":"https:\/\/swissflute.ch\/de\/wp-json\/wp\/v2\/pages\/3412\/revisions\/4126"}],"wp:attachment":[{"href":"https:\/\/swissflute.ch\/de\/wp-json\/wp\/v2\/media?parent=3412"}],"curies":[{"name":"wp","href":"https:\/\/api.w.org\/{rel}","templated":true}]}}