{"id":1997,"date":"2024-09-06T22:31:55","date_gmt":"2024-09-06T20:31:55","guid":{"rendered":"https:\/\/swissflute.ch\/?page_id=1997"},"modified":"2024-09-08T16:54:07","modified_gmt":"2024-09-08T14:54:07","slug":"kunstler-2024-2","status":"publish","type":"page","link":"https:\/\/swissflute.ch\/de\/kunstler-2024-2\/","title":{"rendered":"MEISTERKLASSE UND WORKSHOPS-FESTIVAL 2024"},"content":{"rendered":"<p>[et_pb_section fb_built=&#8220;1&#8243; fullwidth=&#8220;on&#8220; admin_label=&#8220;Section&#8220; _builder_version=&#8220;4.25.1&#8243; background_image=&#8220;https:\/\/swissflute.ch\/wp-content\/uploads\/2024\/06\/image-artistes-scaled.jpg&#8220; parallax=&#8220;on&#8220; parallax_method=&#8220;off&#8220; custom_padding=&#8220;0px|0px|0px|0px&#8220; global_colors_info=&#8220;{}&#8220;][et_pb_fullwidth_header title=&#8220;MEISTERKURSE \/ WORKSHOPS 2024&#8243; text_orientation=&#8220;right&#8220; header_fullscreen=&#8220;on&#8220; header_scroll_down=&#8220;on&#8220; content_max_width=&#8220;none&#8220; disabled_on=&#8220;off|off|off&#8220; admin_label=&#8220;Fullwidth Header&#8220; _builder_version=&#8220;4.25.1&#8243; background_color=&#8220;rgba(255, 255, 255, 0)&#8220; button_one_letter_spacing_hover=&#8220;0&#8243; button_two_letter_spacing_hover=&#8220;0&#8243; global_colors_info=&#8220;{}&#8220; button_one_text_size__hover_enabled=&#8220;off&#8220; button_two_text_size__hover_enabled=&#8220;off&#8220; button_one_text_color__hover_enabled=&#8220;off&#8220; button_two_text_color__hover_enabled=&#8220;off&#8220; button_one_border_width__hover_enabled=&#8220;off&#8220; button_two_border_width__hover_enabled=&#8220;off&#8220; button_one_border_color__hover_enabled=&#8220;off&#8220; button_two_border_color__hover_enabled=&#8220;off&#8220; button_one_border_radius__hover_enabled=&#8220;off&#8220; button_two_border_radius__hover_enabled=&#8220;off&#8220; button_one_letter_spacing__hover_enabled=&#8220;on&#8220; button_one_letter_spacing__hover=&#8220;0&#8243; button_two_letter_spacing__hover_enabled=&#8220;on&#8220; button_two_letter_spacing__hover=&#8220;0&#8243; button_one_bg_color__hover_enabled=&#8220;off&#8220; button_two_bg_color__hover_enabled=&#8220;off&#8220;][\/et_pb_fullwidth_header][\/et_pb_section][et_pb_section fb_built=&#8220;1&#8243; admin_label=&#8220;section&#8220; module_id=&#8220;aboutme&#8220; _builder_version=&#8220;4.16&#8243; background_color=&#8220;#fafafa&#8220; custom_padding=&#8220;0px|0px|0px|0px&#8220; transparent_background=&#8220;off&#8220; make_fullwidth=&#8220;off&#8220; use_custom_width=&#8220;off&#8220; width_unit=&#8220;off&#8220; custom_width_px=&#8220;1080px&#8220; custom_width_percent=&#8220;80%&#8220; global_colors_info=&#8220;{}&#8220;][et_pb_row column_structure=&#8220;1_2,1_2&#8243; _builder_version=&#8220;4.25.1&#8243; _module_preset=&#8220;default&#8220; global_colors_info=&#8220;{}&#8220;][et_pb_column type=&#8220;1_2&#8243; _builder_version=&#8220;4.25.1&#8243; _module_preset=&#8220;default&#8220; global_colors_info=&#8220;{}&#8220;][et_pb_button button_url=&#8220;https:\/\/goldenfluteclassic.ch\/fr\/programme&#8220; button_text=&#8220;Zum kompletten Programm der Golden Flute Classic (offizielle Seite)&#8220; button_alignment=&#8220;center&#8220; _builder_version=&#8220;4.25.1&#8243; _module_preset=&#8220;default&#8220; global_colors_info=&#8220;{}&#8220;][\/et_pb_button][\/et_pb_column][et_pb_column type=&#8220;1_2&#8243; _builder_version=&#8220;4.25.1&#8243; _module_preset=&#8220;default&#8220; global_colors_info=&#8220;{}&#8220;][et_pb_icon font_icon=&#8220;&#xe074;||divi||400&#8243; url=&#8220;https:\/\/goldenfluteclassic.ch\/fr\/programme&#8220; _builder_version=&#8220;4.25.1&#8243; _module_preset=&#8220;default&#8220; global_colors_info=&#8220;{}&#8220;][\/et_pb_icon][\/et_pb_column][\/et_pb_row][et_pb_row _builder_version=&#8220;4.25.1&#8243; _module_preset=&#8220;default&#8220; global_colors_info=&#8220;{}&#8220;][et_pb_column type=&#8220;4_4&#8243; _builder_version=&#8220;4.25.1&#8243; _module_preset=&#8220;default&#8220; global_colors_info=&#8220;{}&#8220;][et_pb_heading title=&#8220;Anmeldung: Formular unten auf der Seite&#8220; _builder_version=&#8220;4.25.1&#8243; _module_preset=&#8220;default&#8220; hover_enabled=&#8220;0&#8243; global_colors_info=&#8220;{}&#8220; sticky_enabled=&#8220;0&#8243;][\/et_pb_heading][et_pb_accordion _builder_version=&#8220;4.25.1&#8243; _module_preset=&#8220;default&#8220; hover_enabled=&#8220;0&#8243; global_colors_info=&#8220;{}&#8220; sticky_enabled=&#8220;0&#8243;][et_pb_accordion_item title=&#8220;MEISTERKURS Jasmine Choi&#8220; open=&#8220;off&#8220; _builder_version=&#8220;4.25.1&#8243; _module_preset=&#8220;default&#8220; global_colors_info=&#8220;{}&#8220;]<\/p>\n<h2>Donnerstag, 3. Oktober \u2013 09:00 \u2013 12:00 Uhr<\/h2>\n<h4>Grand-Champ Theater, Gland<\/h4>\n<p>Prof. Jasmine Choi (Korea) \u2013 internationale Supersolistin <\/p>\n<p>Studierende auf akademischem Niveau:<\/p>\n<ul>\n<li>Franz\u00f6sische DEM<\/li>\n<li>vorprofessionell<\/li>\n<li>Bachelor\/Lizenz<\/li>\n<li>Master<\/li>\n<\/ul>\n<p>Aktiver Teilnehmerpreis: 50.-<\/p>\n<p>Zuh\u00f6rer: im 1-Tages-Ticket oder 4-Tages-Abo enthalten (<a href=\"https:\/\/infomaniak.events\/shop\/M3Zg3b8ZQm\/\">Online-Ticketverkauf<\/a>)<\/p>\n<p>[\/et_pb_accordion_item][et_pb_accordion_item title=&#8220;WORKSHOP ZIRKULARATMUNG Sandrine Fran\u00e7ois&#8220; _builder_version=&#8220;4.25.1&#8243; _module_preset=&#8220;default&#8220; global_colors_info=&#8220;{}&#8220; open=&#8220;off&#8220;]<\/p>\n<h2>Donnerstag, 3. Oktober \u2013 10:00\u201311:15 Uhr<\/h2>\n<h4>Salle des Colonnes Grand-Champ, Gland<\/h4>\n<p>Prof. Sandrine Fran\u00e7ois (Frankreich), Professorin am Konservatorium Stra\u00dfburg <\/p>\n<p>Studierende auf akademischem Niveau, Jugendliche und Erwachsene mit gutem Niveau<\/p>\n<p>\u00a8Aktiver Teilnehmerpreis: 20.-<\/p>\n<p>Zuh\u00f6rer: im 1-Tages-Ticket oder 4-Tages-Abo enthalten (<a href=\"https:\/\/infomaniak.events\/shop\/M3Zg3b8ZQm\/\">Online-Ticketverkauf<\/a>)<\/p>\n<h3>Zirkularatmung Workshop<\/h3>\n<p>Demonstration, Geschichte und Arbeitsweise f\u00fcr regelm\u00e4\u00dfiges Training und schrittweises Fortschreiten.<\/p>\n<p>[\/et_pb_accordion_item][et_pb_accordion_item title=&#8220;MASTER CLASS Sophie Cherrier&#8220; _builder_version=&#8220;4.25.1&#8243; _module_preset=&#8220;default&#8220; global_colors_info=&#8220;{}&#8220; open=&#8220;off&#8220;]<\/p>\n<h2>Freitag, 4. Oktober \u2013 09:00 \u2013 12:00 Uhr<\/h2>\n<h4>Salle des Colonnes Grand-Champ, Gland<\/h4>\n<p>Prof. Sophie Cherrier (Frankreich) \u2013 gro\u00dfartige Professorin am Conservatoire National Sup\u00e9rieur de Musique et de Danse de Paris <\/p>\n<p>Studierende auf akademischem Niveau:<\/p>\n<ul>\n<li>Franz\u00f6sische DEM<\/li>\n<li>vorprofessionell<\/li>\n<li>Bachelor\/Lizenz<\/li>\n<li>Master<\/li>\n<\/ul>\n<p>Aktiver Teilnehmerpreis: 50.-<\/p>\n<p>Zuh\u00f6rer: im 1-Tages-Ticket oder 4-Tages-Abo enthalten (<a href=\"https:\/\/infomaniak.events\/shop\/M3Zg3b8ZQm\/\">Online-Ticketverkauf<\/a>)<\/p>\n<p>[\/et_pb_accordion_item][et_pb_accordion_item title=&#8220;MEISTERKURS Juliette Hurel&#8220; _builder_version=&#8220;4.25.1&#8243; _module_preset=&#8220;default&#8220; global_colors_info=&#8220;{}&#8220; open=&#8220;off&#8220;]<\/p>\n<h2>Freitag, 4. Oktober \u2013 09:00 \u2013 12:00 Uhr<\/h2>\n<h4>Grand-Champ Theater, Gland<\/h4>\n<p>Studierende auf akademischem Niveau:<\/p>\n<ul>\n<li>Franz\u00f6sische DEM<\/li>\n<li>vorprofessionell<\/li>\n<li>Bachelor\/Lizenz<\/li>\n<li>Master<\/li>\n<\/ul>\n<p>Aktiver Teilnehmerpreis: 50.-<\/p>\n<p>Zuh\u00f6rer: im 1-Tages-Ticket oder 4-Tages-Abo enthalten (<a href=\"https:\/\/infomaniak.events\/shop\/M3Zg3b8ZQm\/\">Online-Ticketverkauf<\/a>)<\/p>\n<p>[\/et_pb_accordion_item][et_pb_accordion_item title=&#8220;BASSFL\u00d6TEN-WORKSHOP Carla Rees&#8220; _builder_version=&#8220;4.25.1&#8243; _module_preset=&#8220;default&#8220; global_colors_info=&#8220;{}&#8220; open=&#8220;off&#8220;]<\/p>\n<h2>Freitag, 4. Oktober \u2013 09:00\u201310:30 Uhr<\/h2>\n<h4>Foyer sup\u00e9rieur Grand-Champ, Gland<\/h4>\n<p>Dr. Prof. Carla Rees (England) \u2013 Professorin der Royal Academy of Music  <\/p>\n<p>Studierende auf akademischem Niveau, Jugendliche und Erwachsene mit gutem Niveau<\/p>\n<p>\u00a8Aktiver Teilnehmerpreis: 20.-<\/p>\n<p>Zuh\u00f6rer: im 1-Tages-Ticket oder 4-Tages-Abo enthalten (<a href=\"https:\/\/infomaniak.events\/shop\/M3Zg3b8ZQm\/\">Online-Ticketverkauf<\/a>)<\/p>\n<h3>Workshop<\/h3>\n<p>In dieser Sitzung gibt Carla Rees Tipps, wie Sie das Beste aus der Bassfl\u00f6te herausholen k\u00f6nnen, wobei der Schwerpunkt darauf liegt, wie Sie die C-Fl\u00f6tentechnik so anpassen, dass sie sich dem Klang einer Bassfl\u00f6te ann\u00e4hert unverwechselbar. Zu den behandelten Themen geh\u00f6ren Instrumentenaufbau, Handhaltung und -positionen, Atmung, Klangerzeugung und Luftstrom, alternative Fingers\u00e4tze und Repertoirerecherche. Es wird gen\u00fcgend M\u00f6glichkeiten geben, Fragen zu stellen und Dinge auszuprobieren. <\/p>\n<p>[\/et_pb_accordion_item][et_pb_accordion_item title=&#8220;WORKSHOP %22HACKEN SIE IHR GEHIRN F\u00dcR DIE B\u00dcHNE%22 Shanna Pranaitis&#8220; _builder_version=&#8220;4.25.1&#8243; _module_preset=&#8220;default&#8220; global_colors_info=&#8220;{}&#8220; open=&#8220;off&#8220;]<\/p>\n<h2>Freitag, 4. Oktober \u2013 11:15\u201312:30 Uhr<\/h2>\n<h4>Foyer sup\u00e9rieur Grand-Champ, Gland<\/h4>\n<p>Shanna Pranaitis (USA) \u2013 diplomierte Fl\u00f6tistin der ZHdK (Z\u00fcrich) und Pers\u00f6nlichkeitsentwicklungscoach<\/p>\n<p>Studierende auf akademischem Niveau, Jugendliche und Erwachsene mit gutem Niveau<\/p>\n<p>\u00a8Aktiver Teilnehmerpreis: 20.-<\/p>\n<p>Zuh\u00f6rer: im 1-Tages-Ticket oder 4-Tages-Abo enthalten (<a href=\"https:\/\/infomaniak.events\/shop\/M3Zg3b8ZQm\/\">Online-Ticketverkauf<\/a>)<\/p>\n<h3>Workshop<\/h3>\n<p>\u201eWas w\u00e4re, wenn ich dir sagen w\u00fcrde, dass es eine M\u00f6glichkeit gibt, dein eigenes Gehirn zu hacken? Ihr Betriebssystem (Ihr Unterbewusstsein), um produktiver zu \u00fcben und sich auf der B\u00fchne wohler zu f\u00fchlen? Stellen Sie sich nun vor, Sie k\u00f6nnten dies in weniger als 60 Sekunden erreichen. Stimmt, das w\u00e4re unglaublich.\u201c  <\/p>\n<p>Entdecken Sie mit der zertifizierten Integrative Change Work Coach Shanna Pranaitis das zugrunde liegende Muster, wie sich Ihr Gehirn entwickelt, und wie Sie dieses Wissen in Ihren \u00dcbungseinheiten und Auftritten nutzen k\u00f6nnen. Sie lernen evidenzbasierte Konzepte sowie spezifische Methoden und Werkzeuge f\u00fcr selbstgesteuerte Neuroplastizit\u00e4t kennen, die es Ihnen erm\u00f6glichen, Ihr Gehirn dauerhaft neu zu programmieren, um Angstgef\u00fchle und Selbstzweifel zu reduzieren. Sie erfahren auch, wie Sie steigern k\u00f6nnen Die Effektivit\u00e4t Ihrer Trainingseinheiten ist spektakul\u00e4r, sodass Sie sich bei jeder Sitzung gut f\u00fchlen. Au\u00dferdem haben Sie die M\u00f6glichkeit, Entspannungs- und Visualisierungstechniken zu erlernen.   <\/p>\n<p>[\/et_pb_accordion_item][et_pb_accordion_item title=&#8220;TEILNAHME AM KONZERT IRISCHE MUSIK Doolin&#8220; _builder_version=&#8220;4.25.1&#8243; _module_preset=&#8220;default&#8220; global_colors_info=&#8220;{}&#8220; open=&#8220;off&#8220;]<\/p>\n<h2>Teilnahme am Doolin-Gruppenkonzert<\/h2>\n<h3>Freitag, 4. Oktober<\/h3>\n<p>Doolin (Schweiz) \u2013 Irische Musikgruppe (Myrthe Rozeboom, Fl\u00f6te)<\/p>\n<h3>robe 19:30-20:00 Uhr<\/h3>\n<h3>Konzert 21:30<\/h3>\n<h3>Foyer inf\u00e9rieur Grand-Champ, Gland<\/h3>\n<p>Kinder und Jugendliche aller Niveaus<\/p>\n<p>Aktiver Teilnehmerpreis: kostenlos<\/p>\n<p>Zuh\u00f6rer: im 1-Tages-Ticket oder 4-Tages-Abo enthalten (<a href=\"https:\/\/infomaniak.events\/shop\/M3Zg3b8ZQm\/\">Online-Ticketverkauf<\/a>)<\/p>\n<p>[\/et_pb_accordion_item][et_pb_accordion_item title=&#8220;FL\u00d6TENORCHESTER-WORKSHOP Mauricio Lozano&#8220; _builder_version=&#8220;4.25.1&#8243; _module_preset=&#8220;default&#8220; global_colors_info=&#8220;{}&#8220; open=&#8220;off&#8220;]<\/p>\n<h2>Samstag, 5. Oktober \u2013 09:00\u201310:00 Uhr<\/h2>\n<h2>Sonntag, 6. Oktober \u2013 09:00\u201310:00 Uhr<\/h2>\n<p>Prof. Mauricio Lozano (Frankreich, Kolumbien) \u2013 Professor und Direktor des Vence Conservatory (F) <\/p>\n<h2>Konzerte<\/h2>\n<h2>Sonntag, 6. Oktober \u2013 11:30 und 15:30 Uhr<\/h2>\n<h4>Grand-Champ, Gland<\/h4>\n<p>Repertoire: Lord of the Dance<\/p>\n<p>Studierende auf akademischem Niveau, Jugendliche und Erwachsene mit gutem Niveau<\/p>\n<p>Aktiver Teilnehmerpreis: 10.-<\/p>\n<p>Zuh\u00f6rer: im 1-Tages-Ticket oder 4-Tages-Abo enthalten (<a href=\"https:\/\/infomaniak.events\/shop\/M3Zg3b8ZQm\/\">Online-Ticketverkauf<\/a>)<\/p>\n<h3>Workshop<\/h3>\n<p>In zwei Proben am Samstag- und Sonntagvormittag werden die Teilnehmer das St\u00fcck \u201eLord of the Dance\u201c auff\u00fchren, das im Rahmen der Siegerehrung des Fl\u00fbte Gam(m)es-Wettbewerbs am Sonntag, den 6., aufgef\u00fchrt wird Oktober um 11:30 Uhr, sowie w\u00e4hrend der Carte blanche zu den Winterg\u00e4rten am Sonntag, 6. Oktober, um 15:30 Uhr.<\/p>\n<p>[\/et_pb_accordion_item][et_pb_accordion_item title=&#8220;ATELIER F\u00dcR HISTORICHE FL\u00d6TEN Sarah van Cornewal&#8220; _builder_version=&#8220;4.25.1&#8243; _module_preset=&#8220;default&#8220; hover_enabled=&#8220;0&#8243; global_colors_info=&#8220;{}&#8220; open=&#8220;on&#8220; sticky_enabled=&#8220;0&#8243;]<\/p>\n<h2>Samstag, 5. Oktober \u2013 15:00-15:45 Uhr<\/h2>\n<p>Prof. Sarah van Cornewal (Schweiz) \u2013 Professorin am Conservatoire Populaire de Musique et de Danse de Gen\u00e8ve<\/p>\n<h2>Konzert<\/h2>\n<h2>Samstag, 5. Oktober \u2013 17:45 Uhr<\/h2>\n<h4>Foyer sup\u00e9rieur Grand-Champ, Gland<\/h4>\n<p>Studierende auf akademischem Niveau, Jugendliche und Erwachsene mit gutem Niveau<\/p>\n<p>\u00a8Aktiver Teilnehmerpreis: 20.-<\/p>\n<p>Mitwirkung auf Traverso 430 oder auf moderner Querfl\u00f6te Ihrer Wahl.<\/p>\n<p>Zuh\u00f6rer: im 1-Tages-Ticket oder 4-Tages-Abo enthalten (<a href=\"https:\/\/infomaniak.events\/shop\/M3Zg3b8ZQm\/\">Online-Ticketverkauf<\/a>)<\/p>\n<h3>Workshop<\/h3>\n<p>Entdecken Sie historische Fl\u00f6ten f\u00fcr einen ersten Kontakt mit der vorklassischen und klassischen Traversfl\u00f6te und ihrer Spieltechnik. Teilnahme mit einer vor Ort ausgeliehenen modernen Fl\u00f6te oder einem historischen Instrument in der Tonh\u00f6he 430 &#8211; Teilnahme am Samstags-Encyclop\u00e9die-Konzert<\/p>\n<p>um 17:45 Uhr<\/p>\n<p>[\/et_pb_accordion_item][et_pb_accordion_item title=&#8220;TANZFL\u00d6TEN-WORKSHOP Carole Reuge&#8220; _builder_version=&#8220;4.25.1&#8243; _module_preset=&#8220;default&#8220; global_colors_info=&#8220;{}&#8220; open=&#8220;off&#8220;]<\/p>\n<h2>Sonntag, 6. Oktober \u2013 10:15\u201311:00 Uhr<\/h2>\n<p>Prof. Carole Reuge (Schweiz) \u2013 Professorin am Konservatorium Vence (Frankreich) und Professorin\/Direktorin von Atelier F (Gland, Schweiz) <\/p>\n<h2>Konzerte:<\/h2>\n<h2>Sonntag, 6. Oktober \u2013 11:30 und 15:30 Uhr<\/h2>\n<h4>Salle des Colonnes, Grand-Champ, Gland<\/h4>\n<p>Repertoire: Drowsy Maggie \u2013 Aufbau einer Choreografie<\/p>\n<p>Teilnehmer: Kinder zwischen 6 und 14 Jahren<\/p>\n<p>Aktiver Teilnehmerpreis: 10.-<\/p>\n<p>Zuh\u00f6rer: im 1-Tages-Ticket oder 4-Tages-Abo enthalten (<a href=\"https:\/\/infomaniak.events\/shop\/M3Zg3b8ZQm\/\">Online-Ticketverkauf<\/a>)<\/p>\n<h3>Workshop<\/h3>\n<p>Die am Fl\u00fbte Gam(m)es-Wettbewerb teilnehmenden Kinder haben das irische Musikst\u00fcck \u201eDrowsy Maggie\u201c auswendig vorbereitet. W\u00e4hrend dieses Workshops wurde das St\u00fcck choreografiert mit dem Ziel, es bei der Preisverleihung des Wettbewerbs und dem \u201eCarte blanche aux \u00e9coles de musique\u201c-Konzert aufzuf\u00fchren.Les enfants participant au concours Fl\u00fbte Gam(m)es ont pr\u00e9par\u00e9 par c\u0153ur la pi\u00e8ce de musique irlandaise \u201cDrowsy Maggie\u201d. Lors de cet atelier, la pi\u00e8ce est mont\u00e9e en chor\u00e9graphie dans le but de la jouer au cours de la remise des prix du concours et du concert &#8222;Carte blanche aux \u00e9coles de musique&#8220;. <\/p>\n<p>[\/et_pb_accordion_item][\/et_pb_accordion][\/et_pb_column][\/et_pb_row][et_pb_row use_custom_gutter=&#8220;on&#8220; gutter_width=&#8220;1&#8243; admin_label=&#8220;row&#8220; _builder_version=&#8220;4.16&#8243; background_size=&#8220;initial&#8220; background_position=&#8220;top_left&#8220; background_repeat=&#8220;repeat&#8220; custom_margin_tablet=&#8220;&#8220; custom_margin_phone=&#8220;&#8220; custom_margin_last_edited=&#8220;on|desktop&#8220; custom_padding=&#8220;100px|0px|31px|0px||&#8220; make_fullwidth=&#8220;off&#8220; use_custom_width=&#8220;on&#8220; width_unit=&#8220;on&#8220; custom_width_px=&#8220;1080px&#8220; custom_width_percent=&#8220;41%&#8220; global_colors_info=&#8220;{}&#8220;][et_pb_column type=&#8220;4_4&#8243; _builder_version=&#8220;4.16&#8243; custom_padding=&#8220;|||&#8220; global_colors_info=&#8220;{}&#8220; custom_padding__hover=&#8220;|||&#8220;][et_pb_text disabled_on=&#8220;off|off|off&#8220; admin_label=&#8220;Text&#8220; _builder_version=&#8220;4.25.1&#8243; text_line_height=&#8220;2em&#8220; background_size=&#8220;initial&#8220; background_position=&#8220;top_left&#8220; background_repeat=&#8220;repeat&#8220; custom_margin=&#8220;50px|100px||50px&#8220; custom_margin_tablet=&#8220;&#8220; custom_margin_phone=&#8220;50px|20px||20px&#8220; custom_margin_last_edited=&#8220;on|phone&#8220; use_border_color=&#8220;off&#8220; border_style=&#8220;solid&#8220; global_colors_info=&#8220;{}&#8220;]<\/p>\n\n<p>[\/et_pb_text][\/et_pb_column][\/et_pb_row][\/et_pb_section]<\/p>\n","protected":false},"excerpt":{"rendered":"<p>Donnerstag, 3. Oktober \u2013 09:00 \u2013 12:00 Uhr Grand-Champ Theater, Gland Prof. Jasmine Choi (Korea) \u2013 internationale Supersolistin Studierende auf akademischem Niveau: Franz\u00f6sische DEM vorprofessionell Bachelor\/Lizenz Master Aktiver Teilnehmerpreis: 50.- [&hellip;]<\/p>\n","protected":false},"author":1,"featured_media":0,"parent":0,"menu_order":0,"comment_status":"closed","ping_status":"closed","template":"","meta":{"_et_pb_use_builder":"on","_et_pb_old_content":"","_et_gb_content_width":"","_price":"","_stock":"","_tribe_ticket_header":"","_tribe_default_ticket_provider":"","_tribe_ticket_capacity":"0","_ticket_start_date":"","_ticket_end_date":"","_tribe_ticket_show_description":"","_tribe_ticket_show_not_going":false,"_tribe_ticket_use_global_stock":"","_tribe_ticket_global_stock_level":"","_global_stock_mode":"","_global_stock_cap":"","_tribe_rsvp_for_event":"","_tribe_ticket_going_count":"","_tribe_ticket_not_going_count":"","_tribe_tickets_list":"[]","_tribe_ticket_has_attendee_info_fields":false,"footnotes":"","_tec_slr_enabled":"","_tec_slr_layout":""},"class_list":["post-1997","page","type-page","status-publish","hentry"],"ticketed":false,"_links":{"self":[{"href":"https:\/\/swissflute.ch\/de\/wp-json\/wp\/v2\/pages\/1997","targetHints":{"allow":["GET"]}}],"collection":[{"href":"https:\/\/swissflute.ch\/de\/wp-json\/wp\/v2\/pages"}],"about":[{"href":"https:\/\/swissflute.ch\/de\/wp-json\/wp\/v2\/types\/page"}],"author":[{"embeddable":true,"href":"https:\/\/swissflute.ch\/de\/wp-json\/wp\/v2\/users\/1"}],"replies":[{"embeddable":true,"href":"https:\/\/swissflute.ch\/de\/wp-json\/wp\/v2\/comments?post=1997"}],"version-history":[{"count":9,"href":"https:\/\/swissflute.ch\/de\/wp-json\/wp\/v2\/pages\/1997\/revisions"}],"predecessor-version":[{"id":2049,"href":"https:\/\/swissflute.ch\/de\/wp-json\/wp\/v2\/pages\/1997\/revisions\/2049"}],"wp:attachment":[{"href":"https:\/\/swissflute.ch\/de\/wp-json\/wp\/v2\/media?parent=1997"}],"curies":[{"name":"wp","href":"https:\/\/api.w.org\/{rel}","templated":true}]}}